{"id":8977,"date":"2015-07-06T08:26:09","date_gmt":"2015-07-06T08:26:09","guid":{"rendered":"http:\/\/move.forward.si\/dev\/o-nas\/"},"modified":"2023-02-14T13:12:12","modified_gmt":"2023-02-14T13:12:12","slug":"su-di-noi","status":"publish","type":"page","link":"https:\/\/www.penzion-berc.si\/it\/su-di-noi\/","title":{"rendered":"Su Di Noi"},"content":{"rendered":"<div id=\"pl-8977\"  class=\"panel-layout\" ><div id=\"pg-8977-0\"  class=\"panel-grid panel-no-style\" ><div id=\"pgc-8977-0-0\"  class=\"panel-grid-cell\" ><div id=\"panel-8977-0-0-0\" class=\"so-panel widget widget_heading panel-first-child panel-last-child\" data-index=\"0\" ><div class=\"thim-widget-heading thim-widget-heading-base template-style_new\"><div class=\"style_new sc-heading article_heading \"><div class=\"content-heading\"><div class=\"small-heading\">Pensione Berc Bled<\/div><h2 class=\"heading__primary\">Una tradizione centennale, incisa in ogni pietra<\/h2><div class=\"description-heading\"><p>La pensione Berc \u00e8 molto pi\u00f9 che un offerente di alloggi e di buona cucina. La nostra storia infatti \u00e8 cresciuta e si \u00e8 sviluppata sulle basi di una tradizione pi\u00f9 che centennale, che inizia nel 1908, quando il nostro bisnonno Jo\u017eef Berc \u00e8 divenuto proprietario del podere. L\u2019odierno esterno imponente della pensione conserva ancora il filo rosso dell\u2019architettura di un tempo e ricorda la strada percorsa dai nostri predecessori.<\/p><\/div><\/div><div class=\"background-heading\">su di noi<\/div><\/div><\/div><\/div><\/div><\/div><div id=\"pg-8977-1\"  class=\"panel-grid panel-has-style\" ><div class=\"panel-row-style panel-row-style-for-8977-1\" ><div id=\"pgc-8977-1-0\"  class=\"panel-grid-cell\" ><div id=\"panel-8977-1-0-0\" class=\"so-panel widget widget_box panel-first-child panel-last-child\" data-index=\"1\" ><div class=\"two-images-with-background panel-widget-style panel-widget-style-for-8977-1-0-0\" ><div class=\"thim-widget-box thim-widget-box-base template-base\"><div class=\"box_image style_1\">\n\t\t<div class=\"image\">\n\t\t<div class=\"row\">\n\t\t\t<div class=\"image-left col-md-6 col-sm-6\">\n\t\t\t\t<img src =\"https:\/\/www.penzion-berc.si\/wp-content\/uploads\/2018\/11\/o-nas-002.jpg\" width=\"533\" height=\"800\" alt= \"Su Di Noi\" \/>\t\t\t<\/div>\n\t\t\t<div class=\"image-right col-md-6 col-sm-6\">\n\t\t\t\t<img src =\"https:\/\/www.penzion-berc.si\/wp-content\/uploads\/2018\/11\/o-nas-001.jpg\" width=\"533\" height=\"800\" alt= \"Su Di Noi\" \/>\t\t\t<\/div>\n\t\t<\/div>\n\t<\/div>\n\t<div class=\"image_background\">\n\t\t<img src =\"https:\/\/www.penzion-berc.si\/wp-content\/uploads\/2018\/07\/background.png\" width=\"346\" height=\"579\" alt= \"Su Di Noi\" \/>\t<\/div>\n\t<\/div>\n\n<\/div><\/div><\/div><\/div><div id=\"pgc-8977-1-1\"  class=\"panel-grid-cell\" ><div class=\"panel-cell-style panel-cell-style-for-8977-1-1\" ><div id=\"panel-8977-1-1-0\" class=\"so-panel widget widget_sow-editor panel-first-child\" data-index=\"2\" ><div\n\t\t\t\n\t\t\tclass=\"so-widget-sow-editor so-widget-sow-editor-base\"\n\t\t\t\n\t\t>\n<div class=\"siteorigin-widget-tinymce textwidget\">\n\t<div id=\"content-container\">\n<div class=\"shadow\">\n<section id=\"content\" class=\"o-nas content\">\n<div id=\"content-main\">\n<article id=\"main\" class=\"o-nas\">\n<div class=\"main\">\n<h3>Dalla fattoria alla pensione pi\u00f9 moderna in Jugoslavia<\/h3>\n<p class=\"p1\"><span class=\"s1\">Il momento cruciale per lo sviluppo della pensione odierna risale al 1954, quando Ludvik e Rozalija hanno deciso di porre fine all\u2019attivit\u00e0 agricola e di intraprendere la strada del turismo, piena di sfide. La strada non era semplice, ma ne \u00e8 valsa la pena. La coronazione del successo risale agli inizi degli anni 70, quando Ludvik ml. e Milena Berc hanno preso la fattoria sotto la loro tutela modificandola nella pensione pi\u00f9 moderna dell\u2019ex Jugoslavia.<\/span><\/p>\n<\/div>\n<\/article>\n<div class=\"cf\"><\/div>\n<\/div>\n<\/section>\n<\/div>\n<\/div>\n<\/div>\n<\/div><\/div><div id=\"panel-8977-1-1-1\" class=\"so-panel widget widget_sow-button panel-last-child\" data-index=\"3\" ><div\n\t\t\t\n\t\t\tclass=\"so-widget-sow-button so-widget-sow-button-flat-d5b1fcccb412-8977\"\n\t\t\t\n\t\t><div class=\"ow-button-base ow-button-align-left\"\n>\n\t\t\t<a\n\t\t\t\t\thref=\"#zgodovina-penzion-berc\"\n\t\t\t\t\tclass=\"scroll-anchor sowb-button ow-icon-placement-right ow-button-hover\" \t>\n\t\t<span>\n\t\t\t<span class=\"sow-icon-fontawesome sow-fas\" data-sow-icon=\"&#xf107;\"\n\t\tstyle=\"color: #ffffff\" \n\t\taria-hidden=\"true\"><\/span>\n\t\t\tSulla nostra storia\t\t<\/span>\n\t\t\t<\/a>\n\t<\/div>\n<\/div><\/div><\/div><\/div><\/div><\/div><div id=\"pg-8977-2\"  class=\"panel-grid panel-has-style\" ><div id=\"email\" class=\"panel-row-style panel-row-style-for-8977-2\" ><div id=\"pgc-8977-2-0\"  class=\"panel-grid-cell\" ><div id=\"panel-8977-2-0-0\" class=\"so-panel widget widget_heading panel-first-child\" data-index=\"4\" ><div class=\"thim-widget-heading thim-widget-heading-base template-style_new\"><div class=\"style_new sc-heading article_heading \"><div class=\"content-heading\"><div class=\"small-heading\">Pensione Berc Bled<\/div><h2 class=\"heading__primary\">Ottieni l'accesso a offerte esclusive<\/h2><div class=\"description-heading\"><p>Unisciti al nostro programma fedelt\u00e0: approfitta delle offerte esclusive e accedi a prezzi speciali per i nostri membri. Unisciti oggi!<\/p><\/div><\/div><div class=\"background-heading\">exlusive<\/div><\/div><\/div><\/div><div id=\"panel-8977-2-0-1\" class=\"widget_text so-panel widget widget_custom_html panel-last-child\" data-index=\"5\" ><div class=\"textwidget custom-html-widget\"><script src=\"\/\/web.webformscr.com\/apps\/fc3\/build\/loader.js\" async sp-form-id=\"11816c003705a03e80f2c5eabb3e9dbe7e90ea22729b4cfba017a8aaffca06b1\"><\/script><\/div><\/div><\/div><\/div><\/div><div id=\"pg-8977-3\"  class=\"panel-grid panel-has-style\" ><div class=\"so-parallax siteorigin-panels-stretch thim-fix-stretched panel-row-style panel-row-style-for-8977-3\" data-stretch-type=\"full-stretched\" ><img fetchpriority=\"high\" decoding=\"async\" width=\"1620\" height=\"1080\" src=\"https:\/\/www.penzion-berc.si\/wp-content\/uploads\/2018\/11\/detajl-001.jpg\" class=\"attachment-full size-full\" alt=\"Penzion Berc Bled kontakt\" data-siteorigin-parallax=\"true\" loading=\"eager\" srcset=\"https:\/\/www.penzion-berc.si\/wp-content\/uploads\/2018\/11\/detajl-001.jpg 1620w, https:\/\/www.penzion-berc.si\/wp-content\/uploads\/2018\/11\/detajl-001-300x200.jpg 300w, https:\/\/www.penzion-berc.si\/wp-content\/uploads\/2018\/11\/detajl-001-768x512.jpg 768w, https:\/\/www.penzion-berc.si\/wp-content\/uploads\/2018\/11\/detajl-001-1024x683.jpg 1024w, https:\/\/www.penzion-berc.si\/wp-content\/uploads\/2018\/11\/detajl-001-272x182.jpg 272w\" sizes=\"(max-width: 1620px) 100vw, 1620px\" \/><div id=\"pgc-8977-3-0\"  class=\"panel-grid-cell\" ><div class=\"panel-cell-style panel-cell-style-for-8977-3-0\" ><div id=\"panel-8977-3-0-0\" class=\"so-panel widget widget_heading panel-first-child\" data-index=\"6\" ><div class=\"small-padding panel-widget-style panel-widget-style-for-8977-3-0-0\" ><div class=\"thim-widget-heading thim-widget-heading-base template-base\"><div class=\"sc-heading article_heading wrapper-line-heading\"><h2 style=\"color:#ffffff;\" class=\"heading__primary\">Contattaci<\/h2><span class=\"line-heading\"><span><\/span><\/span><\/div><\/div><\/div><\/div><div id=\"panel-8977-3-0-1\" class=\"widget_text so-panel widget widget_custom_html panel-last-child\" data-index=\"7\" ><div class=\"textwidget custom-html-widget\">\n<div class=\"wpcf7 no-js\" id=\"wpcf7-f13081-o1\" lang=\"en-US\" dir=\"ltr\" data-wpcf7-id=\"13081\">\n<div class=\"screen-reader-response\"><p role=\"status\" aria-live=\"polite\" aria-atomic=\"true\"><\/p> <ul><\/ul><\/div>\n<form action=\"\/it\/wp-json\/wp\/v2\/pages\/8977#wpcf7-f13081-o1\" method=\"post\" class=\"wpcf7-form init\" aria-label=\"Contact form\" novalidate=\"novalidate\" data-status=\"init\">\n<fieldset class=\"hidden-fields-container\"><input type=\"hidden\" name=\"_wpcf7\" value=\"13081\" \/><input type=\"hidden\" name=\"_wpcf7_version\" value=\"6.1.5\" \/><input type=\"hidden\" name=\"_wpcf7_locale\" value=\"en_US\" \/><input type=\"hidden\" name=\"_wpcf7_unit_tag\" value=\"wpcf7-f13081-o1\" \/><input type=\"hidden\" name=\"_wpcf7_container_post\" value=\"0\" \/><input type=\"hidden\" name=\"_wpcf7_posted_data_hash\" value=\"\" \/>\n<\/fieldset>\n<div class=\"row\">\n\t<div class=\"col-sm-6\">\n\t\t<p><span class=\"wpcf7-form-control-wrap\" data-name=\"your-name\"><input size=\"40\" maxlength=\"400\" class=\"wpcf7-form-control wpcf7-text wpcf7-validates-as-required\" aria-required=\"true\" aria-invalid=\"false\" placeholder=\"Il tuo nome *\" value=\"\" type=\"text\" name=\"your-name\" \/><\/span>\n\t\t<\/p>\n\t<\/div>\n\t<div class=\"col-sm-6\">\n\t\t<p><span class=\"wpcf7-form-control-wrap\" data-name=\"your-email\"><input size=\"40\" maxlength=\"400\" class=\"wpcf7-form-control wpcf7-email wpcf7-validates-as-required wpcf7-text wpcf7-validates-as-email\" aria-required=\"true\" aria-invalid=\"false\" placeholder=\"Indirizzo email *\" value=\"\" type=\"email\" name=\"your-email\" \/><\/span>\n\t\t<\/p>\n\t<\/div>\n<\/div>\n<div class=\"row\">\n\t<div class=\"col-sm-12\">\n\t\t<p><span class=\"wpcf7-form-control-wrap\" data-name=\"your-subject\"><input size=\"40\" maxlength=\"400\" class=\"wpcf7-form-control wpcf7-text wpcf7-validates-as-required\" aria-required=\"true\" aria-invalid=\"false\" placeholder=\"Soggetto *\" value=\"\" type=\"text\" name=\"your-subject\" \/><\/span>\n\t\t<\/p>\n\t<\/div>\n<\/div>\n<div class=\"row\">\n\t<div class=\"col-sm-12\">\n\t\t<p><span class=\"wpcf7-form-control-wrap\" data-name=\"your-message\"><textarea cols=\"40\" rows=\"10\" maxlength=\"2000\" class=\"wpcf7-form-control wpcf7-textarea wpcf7-validates-as-required\" aria-required=\"true\" aria-invalid=\"false\" placeholder=\"Messaggio *\" name=\"your-message\"><\/textarea><\/span>\n\t\t<\/p>\n\t<\/div>\n<\/div>\n<p><input class=\"wpcf7-form-control wpcf7-submit has-spinner\" type=\"submit\" value=\"Inviare\" \/>\n<\/p><p style=\"display: none !important;\" class=\"akismet-fields-container\" data-prefix=\"_wpcf7_ak_\"><label>&#916;<textarea name=\"_wpcf7_ak_hp_textarea\" cols=\"45\" rows=\"8\" maxlength=\"100\"><\/textarea><\/label><input type=\"hidden\" id=\"ak_js_1\" name=\"_wpcf7_ak_js\" value=\"231\"\/><script type=\"text\/javascript\">\n\/* <![CDATA[ *\/\ndocument.getElementById( \"ak_js_1\" ).setAttribute( \"value\", ( new Date() ).getTime() );\n\/* ]]> *\/\n<\/script>\n<\/p><div class=\"wpcf7-response-output\" aria-hidden=\"true\"><\/div>\n<\/form>\n<\/div>\n<\/div><\/div><\/div><\/div><\/div><\/div><div id=\"pg-8977-4\"  class=\"panel-grid panel-has-style\" ><div id=\"zgodovina-penzion-berc\" class=\"panel-row-style panel-row-style-for-8977-4\" ><div id=\"pgc-8977-4-0\"  class=\"panel-grid-cell\" ><div id=\"panel-8977-4-0-0\" class=\"so-panel widget widget_heading panel-first-child panel-last-child\" data-index=\"8\" ><div class=\"thim-widget-heading thim-widget-heading-base template-style_new\"><div class=\"style_new sc-heading article_heading \"><div class=\"content-heading\"><div class=\"small-heading\">Pensione Berc Bled<\/div><h2 class=\"heading__primary\">La nostra storia<\/h2><div class=\"description-heading\"><p><\/p><\/div><\/div><div class=\"background-heading\">storia<\/div><\/div><\/div><\/div><\/div><\/div><\/div><div id=\"pg-8977-5\"  class=\"panel-grid panel-no-style\" ><div id=\"pgc-8977-5-0\"  class=\"panel-grid-cell\" ><div id=\"panel-8977-5-0-0\" class=\"widget_text so-panel widget widget_custom_html panel-first-child panel-last-child\" data-index=\"9\" ><div class=\"textwidget custom-html-widget\"><\/div><\/div><\/div><div id=\"pgc-8977-5-1\"  class=\"panel-grid-cell\" ><div class=\"panel-cell-style panel-cell-style-for-8977-5-1\" ><div id=\"panel-8977-5-1-0\" class=\"so-panel widget widget_sow-editor panel-first-child panel-last-child\" data-index=\"10\" ><div\n\t\t\t\n\t\t\tclass=\"so-widget-sow-editor so-widget-sow-editor-base\"\n\t\t\t\n\t\t>\n<div class=\"siteorigin-widget-tinymce textwidget\">\n\t<p class=\"p1\"><em><span class=\"s1\">\"Il punto di forza della terza generazione, che continua la storia di successo della Pensione Berc, \u00e8 la familiarit\u00e0, grazie alla quale gli ospiti tornano con piacere da noi, inoltre andiamo al passo con i tempi nel rinnovo dei locali e nell\u2019offerta della cucina di alto livello<\/span><span class=\"s1\">.\"\u00a0<\/span><\/em><span class=\"s1\"> - Miha Berc<\/span><\/p>\n<p>&nbsp;<\/p>\n<p>Oggi la fattoria \u00e8 modificata in un carino boutique hotel diretto gi\u00e0 dalla <strong>terza generazione della famiglia<\/strong>. Rispettiamo e siamo devoti alla tradizione, per cui ad ogni passo si sente un\u2019atmosfera calma e familiare, ma al contempo seguiamo i <strong>trend moderni nel campo degli<\/strong> interni e degli esterni nonch\u00e9 della culinaria di alto livello.<\/p>\n<\/div>\n<\/div><\/div><\/div><\/div><\/div><div id=\"pg-8977-6\"  class=\"panel-grid panel-has-style\" ><div class=\"panel-row-style panel-row-style-for-8977-6\" ><div id=\"pgc-8977-6-0\"  class=\"panel-grid-cell\" ><div id=\"panel-8977-6-0-0\" class=\"so-panel widget widget_sow-editor panel-first-child panel-last-child\" data-index=\"11\" ><div\n\t\t\t\n\t\t\tclass=\"so-widget-sow-editor so-widget-sow-editor-base\"\n\t\t\t\n\t\t>\n<div class=\"siteorigin-widget-tinymce textwidget\">\n\t<h3 class=\"p1\"><span class=\"s1\">Nel cuore di Bled<\/span><\/h3>\n<p class=\"p3\"><span class=\"s1\">La pensione si trova in una localit\u00e0 calma in mezzo al paesaggio dinamico di Bled, che all\u2019est si innalza nelle imponenti Alpi Giulie. Il centro della citt\u00e0 di Bled, una delle localit\u00e0 turistiche pi\u00f9 belle e pi\u00f9 antiche in Slovenia, dista <strong>solo tre minuti di cammino<\/strong> \u2013 alla stessa distanza si trova il lago di Bled.<\/span><\/p>\n<\/div>\n<\/div><\/div><\/div><div id=\"pgc-8977-6-1\"  class=\"panel-grid-cell\" ><div class=\"panel-cell-style panel-cell-style-for-8977-6-1\" ><div id=\"panel-8977-6-1-0\" class=\"widget_text so-panel widget widget_custom_html panel-first-child panel-last-child\" data-index=\"12\" ><div class=\"textwidget custom-html-widget\"><\/div><\/div><\/div><\/div><\/div><\/div><\/div>","protected":false},"excerpt":{"rendered":"<p>Dalla fattoria alla pensione pi\u00f9 moderna in Jugoslavia Il momento cruciale per lo sviluppo della pensione odierna risale al 1954, quando Ludvik e Rozalija hanno deciso di porre fine all\u2019attivit\u00e0 agricola e di intraprendere la strada del turismo, piena di sfide. La strada non era semplice, ma ne \u00e8 valsa la pena. La coronazione del [&hellip;]<\/p>\n","protected":false},"author":1,"featured_media":0,"parent":0,"menu_order":0,"comment_status":"closed","ping_status":"closed","template":"","meta":{"footnotes":""},"class_list":["post-8977","page","type-page","status-publish","hentry"],"yoast_head":"<!-- This site is optimized with the Yoast SEO plugin v27.5 - https:\/\/yoast.com\/product\/yoast-seo-wordpress\/ -->\n<title>Su Di Noi - Pensione Berc, Bled, Slovenia<\/title>\n<meta name=\"description\" content=\"Chi siamo Contattaci Pensione Berc. Oltre 100 anni di tradizione, incastonati in ogni pietra. Dalla fattoria alla pensione d&#039;avanguardia in Jugoslavia\" \/>\n<meta name=\"robots\" content=\"index, follow, max-snippet:-1, max-image-preview:large, max-video-preview:-1\" \/>\n<link rel=\"canonical\" href=\"https:\/\/www.penzion-berc.si\/it\/su-di-noi\/\" \/>\n<meta property=\"og:locale\" content=\"it_IT\" \/>\n<meta property=\"og:type\" content=\"article\" \/>\n<meta property=\"og:title\" content=\"Su Di Noi - Pensione Berc, Bled, Slovenia\" \/>\n<meta property=\"og:description\" content=\"Chi siamo Contattaci Pensione Berc. Oltre 100 anni di tradizione, incastonati in ogni pietra. Dalla fattoria alla pensione d&#039;avanguardia in Jugoslavia\" \/>\n<meta property=\"og:url\" content=\"https:\/\/www.penzion-berc.si\/it\/su-di-noi\/\" \/>\n<meta property=\"og:site_name\" content=\"Pensione Berc, Bled, Slovenia | Sito Ufficiale - Prezzo pi\u00f9 basso garantito\" \/>\n<meta property=\"article:publisher\" content=\"https:\/\/www.facebook.com\/PenzionBerc\/\" \/>\n<meta property=\"article:modified_time\" content=\"2023-02-14T13:12:12+00:00\" \/>\n<meta property=\"og:image\" content=\"https:\/\/www.penzion-berc.si\/wp-content\/uploads\/2018\/11\/detajl-001.jpg\" \/>\n<meta name=\"twitter:card\" content=\"summary_large_image\" \/>\n<meta name=\"twitter:label1\" content=\"Tempo di lettura stimato\" \/>\n\t<meta name=\"twitter:data1\" content=\"2 minuti\" \/>\n<script type=\"application\/ld+json\" class=\"yoast-schema-graph\">{\"@context\":\"https:\\\/\\\/schema.org\",\"@graph\":[{\"@type\":\"WebPage\",\"@id\":\"https:\\\/\\\/www.penzion-berc.si\\\/it\\\/su-di-noi\\\/\",\"url\":\"https:\\\/\\\/www.penzion-berc.si\\\/it\\\/su-di-noi\\\/\",\"name\":\"Su Di Noi - Pensione Berc, Bled, Slovenia\",\"isPartOf\":{\"@id\":\"https:\\\/\\\/www.penzion-berc.si\\\/it\\\/#website\"},\"primaryImageOfPage\":{\"@id\":\"https:\\\/\\\/www.penzion-berc.si\\\/it\\\/su-di-noi\\\/#primaryimage\"},\"image\":{\"@id\":\"https:\\\/\\\/www.penzion-berc.si\\\/it\\\/su-di-noi\\\/#primaryimage\"},\"thumbnailUrl\":\"https:\\\/\\\/www.penzion-berc.si\\\/wp-content\\\/uploads\\\/2018\\\/11\\\/detajl-001.jpg\",\"datePublished\":\"2015-07-06T08:26:09+00:00\",\"dateModified\":\"2023-02-14T13:12:12+00:00\",\"description\":\"Chi siamo Contattaci Pensione Berc. Oltre 100 anni di tradizione, incastonati in ogni pietra. Dalla fattoria alla pensione d'avanguardia in Jugoslavia\",\"breadcrumb\":{\"@id\":\"https:\\\/\\\/www.penzion-berc.si\\\/it\\\/su-di-noi\\\/#breadcrumb\"},\"inLanguage\":\"it-IT\",\"potentialAction\":[{\"@type\":\"ReadAction\",\"target\":[\"https:\\\/\\\/www.penzion-berc.si\\\/it\\\/su-di-noi\\\/\"]}]},{\"@type\":\"ImageObject\",\"inLanguage\":\"it-IT\",\"@id\":\"https:\\\/\\\/www.penzion-berc.si\\\/it\\\/su-di-noi\\\/#primaryimage\",\"url\":\"https:\\\/\\\/www.penzion-berc.si\\\/wp-content\\\/uploads\\\/2018\\\/11\\\/detajl-001.jpg\",\"contentUrl\":\"https:\\\/\\\/www.penzion-berc.si\\\/wp-content\\\/uploads\\\/2018\\\/11\\\/detajl-001.jpg\"},{\"@type\":\"BreadcrumbList\",\"@id\":\"https:\\\/\\\/www.penzion-berc.si\\\/it\\\/su-di-noi\\\/#breadcrumb\",\"itemListElement\":[{\"@type\":\"ListItem\",\"position\":1,\"name\":\"Domov\",\"item\":\"https:\\\/\\\/www.penzion-berc.si\\\/it\\\/\"},{\"@type\":\"ListItem\",\"position\":2,\"name\":\"Su Di Noi\"}]},{\"@type\":\"WebSite\",\"@id\":\"https:\\\/\\\/www.penzion-berc.si\\\/it\\\/#website\",\"url\":\"https:\\\/\\\/www.penzion-berc.si\\\/it\\\/\",\"name\":\"Penzion Berc, Bled | Uradna stran - Garantirano najni\u017eja cena\",\"description\":\"Sito ufficiale - Prezzo pi\u00f9 basso garantito\",\"publisher\":{\"@id\":\"https:\\\/\\\/www.penzion-berc.si\\\/it\\\/#organization\"},\"potentialAction\":[{\"@type\":\"SearchAction\",\"target\":{\"@type\":\"EntryPoint\",\"urlTemplate\":\"https:\\\/\\\/www.penzion-berc.si\\\/it\\\/?s={search_term_string}\"},\"query-input\":{\"@type\":\"PropertyValueSpecification\",\"valueRequired\":true,\"valueName\":\"search_term_string\"}}],\"inLanguage\":\"it-IT\"},{\"@type\":\"Organization\",\"@id\":\"https:\\\/\\\/www.penzion-berc.si\\\/it\\\/#organization\",\"name\":\"Penzion Berc\",\"url\":\"https:\\\/\\\/www.penzion-berc.si\\\/it\\\/\",\"logo\":{\"@type\":\"ImageObject\",\"inLanguage\":\"it-IT\",\"@id\":\"https:\\\/\\\/www.penzion-berc.si\\\/it\\\/#\\\/schema\\\/logo\\\/image\\\/\",\"url\":\"https:\\\/\\\/www.penzion-berc.si\\\/wp-content\\\/uploads\\\/2018\\\/10\\\/penzion_berc_logo3.png\",\"contentUrl\":\"https:\\\/\\\/www.penzion-berc.si\\\/wp-content\\\/uploads\\\/2018\\\/10\\\/penzion_berc_logo3.png\",\"width\":271,\"height\":97,\"caption\":\"Penzion Berc\"},\"image\":{\"@id\":\"https:\\\/\\\/www.penzion-berc.si\\\/it\\\/#\\\/schema\\\/logo\\\/image\\\/\"},\"sameAs\":[\"https:\\\/\\\/www.facebook.com\\\/PenzionBerc\\\/\",\"https:\\\/\\\/www.instagram.com\\\/penzionberc\\\/\"]}]}<\/script>\n<!-- \/ Yoast SEO plugin. -->","yoast_head_json":{"title":"Su Di Noi - Pensione Berc, Bled, Slovenia","description":"Chi siamo Contattaci Pensione Berc. Oltre 100 anni di tradizione, incastonati in ogni pietra. Dalla fattoria alla pensione d'avanguardia in Jugoslavia","robots":{"index":"index","follow":"follow","max-snippet":"max-snippet:-1","max-image-preview":"max-image-preview:large","max-video-preview":"max-video-preview:-1"},"canonical":"https:\/\/www.penzion-berc.si\/it\/su-di-noi\/","og_locale":"it_IT","og_type":"article","og_title":"Su Di Noi - Pensione Berc, Bled, Slovenia","og_description":"Chi siamo Contattaci Pensione Berc. Oltre 100 anni di tradizione, incastonati in ogni pietra. Dalla fattoria alla pensione d'avanguardia in Jugoslavia","og_url":"https:\/\/www.penzion-berc.si\/it\/su-di-noi\/","og_site_name":"Pensione Berc, Bled, Slovenia | Sito Ufficiale - Prezzo pi\u00f9 basso garantito","article_publisher":"https:\/\/www.facebook.com\/PenzionBerc\/","article_modified_time":"2023-02-14T13:12:12+00:00","og_image":[{"url":"https:\/\/www.penzion-berc.si\/wp-content\/uploads\/2018\/11\/detajl-001.jpg","type":"","width":"","height":""}],"twitter_card":"summary_large_image","twitter_misc":{"Tempo di lettura stimato":"2 minuti"},"schema":{"@context":"https:\/\/schema.org","@graph":[{"@type":"WebPage","@id":"https:\/\/www.penzion-berc.si\/it\/su-di-noi\/","url":"https:\/\/www.penzion-berc.si\/it\/su-di-noi\/","name":"Su Di Noi - Pensione Berc, Bled, Slovenia","isPartOf":{"@id":"https:\/\/www.penzion-berc.si\/it\/#website"},"primaryImageOfPage":{"@id":"https:\/\/www.penzion-berc.si\/it\/su-di-noi\/#primaryimage"},"image":{"@id":"https:\/\/www.penzion-berc.si\/it\/su-di-noi\/#primaryimage"},"thumbnailUrl":"https:\/\/www.penzion-berc.si\/wp-content\/uploads\/2018\/11\/detajl-001.jpg","datePublished":"2015-07-06T08:26:09+00:00","dateModified":"2023-02-14T13:12:12+00:00","description":"Chi siamo Contattaci Pensione Berc. Oltre 100 anni di tradizione, incastonati in ogni pietra. Dalla fattoria alla pensione d'avanguardia in Jugoslavia","breadcrumb":{"@id":"https:\/\/www.penzion-berc.si\/it\/su-di-noi\/#breadcrumb"},"inLanguage":"it-IT","potentialAction":[{"@type":"ReadAction","target":["https:\/\/www.penzion-berc.si\/it\/su-di-noi\/"]}]},{"@type":"ImageObject","inLanguage":"it-IT","@id":"https:\/\/www.penzion-berc.si\/it\/su-di-noi\/#primaryimage","url":"https:\/\/www.penzion-berc.si\/wp-content\/uploads\/2018\/11\/detajl-001.jpg","contentUrl":"https:\/\/www.penzion-berc.si\/wp-content\/uploads\/2018\/11\/detajl-001.jpg"},{"@type":"BreadcrumbList","@id":"https:\/\/www.penzion-berc.si\/it\/su-di-noi\/#breadcrumb","itemListElement":[{"@type":"ListItem","position":1,"name":"Domov","item":"https:\/\/www.penzion-berc.si\/it\/"},{"@type":"ListItem","position":2,"name":"Su Di Noi"}]},{"@type":"WebSite","@id":"https:\/\/www.penzion-berc.si\/it\/#website","url":"https:\/\/www.penzion-berc.si\/it\/","name":"Penzion Berc, Bled | Uradna stran - Garantirano najni\u017eja cena","description":"Sito ufficiale - Prezzo pi\u00f9 basso garantito","publisher":{"@id":"https:\/\/www.penzion-berc.si\/it\/#organization"},"potentialAction":[{"@type":"SearchAction","target":{"@type":"EntryPoint","urlTemplate":"https:\/\/www.penzion-berc.si\/it\/?s={search_term_string}"},"query-input":{"@type":"PropertyValueSpecification","valueRequired":true,"valueName":"search_term_string"}}],"inLanguage":"it-IT"},{"@type":"Organization","@id":"https:\/\/www.penzion-berc.si\/it\/#organization","name":"Penzion Berc","url":"https:\/\/www.penzion-berc.si\/it\/","logo":{"@type":"ImageObject","inLanguage":"it-IT","@id":"https:\/\/www.penzion-berc.si\/it\/#\/schema\/logo\/image\/","url":"https:\/\/www.penzion-berc.si\/wp-content\/uploads\/2018\/10\/penzion_berc_logo3.png","contentUrl":"https:\/\/www.penzion-berc.si\/wp-content\/uploads\/2018\/10\/penzion_berc_logo3.png","width":271,"height":97,"caption":"Penzion Berc"},"image":{"@id":"https:\/\/www.penzion-berc.si\/it\/#\/schema\/logo\/image\/"},"sameAs":["https:\/\/www.facebook.com\/PenzionBerc\/","https:\/\/www.instagram.com\/penzionberc\/"]}]}},"_links":{"self":[{"href":"https:\/\/www.penzion-berc.si\/it\/wp-json\/wp\/v2\/pages\/8977","targetHints":{"allow":["GET"]}}],"collection":[{"href":"https:\/\/www.penzion-berc.si\/it\/wp-json\/wp\/v2\/pages"}],"about":[{"href":"https:\/\/www.penzion-berc.si\/it\/wp-json\/wp\/v2\/types\/page"}],"author":[{"embeddable":true,"href":"https:\/\/www.penzion-berc.si\/it\/wp-json\/wp\/v2\/users\/1"}],"replies":[{"embeddable":true,"href":"https:\/\/www.penzion-berc.si\/it\/wp-json\/wp\/v2\/comments?post=8977"}],"version-history":[{"count":8,"href":"https:\/\/www.penzion-berc.si\/it\/wp-json\/wp\/v2\/pages\/8977\/revisions"}],"predecessor-version":[{"id":29180,"href":"https:\/\/www.penzion-berc.si\/it\/wp-json\/wp\/v2\/pages\/8977\/revisions\/29180"}],"wp:attachment":[{"href":"https:\/\/www.penzion-berc.si\/it\/wp-json\/wp\/v2\/media?parent=8977"}],"curies":[{"name":"wp","href":"https:\/\/api.w.org\/{rel}","templated":true}]}}