{"id":8717,"date":"2018-11-26T12:46:10","date_gmt":"2018-11-26T12:46:10","guid":{"rendered":"http:\/\/move.forward.si\/dev\/aktivnosti\/"},"modified":"2019-02-18T13:42:44","modified_gmt":"2019-02-18T13:42:44","slug":"attivita","status":"publish","type":"page","link":"https:\/\/www.penzion-berc.si\/it\/attivita\/","title":{"rendered":"Attivit\u00e0"},"content":{"rendered":"<div id=\"pl-8717\"  class=\"panel-layout\" ><div id=\"pg-8717-0\"  class=\"panel-grid panel-no-style\" ><div id=\"pgc-8717-0-0\"  class=\"panel-grid-cell\" ><div id=\"panel-8717-0-0-0\" class=\"so-panel widget widget_heading panel-first-child panel-last-child\" data-index=\"0\" ><div class=\"thim-widget-heading thim-widget-heading-base template-style_new\"><div class=\"style_new sc-heading article_heading \"><div class=\"content-heading\"><div class=\"small-heading\">Pensione Berc Bled<\/div><h2 class=\"heading__primary\">Attivit\u00e0<\/h2><div class=\"description-heading\"><p>Nei dintorni di Bled c'\u00e8 la possibilit\u00e0 di svagarsi nella pura con attivit\u00e0 rilassanti o sportive e per chi preferisce, attivit\u00e0 adrenaliniche.<\/p><\/div><\/div><div class=\"background-heading\">attivit\u00e0<\/div><\/div><\/div><\/div><\/div><\/div><div id=\"pg-8717-1\"  class=\"panel-grid panel-no-style\" ><div id=\"pgc-8717-1-0\"  class=\"panel-grid-cell\" ><div id=\"panel-8717-1-0-0\" class=\"so-panel widget widget_box panel-first-child panel-last-child\" data-index=\"1\" ><div class=\"two-images-with-background panel-widget-style panel-widget-style-for-8717-1-0-0\" ><div class=\"thim-widget-box thim-widget-box-base template-base\"><div class=\"box_image style_1\">\n\t\t<div class=\"image\">\n\t\t<div class=\"row\">\n\t\t\t<div class=\"image-left col-md-6 col-sm-6\">\n\t\t\t\t<img src =\"https:\/\/www.penzion-berc.si\/wp-content\/uploads\/2018\/11\/blejsko-jezero-003.jpg\" width=\"533\" height=\"800\" alt= \"Attivit\u00e0\" \/>\t\t\t<\/div>\n\t\t\t<div class=\"image-right col-md-6 col-sm-6\">\n\t\t\t\t<img src =\"https:\/\/www.penzion-berc.si\/wp-content\/uploads\/2018\/11\/blejsko-jezero-001.jpg\" width=\"533\" height=\"800\" alt= \"Attivit\u00e0\" \/>\t\t\t<\/div>\n\t\t<\/div>\n\t<\/div>\n\t<div class=\"image_background\">\n\t\t<img src =\"https:\/\/www.penzion-berc.si\/wp-content\/uploads\/2018\/07\/background.png\" width=\"346\" height=\"579\" alt= \"Attivit\u00e0\" \/>\t<\/div>\n\t<\/div>\n\n<\/div><\/div><\/div><\/div><div id=\"pgc-8717-1-1\"  class=\"panel-grid-cell\" ><div class=\"panel-cell-style panel-cell-style-for-8717-1-1\" ><div id=\"panel-8717-1-1-0\" class=\"so-panel widget widget_heading panel-first-child\" data-index=\"2\" ><div class=\"content-section-heading panel-widget-style panel-widget-style-for-8717-1-1-0\" ><div class=\"thim-widget-heading thim-widget-heading-base template-base\"><div class=\"sc-heading article_heading wrapper-line-heading\"><h3 class=\"heading__primary\">Il lago di Bled<\/h3><span class=\"line-heading\"><span><\/span><\/span><\/div><\/div><\/div><\/div><div id=\"panel-8717-1-1-1\" class=\"so-panel widget widget_sow-editor panel-last-child\" data-index=\"3\" ><div\n\t\t\t\n\t\t\tclass=\"so-widget-sow-editor so-widget-sow-editor-base\"\n\t\t\t\n\t\t>\n<div class=\"siteorigin-widget-tinymce textwidget\">\n\t<p>Nelle giornate afose estive potete approfittare di un bagno rinfrescante oppure rilassarvi lungo le rive del lago, che annualmente attira migliaia di turisti. \u00c9 possibile inoltre effettuare il giro dal lago a piedi o in bicicletta. Si possono fare passeggiate sul castello o sulle collinette adiacenti dove possibile ammirare il paesaggio con il sottostante lago e con la catena delle Karavanke in lontananza.<\/p>\n<p>Gli amanti della pesca non rimarranno certamente delusi, come pure i praticanti di canottaggio. Bled vanta di una lunga tradizione canoistica, dove si sono svolte moltissime competizioni mondiali e internazionali. Desiderando c'\u00e8 la possibilit\u00e0 di noleggiare piccole barche a remi per escursioni sull isola. Isola in mezzo al lago e possibile raggiungerla con le \u00bbpletne\u00ab tradizionali barchette del luogo. Giunti all isola una scalinata vi porter\u00e0 a una piccola e antica chiesa gotica. Bled offre uno dei pi\u00f9 grandi e belli campi da golf, in modo tale che se vorrete potrete cimentarvi anche in questo sport. Nel centro di Bled e disponibile anche un minigolf.<\/p>\n<\/div>\n<\/div><\/div><\/div><\/div><\/div><div id=\"pg-8717-2\"  class=\"panel-grid panel-has-style\" ><div class=\"panel-row-style panel-row-style-for-8717-2\" ><div id=\"pgc-8717-2-0\"  class=\"panel-grid-cell\" ><div id=\"panel-8717-2-0-0\" class=\"so-panel widget widget_heading panel-first-child\" data-index=\"4\" ><div class=\"content-section-heading panel-widget-style panel-widget-style-for-8717-2-0-0\" ><div class=\"thim-widget-heading thim-widget-heading-base template-base\"><div class=\"sc-heading article_heading wrapper-line-heading\"><h3 class=\"heading__primary\">L'attraente regione della Gorenjska<\/h3><span class=\"line-heading\"><span><\/span><\/span><\/div><\/div><\/div><\/div><div id=\"panel-8717-2-0-1\" class=\"so-panel widget widget_sow-editor panel-last-child\" data-index=\"5\" ><div\n\t\t\t\n\t\t\tclass=\"so-widget-sow-editor so-widget-sow-editor-base\"\n\t\t\t\n\t\t>\n<div class=\"siteorigin-widget-tinymce textwidget\">\n\t<p>Bled, oltre con le sue caratteristiche, unitamente alla nostra pensione vi offre la possibilit\u00e0 di evadere nella natura. Potrete muovervi da soli o con la nostra compagnia o se desiderate con guide locali. I piccoli paesi della regione di Gorenjska (Bohinjska Bela, Ribno, Zasip) ed al parco nazionale del Triglav, invogliano la curiosit\u00e0 di essere visitate. Potrete fare anche le vostre escursioni in alta montagna, i pi\u00f9 preparati ed addestrati potranno avventurarsi su varie scalate nelle Alpi Giulie. Se vi sentirete stanchi ci sar\u00e0 anche la possibilit\u00e0 di fare un giro nei dintorni di Bled a cavallo.<\/p>\n<p>Lungo i fiumi dalle acque cristalline e possibile praticare lo sport del kayak o partecipare a vari rafting.<\/p>\n<\/div>\n<\/div><\/div><\/div><div id=\"pgc-8717-2-1\"  class=\"panel-grid-cell\" ><div class=\"panel-cell-style panel-cell-style-for-8717-2-1\" ><div id=\"panel-8717-2-1-0\" class=\"widget_text so-panel widget widget_custom_html panel-first-child panel-last-child\" data-index=\"6\" ><div class=\"textwidget custom-html-widget\"><\/div><\/div><\/div><\/div><\/div><\/div><div id=\"pg-8717-3\"  class=\"panel-grid panel-no-style\" ><div id=\"pgc-8717-3-0\"  class=\"panel-grid-cell\" ><div id=\"panel-8717-3-0-0\" class=\"so-panel widget widget_heading panel-first-child\" data-index=\"7\" ><div class=\"small-padding panel-widget-style panel-widget-style-for-8717-3-0-0\" ><div class=\"thim-widget-heading thim-widget-heading-base template-base\"><div class=\"sc-heading article_heading wrapper-line-heading\"><h3 class=\"heading__primary\">Altro<\/h3><span class=\"line-heading\"><span><\/span><\/span><\/div><\/div><\/div><\/div><div id=\"panel-8717-3-0-1\" class=\"so-panel widget widget_sow-editor panel-last-child\" data-index=\"8\" ><div\n\t\t\t\n\t\t\tclass=\"so-widget-sow-editor so-widget-sow-editor-base\"\n\t\t\t\n\t\t>\n<div class=\"siteorigin-widget-tinymce textwidget\">\n\t<p style=\"text-align: center;\">\u00c9 possibile praticare tennis, squash nei vari centri a vostra disposizione. Nella vicinanza della nostra pensione ci si pu\u00f2 divertire con la slitta estiva. \u00c9 possibile inoltre provare anche un viaggio in mongolfiera o con l'aliante.<\/p>\n<p style=\"text-align: center;\">\nLa scaletta e ampia e varia...se avete bisogno di ulteriori chiarimenti e delucidazioni potrete rivolgervi a noi che sicuramente ci troverete pronti e ben disposti a soddisfare qualsiasi vostra esigenza, richiesta.<\/p>\n<\/div>\n<\/div><\/div><\/div><\/div><\/div>","protected":false},"excerpt":{"rendered":"<p>Nelle giornate afose estive potete approfittare di un bagno rinfrescante oppure rilassarvi lungo le rive del lago, che annualmente attira migliaia di turisti. \u00c9 possibile inoltre effettuare il giro dal lago a piedi o in bicicletta. Si possono fare passeggiate sul castello o sulle collinette adiacenti dove possibile ammirare il paesaggio con il sottostante lago [&hellip;]<\/p>\n","protected":false},"author":1,"featured_media":0,"parent":0,"menu_order":0,"comment_status":"closed","ping_status":"closed","template":"","meta":{"footnotes":""},"categories":[],"class_list":["post-8717","page","type-page","status-publish","hentry"],"yoast_head":"<!-- This site is optimized with the Yoast SEO plugin v27.5 - https:\/\/yoast.com\/product\/yoast-seo-wordpress\/ -->\n<title>Attivit\u00e0 - Pensione Berc, Bled, Slovenia<\/title>\n<meta name=\"description\" content=\"Bled o la nostra pensione \u00e8 un ottimo punto di partenza per gite e attivit\u00e0 pi\u00f9 brevi e pi\u00f9 lunghe nella natura, che puoi dare a te stesso o sotto la guida.\" \/>\n<meta name=\"robots\" content=\"index, follow, max-snippet:-1, max-image-preview:large, max-video-preview:-1\" \/>\n<link rel=\"canonical\" href=\"https:\/\/www.penzion-berc.si\/it\/attivita\/\" \/>\n<meta property=\"og:locale\" content=\"it_IT\" \/>\n<meta property=\"og:type\" content=\"article\" \/>\n<meta property=\"og:title\" content=\"Attivit\u00e0 - Pensione Berc, Bled, Slovenia\" \/>\n<meta property=\"og:description\" content=\"Bled o la nostra pensione \u00e8 un ottimo punto di partenza per gite e attivit\u00e0 pi\u00f9 brevi e pi\u00f9 lunghe nella natura, che puoi dare a te stesso o sotto la guida.\" \/>\n<meta property=\"og:url\" content=\"https:\/\/www.penzion-berc.si\/it\/attivita\/\" \/>\n<meta property=\"og:site_name\" content=\"Pensione Berc, Bled, Slovenia | Sito Ufficiale - Prezzo pi\u00f9 basso garantito\" \/>\n<meta property=\"article:publisher\" content=\"https:\/\/www.facebook.com\/PenzionBerc\/\" \/>\n<meta property=\"article:modified_time\" content=\"2019-02-18T13:42:44+00:00\" \/>\n<meta property=\"og:image\" content=\"https:\/\/www.penzion-berc.si\/wp-content\/uploads\/2019\/03\/bd16-R-berc-229.jpg\" \/>\n\t<meta property=\"og:image:width\" content=\"1620\" \/>\n\t<meta property=\"og:image:height\" content=\"1080\" \/>\n\t<meta property=\"og:image:type\" content=\"image\/jpeg\" \/>\n<meta name=\"twitter:card\" content=\"summary_large_image\" \/>\n<meta name=\"twitter:label1\" content=\"Tempo di lettura stimato\" \/>\n\t<meta name=\"twitter:data1\" content=\"2 minuti\" \/>\n<script type=\"application\/ld+json\" class=\"yoast-schema-graph\">{\"@context\":\"https:\\\/\\\/schema.org\",\"@graph\":[{\"@type\":\"WebPage\",\"@id\":\"https:\\\/\\\/www.penzion-berc.si\\\/it\\\/attivita\\\/\",\"url\":\"https:\\\/\\\/www.penzion-berc.si\\\/it\\\/attivita\\\/\",\"name\":\"Attivit\u00e0 - Pensione Berc, Bled, Slovenia\",\"isPartOf\":{\"@id\":\"https:\\\/\\\/www.penzion-berc.si\\\/it\\\/#website\"},\"datePublished\":\"2018-11-26T12:46:10+00:00\",\"dateModified\":\"2019-02-18T13:42:44+00:00\",\"description\":\"Bled o la nostra pensione \u00e8 un ottimo punto di partenza per gite e attivit\u00e0 pi\u00f9 brevi e pi\u00f9 lunghe nella natura, che puoi dare a te stesso o sotto la guida.\",\"breadcrumb\":{\"@id\":\"https:\\\/\\\/www.penzion-berc.si\\\/it\\\/attivita\\\/#breadcrumb\"},\"inLanguage\":\"it-IT\",\"potentialAction\":[{\"@type\":\"ReadAction\",\"target\":[\"https:\\\/\\\/www.penzion-berc.si\\\/it\\\/attivita\\\/\"]}]},{\"@type\":\"BreadcrumbList\",\"@id\":\"https:\\\/\\\/www.penzion-berc.si\\\/it\\\/attivita\\\/#breadcrumb\",\"itemListElement\":[{\"@type\":\"ListItem\",\"position\":1,\"name\":\"Domov\",\"item\":\"https:\\\/\\\/www.penzion-berc.si\\\/it\\\/\"},{\"@type\":\"ListItem\",\"position\":2,\"name\":\"Attivit\u00e0\"}]},{\"@type\":\"WebSite\",\"@id\":\"https:\\\/\\\/www.penzion-berc.si\\\/it\\\/#website\",\"url\":\"https:\\\/\\\/www.penzion-berc.si\\\/it\\\/\",\"name\":\"Penzion Berc, Bled | Uradna stran - Garantirano najni\u017eja cena\",\"description\":\"Sito ufficiale - Prezzo pi\u00f9 basso garantito\",\"publisher\":{\"@id\":\"https:\\\/\\\/www.penzion-berc.si\\\/it\\\/#organization\"},\"potentialAction\":[{\"@type\":\"SearchAction\",\"target\":{\"@type\":\"EntryPoint\",\"urlTemplate\":\"https:\\\/\\\/www.penzion-berc.si\\\/it\\\/?s={search_term_string}\"},\"query-input\":{\"@type\":\"PropertyValueSpecification\",\"valueRequired\":true,\"valueName\":\"search_term_string\"}}],\"inLanguage\":\"it-IT\"},{\"@type\":\"Organization\",\"@id\":\"https:\\\/\\\/www.penzion-berc.si\\\/it\\\/#organization\",\"name\":\"Penzion Berc\",\"url\":\"https:\\\/\\\/www.penzion-berc.si\\\/it\\\/\",\"logo\":{\"@type\":\"ImageObject\",\"inLanguage\":\"it-IT\",\"@id\":\"https:\\\/\\\/www.penzion-berc.si\\\/it\\\/#\\\/schema\\\/logo\\\/image\\\/\",\"url\":\"https:\\\/\\\/www.penzion-berc.si\\\/wp-content\\\/uploads\\\/2018\\\/10\\\/penzion_berc_logo3.png\",\"contentUrl\":\"https:\\\/\\\/www.penzion-berc.si\\\/wp-content\\\/uploads\\\/2018\\\/10\\\/penzion_berc_logo3.png\",\"width\":271,\"height\":97,\"caption\":\"Penzion Berc\"},\"image\":{\"@id\":\"https:\\\/\\\/www.penzion-berc.si\\\/it\\\/#\\\/schema\\\/logo\\\/image\\\/\"},\"sameAs\":[\"https:\\\/\\\/www.facebook.com\\\/PenzionBerc\\\/\",\"https:\\\/\\\/www.instagram.com\\\/penzionberc\\\/\"]}]}<\/script>\n<!-- \/ Yoast SEO plugin. -->","yoast_head_json":{"title":"Attivit\u00e0 - Pensione Berc, Bled, Slovenia","description":"Bled o la nostra pensione \u00e8 un ottimo punto di partenza per gite e attivit\u00e0 pi\u00f9 brevi e pi\u00f9 lunghe nella natura, che puoi dare a te stesso o sotto la guida.","robots":{"index":"index","follow":"follow","max-snippet":"max-snippet:-1","max-image-preview":"max-image-preview:large","max-video-preview":"max-video-preview:-1"},"canonical":"https:\/\/www.penzion-berc.si\/it\/attivita\/","og_locale":"it_IT","og_type":"article","og_title":"Attivit\u00e0 - Pensione Berc, Bled, Slovenia","og_description":"Bled o la nostra pensione \u00e8 un ottimo punto di partenza per gite e attivit\u00e0 pi\u00f9 brevi e pi\u00f9 lunghe nella natura, che puoi dare a te stesso o sotto la guida.","og_url":"https:\/\/www.penzion-berc.si\/it\/attivita\/","og_site_name":"Pensione Berc, Bled, Slovenia | Sito Ufficiale - Prezzo pi\u00f9 basso garantito","article_publisher":"https:\/\/www.facebook.com\/PenzionBerc\/","article_modified_time":"2019-02-18T13:42:44+00:00","og_image":[{"width":1620,"height":1080,"url":"https:\/\/www.penzion-berc.si\/wp-content\/uploads\/2019\/03\/bd16-R-berc-229.jpg","type":"image\/jpeg"}],"twitter_card":"summary_large_image","twitter_misc":{"Tempo di lettura stimato":"2 minuti"},"schema":{"@context":"https:\/\/schema.org","@graph":[{"@type":"WebPage","@id":"https:\/\/www.penzion-berc.si\/it\/attivita\/","url":"https:\/\/www.penzion-berc.si\/it\/attivita\/","name":"Attivit\u00e0 - Pensione Berc, Bled, Slovenia","isPartOf":{"@id":"https:\/\/www.penzion-berc.si\/it\/#website"},"datePublished":"2018-11-26T12:46:10+00:00","dateModified":"2019-02-18T13:42:44+00:00","description":"Bled o la nostra pensione \u00e8 un ottimo punto di partenza per gite e attivit\u00e0 pi\u00f9 brevi e pi\u00f9 lunghe nella natura, che puoi dare a te stesso o sotto la guida.","breadcrumb":{"@id":"https:\/\/www.penzion-berc.si\/it\/attivita\/#breadcrumb"},"inLanguage":"it-IT","potentialAction":[{"@type":"ReadAction","target":["https:\/\/www.penzion-berc.si\/it\/attivita\/"]}]},{"@type":"BreadcrumbList","@id":"https:\/\/www.penzion-berc.si\/it\/attivita\/#breadcrumb","itemListElement":[{"@type":"ListItem","position":1,"name":"Domov","item":"https:\/\/www.penzion-berc.si\/it\/"},{"@type":"ListItem","position":2,"name":"Attivit\u00e0"}]},{"@type":"WebSite","@id":"https:\/\/www.penzion-berc.si\/it\/#website","url":"https:\/\/www.penzion-berc.si\/it\/","name":"Penzion Berc, Bled | Uradna stran - Garantirano najni\u017eja cena","description":"Sito ufficiale - Prezzo pi\u00f9 basso garantito","publisher":{"@id":"https:\/\/www.penzion-berc.si\/it\/#organization"},"potentialAction":[{"@type":"SearchAction","target":{"@type":"EntryPoint","urlTemplate":"https:\/\/www.penzion-berc.si\/it\/?s={search_term_string}"},"query-input":{"@type":"PropertyValueSpecification","valueRequired":true,"valueName":"search_term_string"}}],"inLanguage":"it-IT"},{"@type":"Organization","@id":"https:\/\/www.penzion-berc.si\/it\/#organization","name":"Penzion Berc","url":"https:\/\/www.penzion-berc.si\/it\/","logo":{"@type":"ImageObject","inLanguage":"it-IT","@id":"https:\/\/www.penzion-berc.si\/it\/#\/schema\/logo\/image\/","url":"https:\/\/www.penzion-berc.si\/wp-content\/uploads\/2018\/10\/penzion_berc_logo3.png","contentUrl":"https:\/\/www.penzion-berc.si\/wp-content\/uploads\/2018\/10\/penzion_berc_logo3.png","width":271,"height":97,"caption":"Penzion Berc"},"image":{"@id":"https:\/\/www.penzion-berc.si\/it\/#\/schema\/logo\/image\/"},"sameAs":["https:\/\/www.facebook.com\/PenzionBerc\/","https:\/\/www.instagram.com\/penzionberc\/"]}]}},"_links":{"self":[{"href":"https:\/\/www.penzion-berc.si\/it\/wp-json\/wp\/v2\/pages\/8717","targetHints":{"allow":["GET"]}}],"collection":[{"href":"https:\/\/www.penzion-berc.si\/it\/wp-json\/wp\/v2\/pages"}],"about":[{"href":"https:\/\/www.penzion-berc.si\/it\/wp-json\/wp\/v2\/types\/page"}],"author":[{"embeddable":true,"href":"https:\/\/www.penzion-berc.si\/it\/wp-json\/wp\/v2\/users\/1"}],"replies":[{"embeddable":true,"href":"https:\/\/www.penzion-berc.si\/it\/wp-json\/wp\/v2\/comments?post=8717"}],"version-history":[{"count":0,"href":"https:\/\/www.penzion-berc.si\/it\/wp-json\/wp\/v2\/pages\/8717\/revisions"}],"wp:attachment":[{"href":"https:\/\/www.penzion-berc.si\/it\/wp-json\/wp\/v2\/media?parent=8717"}],"wp:term":[{"taxonomy":"category","embeddable":true,"href":"https:\/\/www.penzion-berc.si\/it\/wp-json\/wp\/v2\/categories?post=8717"}],"curies":[{"name":"wp","href":"https:\/\/api.w.org\/{rel}","templated":true}]}}