{"id":28975,"date":"2022-11-11T12:10:16","date_gmt":"2022-11-11T12:10:16","guid":{"rendered":"https:\/\/www.penzion-berc.si\/?page_id=28975"},"modified":"2022-11-11T12:10:16","modified_gmt":"2022-11-11T12:10:16","slug":"sperimenta-bled","status":"publish","type":"page","link":"https:\/\/www.penzion-berc.si\/it\/pacchi\/sperimenta-bled\/","title":{"rendered":"Sperimenta Bled"},"content":{"rendered":"<div id=\"pl-28975\"  class=\"panel-layout\" ><div id=\"pg-28975-0\"  class=\"panel-grid panel-no-style\" ><div id=\"pgc-28975-0-0\"  class=\"panel-grid-cell\" ><div id=\"panel-28975-0-0-0\" class=\"so-panel widget widget_heading panel-first-child panel-last-child\" data-index=\"0\" ><div class=\"thim-widget-heading thim-widget-heading-base template-style_new\"><div class=\"style_new sc-heading article_heading \"><div class=\"content-heading\"><div class=\"small-heading\">Pensione Berc Bled<\/div><h2 class=\"heading__primary\">Sperimenta Bled<\/h2><div class=\"description-heading\"><p>Il tempo per te stesso \u00e8 la prima priorit\u00e0 di tutti, di conseguenza ti meriti sempre il meglio.\nApprofitta dell'offerta speciale di soggiornare nelle camere recentemente rinnovate della boutique Penzion Berc, che dista solo 5 minuti a piedi dal lago.\nLa casa \u00e8 gestita dalla 3a generazione della stessa famiglia che la costru\u00ec pi\u00f9 di 100 anni fa. La famiglia menzionata ti accoglier\u00e0 nella sua casa e ti mostrer\u00e0 gli interni tradizionali e restaurati, le cui pareti raccontano ancora le storie dei vecchi tempi.\nLuogo ideale per rilassarsi in buona compagnia, per staccare dalla frenesia della vita quotidiana.<\/br>\n<\/br>\nIl pacchetto \u00e8 valido fino al 23.12.2022 e poi dal 06.01.2023.<\/p><\/div><\/div><div class=\"background-heading\">paccheti<\/div><\/div><\/div><\/div><\/div><\/div><div id=\"pg-28975-1\"  class=\"panel-grid panel-no-style\" ><div id=\"pgc-28975-1-0\"  class=\"panel-grid-cell\" ><div id=\"panel-28975-1-0-0\" class=\"so-panel widget widget_box panel-first-child panel-last-child\" data-index=\"1\" ><div class=\"two-images-with-background panel-widget-style panel-widget-style-for-28975-1-0-0\" ><div class=\"thim-widget-box thim-widget-box-base template-base\"><div class=\"box_image style_1\">\n\t\t<div class=\"image\">\n\t\t<div class=\"row\">\n\t\t\t<div class=\"image-left col-md-6 col-sm-6\">\n\t\t\t\t<img src =\"https:\/\/www.penzion-berc.si\/wp-content\/uploads\/2022\/11\/zajtrk-buffet-638x1024-1.jpg\" width=\"683\" height=\"1024\" alt= \"Sperimenta Bled\" \/>\t\t\t<\/div>\n\t\t\t<div class=\"image-right col-md-6 col-sm-6\">\n\t\t\t\t<img src =\"https:\/\/www.penzion-berc.si\/wp-content\/uploads\/2022\/11\/penzion-berc-bled-soba-z-balkonom.jpg\" width=\"683\" height=\"1024\" alt= \"Sperimenta Bled\" \/>\t\t\t<\/div>\n\t\t<\/div>\n\t<\/div>\n\t<div class=\"image_background\">\n\t\t<img src =\"https:\/\/www.penzion-berc.si\/wp-content\/uploads\/2018\/07\/background.png\" width=\"346\" height=\"579\" alt= \"Sperimenta Bled\" \/>\t<\/div>\n\t<\/div>\n\n<\/div><\/div><\/div><\/div><div id=\"pgc-28975-1-1\"  class=\"panel-grid-cell\" ><div class=\"panel-cell-style panel-cell-style-for-28975-1-1\" ><div id=\"panel-28975-1-1-0\" class=\"so-panel widget widget_heading panel-first-child\" data-index=\"2\" ><div class=\"content-section-heading panel-widget-style panel-widget-style-for-28975-1-1-0\" ><div class=\"thim-widget-heading thim-widget-heading-base template-base\"><div class=\"sc-heading article_heading wrapper-line-heading\"><h3 class=\"heading__primary\">Il pacchetto include:<\/h3><span class=\"line-heading\"><span><\/span><\/span><\/div><\/div><\/div><\/div><div id=\"panel-28975-1-1-1\" class=\"so-panel widget widget_sow-editor panel-last-child\" data-index=\"3\" ><div\n\t\t\t\n\t\t\tclass=\"so-widget-sow-editor so-widget-sow-editor-base\"\n\t\t\t\n\t\t>\n<div class=\"siteorigin-widget-tinymce textwidget\">\n\t<div class=\"page\" title=\"Page 1\">\n<div class=\"layoutArea\">\n<div class=\"column\">\n<p><span style=\"font-weight: 400;\"><strong>2x pernottamenti<\/strong> in camera di lusso per due adulti<\/span><\/p>\n<p><strong>2x colazione a buffet<\/strong><\/p>\n<p><span style=\"font-weight: 400;\"><strong>2x cene con men<\/strong>u di 3 portate per un'esperienza gourmet<\/span><\/p>\n<p>&nbsp;<\/p>\n<\/div>\n<\/div>\n<\/div>\n<\/div>\n<\/div><\/div><\/div><\/div><\/div><div id=\"pg-28975-2\"  class=\"panel-grid panel-no-style\" ><div id=\"pgc-28975-2-0\"  class=\"panel-grid-cell panel-grid-cell-empty\" ><\/div><\/div><div id=\"pg-28975-3\"  class=\"panel-grid panel-no-style\" ><div id=\"pgc-28975-3-0\"  class=\"panel-grid-cell panel-grid-cell-empty\" ><\/div><div id=\"pgc-28975-3-1\"  class=\"panel-grid-cell panel-grid-cell-empty panel-grid-cell-mobile-last\" ><\/div><div id=\"pgc-28975-3-2\"  class=\"panel-grid-cell panel-grid-cell-empty\" ><\/div><\/div><div id=\"pg-28975-4\"  class=\"panel-grid panel-no-style\" ><div id=\"pgc-28975-4-0\"  class=\"panel-grid-cell\" ><div id=\"panel-28975-4-0-0\" class=\"so-panel widget widget_sow-button panel-first-child panel-last-child\" data-index=\"4\" ><div\n\t\t\t\n\t\t\tclass=\"so-widget-sow-button so-widget-sow-button-flat-d2962734580d-28975\"\n\t\t\t\n\t\t><div class=\"ow-button-base ow-button-align-center\"\n>\n\t\t\t<a\n\t\t\t\t\thref=\"https:\/\/reservations.cubilis.eu\/penzion-berc-bled?Language=it-IT\"\n\t\t\t\t\tclass=\"sowb-button ow-icon-placement-right ow-button-hover\" target=\"_blank\" rel=\"noopener noreferrer nofollow\" title=\"rezerviraj paket\" \t>\n\t\t<span>\n\t\t\t<span class=\"sow-icon-fontawesome sow-fas\" data-sow-icon=\"&#xf073;\"\n\t\tstyle=\"color: #ffffff\" \n\t\taria-hidden=\"true\"><\/span>\n\t\t\tPRENOTA PACCHETO\t\t<\/span>\n\t\t\t<\/a>\n\t<\/div>\n<\/div><\/div><\/div><\/div><div id=\"pg-28975-5\"  class=\"panel-grid panel-has-style\" ><div class=\"siteorigin-panels-stretch thim-fix-stretched panel-row-style panel-row-style-for-28975-5\" data-stretch-type=\"full-stretched\" ><div id=\"pgc-28975-5-0\"  class=\"panel-grid-cell\" ><div id=\"panel-28975-5-0-0\" class=\"widget_text so-panel widget widget_custom_html panel-first-child panel-last-child\" data-index=\"5\" ><div class=\"textwidget custom-html-widget\"><\/div><\/div><\/div><\/div><\/div><\/div>","protected":false},"excerpt":{"rendered":"<p>2x pernottamenti in camera di lusso per due adulti 2x colazione a buffet 2x cene con menu di 3 portate per un&#8217;esperienza gourmet &nbsp;<\/p>\n","protected":false},"author":3,"featured_media":29043,"parent":8332,"menu_order":0,"comment_status":"closed","ping_status":"closed","template":"","meta":{"footnotes":""},"categories":[],"class_list":["post-28975","page","type-page","status-publish","has-post-thumbnail","hentry"],"yoast_head":"<!-- This site is optimized with the Yoast SEO plugin v27.6 - https:\/\/yoast.com\/product\/yoast-seo-wordpress\/ -->\n<title>Sperimenta Bled - Pensione Berc, Bled, Slovenia | Sito Ufficiale - Prezzo pi\u00f9 basso garantito<\/title>\n<meta name=\"robots\" content=\"index, follow, max-snippet:-1, max-image-preview:large, max-video-preview:-1\" \/>\n<link rel=\"canonical\" href=\"https:\/\/www.penzion-berc.si\/it\/pacchi\/sperimenta-bled\/\" \/>\n<meta property=\"og:locale\" content=\"it_IT\" \/>\n<meta property=\"og:type\" content=\"article\" \/>\n<meta property=\"og:title\" content=\"Sperimenta Bled - Pensione Berc, Bled, Slovenia | Sito Ufficiale - Prezzo pi\u00f9 basso garantito\" \/>\n<meta property=\"og:description\" content=\"2x pernottamenti in camera di lusso per due adulti 2x colazione a buffet 2x cene con menu di 3 portate per un&#039;esperienza gourmet &nbsp;\" \/>\n<meta property=\"og:url\" content=\"https:\/\/www.penzion-berc.si\/it\/pacchi\/sperimenta-bled\/\" \/>\n<meta property=\"og:site_name\" content=\"Pensione Berc, Bled, Slovenia | Sito Ufficiale - Prezzo pi\u00f9 basso garantito\" \/>\n<meta property=\"article:publisher\" content=\"https:\/\/www.facebook.com\/PenzionBerc\/\" \/>\n<meta property=\"og:image\" content=\"https:\/\/www.penzion-berc.si\/wp-content\/uploads\/2022\/11\/raziskovanje-bleda-featured-image.jpg\" \/>\n\t<meta property=\"og:image:width\" content=\"1024\" \/>\n\t<meta property=\"og:image:height\" content=\"683\" \/>\n\t<meta property=\"og:image:type\" content=\"image\/jpeg\" \/>\n<meta name=\"twitter:card\" content=\"summary_large_image\" \/>\n<meta name=\"twitter:label1\" content=\"Tempo di lettura stimato\" \/>\n\t<meta name=\"twitter:data1\" content=\"1 minuto\" \/>\n<script type=\"application\/ld+json\" class=\"yoast-schema-graph\">{\"@context\":\"https:\\\/\\\/schema.org\",\"@graph\":[{\"@type\":\"WebPage\",\"@id\":\"https:\\\/\\\/www.penzion-berc.si\\\/it\\\/pacchi\\\/sperimenta-bled\\\/\",\"url\":\"https:\\\/\\\/www.penzion-berc.si\\\/it\\\/pacchi\\\/sperimenta-bled\\\/\",\"name\":\"Sperimenta Bled - Pensione Berc, Bled, Slovenia | Sito Ufficiale - Prezzo pi\u00f9 basso garantito\",\"isPartOf\":{\"@id\":\"https:\\\/\\\/www.penzion-berc.si\\\/it\\\/#website\"},\"primaryImageOfPage\":{\"@id\":\"https:\\\/\\\/www.penzion-berc.si\\\/it\\\/pacchi\\\/sperimenta-bled\\\/#primaryimage\"},\"image\":{\"@id\":\"https:\\\/\\\/www.penzion-berc.si\\\/it\\\/pacchi\\\/sperimenta-bled\\\/#primaryimage\"},\"thumbnailUrl\":\"https:\\\/\\\/www.penzion-berc.si\\\/wp-content\\\/uploads\\\/2022\\\/11\\\/raziskovanje-bleda-featured-image.jpg\",\"datePublished\":\"2022-11-11T12:10:16+00:00\",\"breadcrumb\":{\"@id\":\"https:\\\/\\\/www.penzion-berc.si\\\/it\\\/pacchi\\\/sperimenta-bled\\\/#breadcrumb\"},\"inLanguage\":\"it-IT\",\"potentialAction\":[{\"@type\":\"ReadAction\",\"target\":[\"https:\\\/\\\/www.penzion-berc.si\\\/it\\\/pacchi\\\/sperimenta-bled\\\/\"]}]},{\"@type\":\"ImageObject\",\"inLanguage\":\"it-IT\",\"@id\":\"https:\\\/\\\/www.penzion-berc.si\\\/it\\\/pacchi\\\/sperimenta-bled\\\/#primaryimage\",\"url\":\"https:\\\/\\\/www.penzion-berc.si\\\/wp-content\\\/uploads\\\/2022\\\/11\\\/raziskovanje-bleda-featured-image.jpg\",\"contentUrl\":\"https:\\\/\\\/www.penzion-berc.si\\\/wp-content\\\/uploads\\\/2022\\\/11\\\/raziskovanje-bleda-featured-image.jpg\",\"width\":1024,\"height\":683},{\"@type\":\"BreadcrumbList\",\"@id\":\"https:\\\/\\\/www.penzion-berc.si\\\/it\\\/pacchi\\\/sperimenta-bled\\\/#breadcrumb\",\"itemListElement\":[{\"@type\":\"ListItem\",\"position\":1,\"name\":\"Domov\",\"item\":\"https:\\\/\\\/www.penzion-berc.si\\\/it\\\/\"},{\"@type\":\"ListItem\",\"position\":2,\"name\":\"Pacchi\",\"item\":\"https:\\\/\\\/www.penzion-berc.si\\\/it\\\/?page_id=8332\"},{\"@type\":\"ListItem\",\"position\":3,\"name\":\"Sperimenta Bled\"}]},{\"@type\":\"WebSite\",\"@id\":\"https:\\\/\\\/www.penzion-berc.si\\\/it\\\/#website\",\"url\":\"https:\\\/\\\/www.penzion-berc.si\\\/it\\\/\",\"name\":\"Penzion Berc, Bled | Uradna stran - Garantirano najni\u017eja cena\",\"description\":\"Sito ufficiale - Prezzo pi\u00f9 basso garantito\",\"publisher\":{\"@id\":\"https:\\\/\\\/www.penzion-berc.si\\\/it\\\/#organization\"},\"potentialAction\":[{\"@type\":\"SearchAction\",\"target\":{\"@type\":\"EntryPoint\",\"urlTemplate\":\"https:\\\/\\\/www.penzion-berc.si\\\/it\\\/?s={search_term_string}\"},\"query-input\":{\"@type\":\"PropertyValueSpecification\",\"valueRequired\":true,\"valueName\":\"search_term_string\"}}],\"inLanguage\":\"it-IT\"},{\"@type\":\"Organization\",\"@id\":\"https:\\\/\\\/www.penzion-berc.si\\\/it\\\/#organization\",\"name\":\"Penzion Berc\",\"url\":\"https:\\\/\\\/www.penzion-berc.si\\\/it\\\/\",\"logo\":{\"@type\":\"ImageObject\",\"inLanguage\":\"it-IT\",\"@id\":\"https:\\\/\\\/www.penzion-berc.si\\\/it\\\/#\\\/schema\\\/logo\\\/image\\\/\",\"url\":\"https:\\\/\\\/www.penzion-berc.si\\\/wp-content\\\/uploads\\\/2018\\\/10\\\/penzion_berc_logo3.png\",\"contentUrl\":\"https:\\\/\\\/www.penzion-berc.si\\\/wp-content\\\/uploads\\\/2018\\\/10\\\/penzion_berc_logo3.png\",\"width\":271,\"height\":97,\"caption\":\"Penzion Berc\"},\"image\":{\"@id\":\"https:\\\/\\\/www.penzion-berc.si\\\/it\\\/#\\\/schema\\\/logo\\\/image\\\/\"},\"sameAs\":[\"https:\\\/\\\/www.facebook.com\\\/PenzionBerc\\\/\",\"https:\\\/\\\/www.instagram.com\\\/penzionberc\\\/\"]}]}<\/script>\n<!-- \/ Yoast SEO plugin. -->","yoast_head_json":{"title":"Sperimenta Bled - Pensione Berc, Bled, Slovenia | Sito Ufficiale - Prezzo pi\u00f9 basso garantito","robots":{"index":"index","follow":"follow","max-snippet":"max-snippet:-1","max-image-preview":"max-image-preview:large","max-video-preview":"max-video-preview:-1"},"canonical":"https:\/\/www.penzion-berc.si\/it\/pacchi\/sperimenta-bled\/","og_locale":"it_IT","og_type":"article","og_title":"Sperimenta Bled - Pensione Berc, Bled, Slovenia | Sito Ufficiale - Prezzo pi\u00f9 basso garantito","og_description":"2x pernottamenti in camera di lusso per due adulti 2x colazione a buffet 2x cene con menu di 3 portate per un'esperienza gourmet &nbsp;","og_url":"https:\/\/www.penzion-berc.si\/it\/pacchi\/sperimenta-bled\/","og_site_name":"Pensione Berc, Bled, Slovenia | Sito Ufficiale - Prezzo pi\u00f9 basso garantito","article_publisher":"https:\/\/www.facebook.com\/PenzionBerc\/","og_image":[{"width":1024,"height":683,"url":"https:\/\/www.penzion-berc.si\/wp-content\/uploads\/2022\/11\/raziskovanje-bleda-featured-image.jpg","type":"image\/jpeg"}],"twitter_card":"summary_large_image","twitter_misc":{"Tempo di lettura stimato":"1 minuto"},"schema":{"@context":"https:\/\/schema.org","@graph":[{"@type":"WebPage","@id":"https:\/\/www.penzion-berc.si\/it\/pacchi\/sperimenta-bled\/","url":"https:\/\/www.penzion-berc.si\/it\/pacchi\/sperimenta-bled\/","name":"Sperimenta Bled - Pensione Berc, Bled, Slovenia | Sito Ufficiale - Prezzo pi\u00f9 basso garantito","isPartOf":{"@id":"https:\/\/www.penzion-berc.si\/it\/#website"},"primaryImageOfPage":{"@id":"https:\/\/www.penzion-berc.si\/it\/pacchi\/sperimenta-bled\/#primaryimage"},"image":{"@id":"https:\/\/www.penzion-berc.si\/it\/pacchi\/sperimenta-bled\/#primaryimage"},"thumbnailUrl":"https:\/\/www.penzion-berc.si\/wp-content\/uploads\/2022\/11\/raziskovanje-bleda-featured-image.jpg","datePublished":"2022-11-11T12:10:16+00:00","breadcrumb":{"@id":"https:\/\/www.penzion-berc.si\/it\/pacchi\/sperimenta-bled\/#breadcrumb"},"inLanguage":"it-IT","potentialAction":[{"@type":"ReadAction","target":["https:\/\/www.penzion-berc.si\/it\/pacchi\/sperimenta-bled\/"]}]},{"@type":"ImageObject","inLanguage":"it-IT","@id":"https:\/\/www.penzion-berc.si\/it\/pacchi\/sperimenta-bled\/#primaryimage","url":"https:\/\/www.penzion-berc.si\/wp-content\/uploads\/2022\/11\/raziskovanje-bleda-featured-image.jpg","contentUrl":"https:\/\/www.penzion-berc.si\/wp-content\/uploads\/2022\/11\/raziskovanje-bleda-featured-image.jpg","width":1024,"height":683},{"@type":"BreadcrumbList","@id":"https:\/\/www.penzion-berc.si\/it\/pacchi\/sperimenta-bled\/#breadcrumb","itemListElement":[{"@type":"ListItem","position":1,"name":"Domov","item":"https:\/\/www.penzion-berc.si\/it\/"},{"@type":"ListItem","position":2,"name":"Pacchi","item":"https:\/\/www.penzion-berc.si\/it\/?page_id=8332"},{"@type":"ListItem","position":3,"name":"Sperimenta Bled"}]},{"@type":"WebSite","@id":"https:\/\/www.penzion-berc.si\/it\/#website","url":"https:\/\/www.penzion-berc.si\/it\/","name":"Penzion Berc, Bled | Uradna stran - Garantirano najni\u017eja cena","description":"Sito ufficiale - Prezzo pi\u00f9 basso garantito","publisher":{"@id":"https:\/\/www.penzion-berc.si\/it\/#organization"},"potentialAction":[{"@type":"SearchAction","target":{"@type":"EntryPoint","urlTemplate":"https:\/\/www.penzion-berc.si\/it\/?s={search_term_string}"},"query-input":{"@type":"PropertyValueSpecification","valueRequired":true,"valueName":"search_term_string"}}],"inLanguage":"it-IT"},{"@type":"Organization","@id":"https:\/\/www.penzion-berc.si\/it\/#organization","name":"Penzion Berc","url":"https:\/\/www.penzion-berc.si\/it\/","logo":{"@type":"ImageObject","inLanguage":"it-IT","@id":"https:\/\/www.penzion-berc.si\/it\/#\/schema\/logo\/image\/","url":"https:\/\/www.penzion-berc.si\/wp-content\/uploads\/2018\/10\/penzion_berc_logo3.png","contentUrl":"https:\/\/www.penzion-berc.si\/wp-content\/uploads\/2018\/10\/penzion_berc_logo3.png","width":271,"height":97,"caption":"Penzion Berc"},"image":{"@id":"https:\/\/www.penzion-berc.si\/it\/#\/schema\/logo\/image\/"},"sameAs":["https:\/\/www.facebook.com\/PenzionBerc\/","https:\/\/www.instagram.com\/penzionberc\/"]}]}},"_links":{"self":[{"href":"https:\/\/www.penzion-berc.si\/it\/wp-json\/wp\/v2\/pages\/28975","targetHints":{"allow":["GET"]}}],"collection":[{"href":"https:\/\/www.penzion-berc.si\/it\/wp-json\/wp\/v2\/pages"}],"about":[{"href":"https:\/\/www.penzion-berc.si\/it\/wp-json\/wp\/v2\/types\/page"}],"author":[{"embeddable":true,"href":"https:\/\/www.penzion-berc.si\/it\/wp-json\/wp\/v2\/users\/3"}],"replies":[{"embeddable":true,"href":"https:\/\/www.penzion-berc.si\/it\/wp-json\/wp\/v2\/comments?post=28975"}],"version-history":[{"count":4,"href":"https:\/\/www.penzion-berc.si\/it\/wp-json\/wp\/v2\/pages\/28975\/revisions"}],"predecessor-version":[{"id":29055,"href":"https:\/\/www.penzion-berc.si\/it\/wp-json\/wp\/v2\/pages\/28975\/revisions\/29055"}],"up":[{"embeddable":true,"href":"https:\/\/www.penzion-berc.si\/it\/wp-json\/wp\/v2\/pages\/8332"}],"wp:featuredmedia":[{"embeddable":true,"href":"https:\/\/www.penzion-berc.si\/it\/wp-json\/wp\/v2\/media\/29043"}],"wp:attachment":[{"href":"https:\/\/www.penzion-berc.si\/it\/wp-json\/wp\/v2\/media?parent=28975"}],"wp:term":[{"taxonomy":"category","embeddable":true,"href":"https:\/\/www.penzion-berc.si\/it\/wp-json\/wp\/v2\/categories?post=28975"}],"curies":[{"name":"wp","href":"https:\/\/api.w.org\/{rel}","templated":true}]}}