{"id":8945,"date":"2015-07-06T08:26:09","date_gmt":"2015-07-06T08:26:09","guid":{"rendered":"http:\/\/move.forward.si\/dev\/o-nas\/"},"modified":"2023-02-14T13:09:18","modified_gmt":"2023-02-14T13:09:18","slug":"uber-uns","status":"publish","type":"page","link":"https:\/\/www.penzion-berc.si\/de\/uber-uns\/","title":{"rendered":"\u00dcber uns"},"content":{"rendered":"<div id=\"pl-8945\"  class=\"panel-layout\" ><div id=\"pg-8945-0\"  class=\"panel-grid panel-no-style\" ><div id=\"pgc-8945-0-0\"  class=\"panel-grid-cell\" ><div id=\"panel-8945-0-0-0\" class=\"so-panel widget widget_heading panel-first-child panel-last-child\" data-index=\"0\" ><div class=\"thim-widget-heading thim-widget-heading-base template-style_new\"><div class=\"style_new sc-heading article_heading \"><div class=\"content-heading\"><div class=\"small-heading\">Penzion Berc Bled<\/div><h2 class=\"heading__primary\">\u00dcber 100 Jahre Tradition, eingebettet in jeden Stein<\/h2><div class=\"description-heading\"><p>Pension Berc ist viel mehr als nur ein Anbieter von Unterk\u00fcnften und guter K\u00fcche. Unsere Geschichte wuchs und entwickelte sich auf Fundamenten einer \u00fcber 100 Jahre alten Tradition, die 1908 begann, als unser Urgro\u00dfvater Joseph Berc der Besitzer des Gutshofs wurde. Heutiges m\u00e4chtiges Au\u00dfenbild der Pension bewahrt immer noch den roten Faden der fr\u00fcheren Architektur und erinnert uns an den Weg, den unsere Vorfahren gingen.<\/p><\/div><\/div><div class=\"background-heading\">\u00fcber uns<\/div><\/div><\/div><\/div><\/div><\/div><div id=\"pg-8945-1\"  class=\"panel-grid panel-has-style\" ><div class=\"panel-row-style panel-row-style-for-8945-1\" ><div id=\"pgc-8945-1-0\"  class=\"panel-grid-cell\" ><div id=\"panel-8945-1-0-0\" class=\"so-panel widget widget_box panel-first-child panel-last-child\" data-index=\"1\" ><div class=\"two-images-with-background panel-widget-style panel-widget-style-for-8945-1-0-0\" ><div class=\"thim-widget-box thim-widget-box-base template-base\"><div class=\"box_image style_1\">\n\t\t<div class=\"image\">\n\t\t<div class=\"row\">\n\t\t\t<div class=\"image-left col-md-6 col-sm-6\">\n\t\t\t\t<img src =\"https:\/\/www.penzion-berc.si\/wp-content\/uploads\/2018\/11\/o-nas-002.jpg\" width=\"533\" height=\"800\" alt= \"\u00dcber uns\" \/>\t\t\t<\/div>\n\t\t\t<div class=\"image-right col-md-6 col-sm-6\">\n\t\t\t\t<img src =\"https:\/\/www.penzion-berc.si\/wp-content\/uploads\/2018\/11\/o-nas-001.jpg\" width=\"533\" height=\"800\" alt= \"\u00dcber uns\" \/>\t\t\t<\/div>\n\t\t<\/div>\n\t<\/div>\n\t<div class=\"image_background\">\n\t\t<img src =\"https:\/\/www.penzion-berc.si\/wp-content\/uploads\/2018\/07\/background.png\" width=\"346\" height=\"579\" alt= \"\u00dcber uns\" \/>\t<\/div>\n\t<\/div>\n\n<\/div><\/div><\/div><\/div><div id=\"pgc-8945-1-1\"  class=\"panel-grid-cell\" ><div class=\"panel-cell-style panel-cell-style-for-8945-1-1\" ><div id=\"panel-8945-1-1-0\" class=\"so-panel widget widget_sow-editor panel-first-child\" data-index=\"2\" ><div\n\t\t\t\n\t\t\tclass=\"so-widget-sow-editor so-widget-sow-editor-base\"\n\t\t\t\n\t\t>\n<div class=\"siteorigin-widget-tinymce textwidget\">\n\t<div id=\"content-container\">\n<div class=\"shadow\">\n<section id=\"content\" class=\"o-nas content\">\n<div id=\"content-main\">\n<article id=\"main\" class=\"o-nas\">\n<div class=\"main\">\n<h3>Vom Bauernhof zur modernsten Pension in Jugoslawien<\/h3>\n<p class=\"p1\"><span class=\"s1\">Ein eher schickalshafter Moment f\u00fcr die Entwicklung der heutigen Pension war <strong>im Jahr 1954<\/strong>, als Ludvik und Rozalija Berc beschlossen, die landwirtschaftliche T\u00e4tigkeit aufzugeben und sich damit den Herausforderungen des gesamten Tourismus zu stellen. Der Weg war nicht einfach, aber es hat sich gelohnt und Anfang der 70er Jahre wurde ein besonderer Erfolg gekr\u00f6nt, als Ludvik Jr. und Milena Berc den Hof \u00fcbernahmen und machtem ihn zur <strong>modernsten Pension<\/strong> im damaligen Jugoslawien.<\/span><\/p>\n<\/div>\n<\/article>\n<div class=\"cf\"><\/div>\n<\/div>\n<\/section>\n<\/div>\n<\/div>\n<\/div>\n<\/div><\/div><div id=\"panel-8945-1-1-1\" class=\"so-panel widget widget_sow-button panel-last-child\" data-index=\"3\" ><div\n\t\t\t\n\t\t\tclass=\"so-widget-sow-button so-widget-sow-button-flat-d5b1fcccb412-8945\"\n\t\t\t\n\t\t><div class=\"ow-button-base ow-button-align-left\"\n>\n\t\t\t<a\n\t\t\t\t\thref=\"#zgodovina-penzion-berc\"\n\t\t\t\t\tclass=\"scroll-anchor sowb-button ow-icon-placement-right ow-button-hover\" \t>\n\t\t<span>\n\t\t\t<span class=\"sow-icon-fontawesome sow-fas\" data-sow-icon=\"&#xf107;\"\n\t\tstyle=\"color: #ffffff\" \n\t\taria-hidden=\"true\"><\/span>\n\t\t\t\u00fcber unsere geschichte\t\t<\/span>\n\t\t\t<\/a>\n\t<\/div>\n<\/div><\/div><\/div><\/div><\/div><\/div><div id=\"pg-8945-2\"  class=\"panel-grid panel-has-style\" ><div id=\"email\" class=\"panel-row-style panel-row-style-for-8945-2\" ><div id=\"pgc-8945-2-0\"  class=\"panel-grid-cell\" ><div id=\"panel-8945-2-0-0\" class=\"so-panel widget widget_heading panel-first-child\" data-index=\"4\" ><div class=\"thim-widget-heading thim-widget-heading-base template-style_new\"><div class=\"style_new sc-heading article_heading \"><div class=\"content-heading\"><div class=\"small-heading\">Penzion Berc Bled<\/div><h2 class=\"heading__primary\">Erhalten Sie Zugang zu exklusiven Angeboten<\/h2><div class=\"description-heading\"><p>Nehmen Sie an unserem Treueprogramm teil - profitieren Sie von exklusiven Angeboten und erhalten Sie Zugang zu Sonderpreisen f\u00fcr unsere Mitglieder. Tritt heute bei!<\/p><\/div><\/div><div class=\"background-heading\">exklusiven<\/div><\/div><\/div><\/div><div id=\"panel-8945-2-0-1\" class=\"widget_text so-panel widget widget_custom_html panel-last-child\" data-index=\"5\" ><div class=\"textwidget custom-html-widget\"><script src=\"\/\/web.webformscr.com\/apps\/fc3\/build\/loader.js\" async sp-form-id=\"cb1e6a1f7b7d4ef99f0dc26967ed516943cdc8ebceb02e31af66d1d7bd20a394\"><\/script><\/div><\/div><\/div><\/div><\/div><div id=\"pg-8945-3\"  class=\"panel-grid panel-has-style\" ><div class=\"so-parallax siteorigin-panels-stretch thim-fix-stretched panel-row-style panel-row-style-for-8945-3\" data-stretch-type=\"full-stretched\" ><img fetchpriority=\"high\" decoding=\"async\" width=\"1620\" height=\"1080\" src=\"https:\/\/www.penzion-berc.si\/wp-content\/uploads\/2018\/11\/detajl-001.jpg\" class=\"attachment-full size-full\" alt=\"Penzion Berc Bled kontakt\" data-siteorigin-parallax=\"true\" loading=\"eager\" srcset=\"https:\/\/www.penzion-berc.si\/wp-content\/uploads\/2018\/11\/detajl-001.jpg 1620w, https:\/\/www.penzion-berc.si\/wp-content\/uploads\/2018\/11\/detajl-001-300x200.jpg 300w, https:\/\/www.penzion-berc.si\/wp-content\/uploads\/2018\/11\/detajl-001-768x512.jpg 768w, https:\/\/www.penzion-berc.si\/wp-content\/uploads\/2018\/11\/detajl-001-1024x683.jpg 1024w, https:\/\/www.penzion-berc.si\/wp-content\/uploads\/2018\/11\/detajl-001-272x182.jpg 272w\" sizes=\"(max-width: 1620px) 100vw, 1620px\" \/><div id=\"pgc-8945-3-0\"  class=\"panel-grid-cell\" ><div class=\"panel-cell-style panel-cell-style-for-8945-3-0\" ><div id=\"panel-8945-3-0-0\" class=\"so-panel widget widget_heading panel-first-child\" data-index=\"6\" ><div class=\"small-padding panel-widget-style panel-widget-style-for-8945-3-0-0\" ><div class=\"thim-widget-heading thim-widget-heading-base template-base\"><div class=\"sc-heading article_heading wrapper-line-heading\"><h2 style=\"color:#ffffff;\" class=\"heading__primary\">Kontaktiere uns<\/h2><span class=\"line-heading\"><span><\/span><\/span><\/div><\/div><\/div><\/div><div id=\"panel-8945-3-0-1\" class=\"widget_text so-panel widget widget_custom_html panel-last-child\" data-index=\"7\" ><div class=\"textwidget custom-html-widget\">\n<div class=\"wpcf7 no-js\" id=\"wpcf7-f13076-o1\" lang=\"en-US\" dir=\"ltr\" data-wpcf7-id=\"13076\">\n<div class=\"screen-reader-response\"><p role=\"status\" aria-live=\"polite\" aria-atomic=\"true\"><\/p> <ul><\/ul><\/div>\n<form action=\"\/de\/wp-json\/wp\/v2\/pages\/8945#wpcf7-f13076-o1\" method=\"post\" class=\"wpcf7-form init\" aria-label=\"Contact form\" novalidate=\"novalidate\" data-status=\"init\">\n<fieldset class=\"hidden-fields-container\"><input type=\"hidden\" name=\"_wpcf7\" value=\"13076\" \/><input type=\"hidden\" name=\"_wpcf7_version\" value=\"6.1.5\" \/><input type=\"hidden\" name=\"_wpcf7_locale\" value=\"en_US\" \/><input type=\"hidden\" name=\"_wpcf7_unit_tag\" value=\"wpcf7-f13076-o1\" \/><input type=\"hidden\" name=\"_wpcf7_container_post\" value=\"0\" \/><input type=\"hidden\" name=\"_wpcf7_posted_data_hash\" value=\"\" \/>\n<\/fieldset>\n<div class=\"row\">\n\t<div class=\"col-sm-6\">\n\t\t<p><span class=\"wpcf7-form-control-wrap\" data-name=\"your-name\"><input size=\"40\" maxlength=\"400\" class=\"wpcf7-form-control wpcf7-text wpcf7-validates-as-required\" aria-required=\"true\" aria-invalid=\"false\" placeholder=\"Dein Name *\" value=\"\" type=\"text\" name=\"your-name\" \/><\/span>\n\t\t<\/p>\n\t<\/div>\n\t<div class=\"col-sm-6\">\n\t\t<p><span class=\"wpcf7-form-control-wrap\" data-name=\"your-email\"><input size=\"40\" maxlength=\"400\" class=\"wpcf7-form-control wpcf7-email wpcf7-validates-as-required wpcf7-text wpcf7-validates-as-email\" aria-required=\"true\" aria-invalid=\"false\" placeholder=\"E-Mail-Addresse *\" value=\"\" type=\"email\" name=\"your-email\" \/><\/span>\n\t\t<\/p>\n\t<\/div>\n<\/div>\n<div class=\"row\">\n\t<div class=\"col-sm-12\">\n\t\t<p><span class=\"wpcf7-form-control-wrap\" data-name=\"your-subject\"><input size=\"40\" maxlength=\"400\" class=\"wpcf7-form-control wpcf7-text wpcf7-validates-as-required\" aria-required=\"true\" aria-invalid=\"false\" placeholder=\"Gegenstand *\" value=\"\" type=\"text\" name=\"your-subject\" \/><\/span>\n\t\t<\/p>\n\t<\/div>\n<\/div>\n<div class=\"row\">\n\t<div class=\"col-sm-12\">\n\t\t<p><span class=\"wpcf7-form-control-wrap\" data-name=\"your-message\"><textarea cols=\"40\" rows=\"10\" maxlength=\"2000\" class=\"wpcf7-form-control wpcf7-textarea wpcf7-validates-as-required\" aria-required=\"true\" aria-invalid=\"false\" placeholder=\"Botschaft *\" name=\"your-message\"><\/textarea><\/span>\n\t\t<\/p>\n\t<\/div>\n<\/div>\n<p><input class=\"wpcf7-form-control wpcf7-submit has-spinner\" type=\"submit\" value=\"Senden\" \/>\n<\/p><p style=\"display: none !important;\" class=\"akismet-fields-container\" data-prefix=\"_wpcf7_ak_\"><label>&#916;<textarea name=\"_wpcf7_ak_hp_textarea\" cols=\"45\" rows=\"8\" maxlength=\"100\"><\/textarea><\/label><input type=\"hidden\" id=\"ak_js_1\" name=\"_wpcf7_ak_js\" value=\"102\"\/><script>document.getElementById( \"ak_js_1\" ).setAttribute( \"value\", ( new Date() ).getTime() );<\/script><\/p><div class=\"wpcf7-response-output\" aria-hidden=\"true\"><\/div>\n<\/form>\n<\/div>\n<\/div><\/div><\/div><\/div><\/div><\/div><div id=\"pg-8945-4\"  class=\"panel-grid panel-has-style\" ><div id=\"zgodovina-penzion-berc\" class=\"panel-row-style panel-row-style-for-8945-4\" ><div id=\"pgc-8945-4-0\"  class=\"panel-grid-cell\" ><div id=\"panel-8945-4-0-0\" class=\"so-panel widget widget_heading panel-first-child panel-last-child\" data-index=\"8\" ><div class=\"thim-widget-heading thim-widget-heading-base template-style_new\"><div class=\"style_new sc-heading article_heading \"><div class=\"content-heading\"><div class=\"small-heading\">Penzion Berc Bled<\/div><h2 class=\"heading__primary\">Unsere Geschichte<\/h2><div class=\"description-heading\"><p><\/p><\/div><\/div><div class=\"background-heading\">geschichte<\/div><\/div><\/div><\/div><\/div><\/div><\/div><div id=\"pg-8945-5\"  class=\"panel-grid panel-no-style\" ><div id=\"pgc-8945-5-0\"  class=\"panel-grid-cell\" ><div id=\"panel-8945-5-0-0\" class=\"widget_text so-panel widget widget_custom_html panel-first-child panel-last-child\" data-index=\"9\" ><div class=\"textwidget custom-html-widget\"><\/div><\/div><\/div><div id=\"pgc-8945-5-1\"  class=\"panel-grid-cell\" ><div class=\"panel-cell-style panel-cell-style-for-8945-5-1\" ><div id=\"panel-8945-5-1-0\" class=\"so-panel widget widget_sow-editor panel-first-child panel-last-child\" data-index=\"10\" ><div\n\t\t\t\n\t\t\tclass=\"so-widget-sow-editor so-widget-sow-editor-base\"\n\t\t\t\n\t\t>\n<div class=\"siteorigin-widget-tinymce textwidget\">\n\t<p class=\"p1\"><em><span class=\"s1\">\"Als dritte Generation, die die erfolgreiche Geschichte der Pension Berc fortsetzt, schw\u00f6rt auf Gem\u00fctlichkeit, weswegen unsere G\u00e4ste immer gerne zur\u00fcckkommen, w\u00e4hrend wir gleichzeitig einen Schritt mit der Zeit gehen, sowohl bei der Renovierung der R\u00e4ume als auch beim kulinarischen Angebot auf allerh\u00f6chstem Niveau.\"\u00a0<\/span><\/em><span class=\"s1\"> - Miha Berc<\/span><\/p>\n<p>&nbsp;<\/p>\n<p>Heute ist der Bauernhof in ein freundliches Boutique-Hotel umgewandelt, das schon von der dritten Familiengeneration gef\u00fchrt wird. Mit Respekt pflegen wir ein Bekenntnis zur Tradition, die jeden Schritt zu einer friedlichen und heimischen Atmosph\u00e4re macht, gefolgt von modernen Trends im Innen- und Au\u00dfenbereich sowie der erstklassigen K\u00fcche.<\/p>\n<\/div>\n<\/div><\/div><\/div><\/div><\/div><div id=\"pg-8945-6\"  class=\"panel-grid panel-has-style\" ><div class=\"panel-row-style panel-row-style-for-8945-6\" ><div id=\"pgc-8945-6-0\"  class=\"panel-grid-cell\" ><div id=\"panel-8945-6-0-0\" class=\"so-panel widget widget_sow-editor panel-first-child panel-last-child\" data-index=\"11\" ><div\n\t\t\t\n\t\t\tclass=\"so-widget-sow-editor so-widget-sow-editor-base\"\n\t\t\t\n\t\t>\n<div class=\"siteorigin-widget-tinymce textwidget\">\n\t<h3 class=\"p1\"><span class=\"s1\">Im Herzen von Bled<\/span><\/h3>\n<p class=\"p3\"><span class=\"s1\">Die Pension befindet sich in ruhiger Lage inmitten einer atemberaubenden Landschaft von Bled, die sich im Osten bis zu den m\u00e4chtigen Julischen Alpen erhebt. Vom Stadtzentrum von Bled, einem der sch\u00f6nsten und \u00e4ltesten Fremdenverkehrsorte Sloweniens, trennen Sie nur <strong>3 Minuten zu Fu\u00df<\/strong>. Der Bleder See liegt ebenfalls ganz in der N\u00e4he.<\/span><\/p>\n<\/div>\n<\/div><\/div><\/div><div id=\"pgc-8945-6-1\"  class=\"panel-grid-cell\" ><div class=\"panel-cell-style panel-cell-style-for-8945-6-1\" ><div id=\"panel-8945-6-1-0\" class=\"widget_text so-panel widget widget_custom_html panel-first-child panel-last-child\" data-index=\"12\" ><div class=\"textwidget custom-html-widget\"><\/div><\/div><\/div><\/div><\/div><\/div><\/div>","protected":false},"excerpt":{"rendered":"<p>Vom Bauernhof zur modernsten Pension in Jugoslawien Ein eher schickalshafter Moment f\u00fcr die Entwicklung der heutigen Pension war im Jahr 1954, als Ludvik und Rozalija Berc beschlossen, die landwirtschaftliche T\u00e4tigkeit aufzugeben und sich damit den Herausforderungen des gesamten Tourismus zu stellen. Der Weg war nicht einfach, aber es hat sich gelohnt und Anfang der 70er [&hellip;]<\/p>\n","protected":false},"author":1,"featured_media":0,"parent":0,"menu_order":0,"comment_status":"closed","ping_status":"closed","template":"","meta":{"footnotes":""},"class_list":["post-8945","page","type-page","status-publish","hentry"],"yoast_head":"<!-- This site is optimized with the Yoast SEO plugin v27.4 - https:\/\/yoast.com\/product\/yoast-seo-wordpress\/ -->\n<title>\u00dcber uns - Penzion Berc, Bled<\/title>\n<meta name=\"description\" content=\"\u00dcber uns Kontaktieren Sie uns Pension Berc. \u00dcber 100 Jahre Tradition, eingebettet in jeden Stein. Vom Bauernhof zur modernen Pension in Jugoslawien.\" \/>\n<meta name=\"robots\" content=\"index, follow, max-snippet:-1, max-image-preview:large, max-video-preview:-1\" \/>\n<link rel=\"canonical\" href=\"https:\/\/www.penzion-berc.si\/de\/uber-uns\/\" \/>\n<meta property=\"og:locale\" content=\"de_DE\" \/>\n<meta property=\"og:type\" content=\"article\" \/>\n<meta property=\"og:title\" content=\"\u00dcber uns - Penzion Berc, Bled\" \/>\n<meta property=\"og:description\" content=\"\u00dcber uns Kontaktieren Sie uns Pension Berc. \u00dcber 100 Jahre Tradition, eingebettet in jeden Stein. Vom Bauernhof zur modernen Pension in Jugoslawien.\" \/>\n<meta property=\"og:url\" content=\"https:\/\/www.penzion-berc.si\/de\/uber-uns\/\" \/>\n<meta property=\"og:site_name\" content=\"Pension Berc, Bled | Offizielle Website - Garantiert niedrigsten Preis\" \/>\n<meta property=\"article:publisher\" content=\"https:\/\/www.facebook.com\/PenzionBerc\/\" \/>\n<meta property=\"article:modified_time\" content=\"2023-02-14T13:09:18+00:00\" \/>\n<meta property=\"og:image\" content=\"https:\/\/www.penzion-berc.si\/wp-content\/uploads\/2018\/11\/detajl-001.jpg\" \/>\n<meta name=\"twitter:card\" content=\"summary_large_image\" \/>\n<meta name=\"twitter:label1\" content=\"Gesch\u00e4tzte Lesezeit\" \/>\n\t<meta name=\"twitter:data1\" content=\"2\u00a0Minuten\" \/>\n<script type=\"application\/ld+json\" class=\"yoast-schema-graph\">{\"@context\":\"https:\\\/\\\/schema.org\",\"@graph\":[{\"@type\":\"WebPage\",\"@id\":\"https:\\\/\\\/www.penzion-berc.si\\\/de\\\/uber-uns\\\/\",\"url\":\"https:\\\/\\\/www.penzion-berc.si\\\/de\\\/uber-uns\\\/\",\"name\":\"\u00dcber uns - Penzion Berc, Bled\",\"isPartOf\":{\"@id\":\"https:\\\/\\\/www.penzion-berc.si\\\/de\\\/#website\"},\"primaryImageOfPage\":{\"@id\":\"https:\\\/\\\/www.penzion-berc.si\\\/de\\\/uber-uns\\\/#primaryimage\"},\"image\":{\"@id\":\"https:\\\/\\\/www.penzion-berc.si\\\/de\\\/uber-uns\\\/#primaryimage\"},\"thumbnailUrl\":\"https:\\\/\\\/www.penzion-berc.si\\\/wp-content\\\/uploads\\\/2018\\\/11\\\/detajl-001.jpg\",\"datePublished\":\"2015-07-06T08:26:09+00:00\",\"dateModified\":\"2023-02-14T13:09:18+00:00\",\"description\":\"\u00dcber uns Kontaktieren Sie uns Pension Berc. \u00dcber 100 Jahre Tradition, eingebettet in jeden Stein. Vom Bauernhof zur modernen Pension in Jugoslawien.\",\"breadcrumb\":{\"@id\":\"https:\\\/\\\/www.penzion-berc.si\\\/de\\\/uber-uns\\\/#breadcrumb\"},\"inLanguage\":\"de\",\"potentialAction\":[{\"@type\":\"ReadAction\",\"target\":[\"https:\\\/\\\/www.penzion-berc.si\\\/de\\\/uber-uns\\\/\"]}]},{\"@type\":\"ImageObject\",\"inLanguage\":\"de\",\"@id\":\"https:\\\/\\\/www.penzion-berc.si\\\/de\\\/uber-uns\\\/#primaryimage\",\"url\":\"https:\\\/\\\/www.penzion-berc.si\\\/wp-content\\\/uploads\\\/2018\\\/11\\\/detajl-001.jpg\",\"contentUrl\":\"https:\\\/\\\/www.penzion-berc.si\\\/wp-content\\\/uploads\\\/2018\\\/11\\\/detajl-001.jpg\"},{\"@type\":\"BreadcrumbList\",\"@id\":\"https:\\\/\\\/www.penzion-berc.si\\\/de\\\/uber-uns\\\/#breadcrumb\",\"itemListElement\":[{\"@type\":\"ListItem\",\"position\":1,\"name\":\"Domov\",\"item\":\"https:\\\/\\\/www.penzion-berc.si\\\/de\\\/\"},{\"@type\":\"ListItem\",\"position\":2,\"name\":\"\u00dcber uns\"}]},{\"@type\":\"WebSite\",\"@id\":\"https:\\\/\\\/www.penzion-berc.si\\\/de\\\/#website\",\"url\":\"https:\\\/\\\/www.penzion-berc.si\\\/de\\\/\",\"name\":\"Penzion Berc, Bled | Uradna stran - Garantirano najni\u017eja cena\",\"description\":\"Offizielle Website - Garantiert niedrigsten Preis\",\"publisher\":{\"@id\":\"https:\\\/\\\/www.penzion-berc.si\\\/de\\\/#organization\"},\"potentialAction\":[{\"@type\":\"SearchAction\",\"target\":{\"@type\":\"EntryPoint\",\"urlTemplate\":\"https:\\\/\\\/www.penzion-berc.si\\\/de\\\/?s={search_term_string}\"},\"query-input\":{\"@type\":\"PropertyValueSpecification\",\"valueRequired\":true,\"valueName\":\"search_term_string\"}}],\"inLanguage\":\"de\"},{\"@type\":\"Organization\",\"@id\":\"https:\\\/\\\/www.penzion-berc.si\\\/de\\\/#organization\",\"name\":\"Penzion Berc\",\"url\":\"https:\\\/\\\/www.penzion-berc.si\\\/de\\\/\",\"logo\":{\"@type\":\"ImageObject\",\"inLanguage\":\"de\",\"@id\":\"https:\\\/\\\/www.penzion-berc.si\\\/de\\\/#\\\/schema\\\/logo\\\/image\\\/\",\"url\":\"https:\\\/\\\/www.penzion-berc.si\\\/wp-content\\\/uploads\\\/2018\\\/10\\\/penzion_berc_logo3.png\",\"contentUrl\":\"https:\\\/\\\/www.penzion-berc.si\\\/wp-content\\\/uploads\\\/2018\\\/10\\\/penzion_berc_logo3.png\",\"width\":271,\"height\":97,\"caption\":\"Penzion Berc\"},\"image\":{\"@id\":\"https:\\\/\\\/www.penzion-berc.si\\\/de\\\/#\\\/schema\\\/logo\\\/image\\\/\"},\"sameAs\":[\"https:\\\/\\\/www.facebook.com\\\/PenzionBerc\\\/\",\"https:\\\/\\\/www.instagram.com\\\/penzionberc\\\/\"]}]}<\/script>\n<!-- \/ Yoast SEO plugin. -->","yoast_head_json":{"title":"\u00dcber uns - Penzion Berc, Bled","description":"\u00dcber uns Kontaktieren Sie uns Pension Berc. \u00dcber 100 Jahre Tradition, eingebettet in jeden Stein. Vom Bauernhof zur modernen Pension in Jugoslawien.","robots":{"index":"index","follow":"follow","max-snippet":"max-snippet:-1","max-image-preview":"max-image-preview:large","max-video-preview":"max-video-preview:-1"},"canonical":"https:\/\/www.penzion-berc.si\/de\/uber-uns\/","og_locale":"de_DE","og_type":"article","og_title":"\u00dcber uns - Penzion Berc, Bled","og_description":"\u00dcber uns Kontaktieren Sie uns Pension Berc. \u00dcber 100 Jahre Tradition, eingebettet in jeden Stein. Vom Bauernhof zur modernen Pension in Jugoslawien.","og_url":"https:\/\/www.penzion-berc.si\/de\/uber-uns\/","og_site_name":"Pension Berc, Bled | Offizielle Website - Garantiert niedrigsten Preis","article_publisher":"https:\/\/www.facebook.com\/PenzionBerc\/","article_modified_time":"2023-02-14T13:09:18+00:00","og_image":[{"url":"https:\/\/www.penzion-berc.si\/wp-content\/uploads\/2018\/11\/detajl-001.jpg","type":"","width":"","height":""}],"twitter_card":"summary_large_image","twitter_misc":{"Gesch\u00e4tzte Lesezeit":"2\u00a0Minuten"},"schema":{"@context":"https:\/\/schema.org","@graph":[{"@type":"WebPage","@id":"https:\/\/www.penzion-berc.si\/de\/uber-uns\/","url":"https:\/\/www.penzion-berc.si\/de\/uber-uns\/","name":"\u00dcber uns - Penzion Berc, Bled","isPartOf":{"@id":"https:\/\/www.penzion-berc.si\/de\/#website"},"primaryImageOfPage":{"@id":"https:\/\/www.penzion-berc.si\/de\/uber-uns\/#primaryimage"},"image":{"@id":"https:\/\/www.penzion-berc.si\/de\/uber-uns\/#primaryimage"},"thumbnailUrl":"https:\/\/www.penzion-berc.si\/wp-content\/uploads\/2018\/11\/detajl-001.jpg","datePublished":"2015-07-06T08:26:09+00:00","dateModified":"2023-02-14T13:09:18+00:00","description":"\u00dcber uns Kontaktieren Sie uns Pension Berc. \u00dcber 100 Jahre Tradition, eingebettet in jeden Stein. Vom Bauernhof zur modernen Pension in Jugoslawien.","breadcrumb":{"@id":"https:\/\/www.penzion-berc.si\/de\/uber-uns\/#breadcrumb"},"inLanguage":"de","potentialAction":[{"@type":"ReadAction","target":["https:\/\/www.penzion-berc.si\/de\/uber-uns\/"]}]},{"@type":"ImageObject","inLanguage":"de","@id":"https:\/\/www.penzion-berc.si\/de\/uber-uns\/#primaryimage","url":"https:\/\/www.penzion-berc.si\/wp-content\/uploads\/2018\/11\/detajl-001.jpg","contentUrl":"https:\/\/www.penzion-berc.si\/wp-content\/uploads\/2018\/11\/detajl-001.jpg"},{"@type":"BreadcrumbList","@id":"https:\/\/www.penzion-berc.si\/de\/uber-uns\/#breadcrumb","itemListElement":[{"@type":"ListItem","position":1,"name":"Domov","item":"https:\/\/www.penzion-berc.si\/de\/"},{"@type":"ListItem","position":2,"name":"\u00dcber uns"}]},{"@type":"WebSite","@id":"https:\/\/www.penzion-berc.si\/de\/#website","url":"https:\/\/www.penzion-berc.si\/de\/","name":"Penzion Berc, Bled | Uradna stran - Garantirano najni\u017eja cena","description":"Offizielle Website - Garantiert niedrigsten Preis","publisher":{"@id":"https:\/\/www.penzion-berc.si\/de\/#organization"},"potentialAction":[{"@type":"SearchAction","target":{"@type":"EntryPoint","urlTemplate":"https:\/\/www.penzion-berc.si\/de\/?s={search_term_string}"},"query-input":{"@type":"PropertyValueSpecification","valueRequired":true,"valueName":"search_term_string"}}],"inLanguage":"de"},{"@type":"Organization","@id":"https:\/\/www.penzion-berc.si\/de\/#organization","name":"Penzion Berc","url":"https:\/\/www.penzion-berc.si\/de\/","logo":{"@type":"ImageObject","inLanguage":"de","@id":"https:\/\/www.penzion-berc.si\/de\/#\/schema\/logo\/image\/","url":"https:\/\/www.penzion-berc.si\/wp-content\/uploads\/2018\/10\/penzion_berc_logo3.png","contentUrl":"https:\/\/www.penzion-berc.si\/wp-content\/uploads\/2018\/10\/penzion_berc_logo3.png","width":271,"height":97,"caption":"Penzion Berc"},"image":{"@id":"https:\/\/www.penzion-berc.si\/de\/#\/schema\/logo\/image\/"},"sameAs":["https:\/\/www.facebook.com\/PenzionBerc\/","https:\/\/www.instagram.com\/penzionberc\/"]}]}},"_links":{"self":[{"href":"https:\/\/www.penzion-berc.si\/de\/wp-json\/wp\/v2\/pages\/8945","targetHints":{"allow":["GET"]}}],"collection":[{"href":"https:\/\/www.penzion-berc.si\/de\/wp-json\/wp\/v2\/pages"}],"about":[{"href":"https:\/\/www.penzion-berc.si\/de\/wp-json\/wp\/v2\/types\/page"}],"author":[{"embeddable":true,"href":"https:\/\/www.penzion-berc.si\/de\/wp-json\/wp\/v2\/users\/1"}],"replies":[{"embeddable":true,"href":"https:\/\/www.penzion-berc.si\/de\/wp-json\/wp\/v2\/comments?post=8945"}],"version-history":[{"count":2,"href":"https:\/\/www.penzion-berc.si\/de\/wp-json\/wp\/v2\/pages\/8945\/revisions"}],"predecessor-version":[{"id":29170,"href":"https:\/\/www.penzion-berc.si\/de\/wp-json\/wp\/v2\/pages\/8945\/revisions\/29170"}],"wp:attachment":[{"href":"https:\/\/www.penzion-berc.si\/de\/wp-json\/wp\/v2\/media?parent=8945"}],"curies":[{"name":"wp","href":"https:\/\/api.w.org\/{rel}","templated":true}]}}