{"id":8687,"date":"2018-11-26T12:46:10","date_gmt":"2018-11-26T12:46:10","guid":{"rendered":"http:\/\/move.forward.si\/dev\/aktivnosti\/"},"modified":"2019-02-18T13:11:54","modified_gmt":"2019-02-18T13:11:54","slug":"aktivitaten","status":"publish","type":"page","link":"https:\/\/www.penzion-berc.si\/de\/aktivitaten\/","title":{"rendered":"Aktivit\u00e4ten"},"content":{"rendered":"<div id=\"pl-8687\"  class=\"panel-layout\" ><div id=\"pg-8687-0\"  class=\"panel-grid panel-no-style\" ><div id=\"pgc-8687-0-0\"  class=\"panel-grid-cell\" ><div id=\"panel-8687-0-0-0\" class=\"so-panel widget widget_heading panel-first-child panel-last-child\" data-index=\"0\" ><div class=\"thim-widget-heading thim-widget-heading-base template-style_new\"><div class=\"style_new sc-heading article_heading \"><div class=\"content-heading\"><div class=\"small-heading\">Penzion Berc Bled<\/div><h2 class=\"heading__primary\">Aktivit\u00e4ten<\/h2><div class=\"description-heading\"><p>Bled ist wundersch\u00f6n und  umrandet mit den Julischen Alpen, in der Mitte von der Stadt finden wir den Bleder See. Bled und die Umgebung bieten uns zahlreiche Sportaktivit\u00e4ten an. Die k\u00f6nnen entweder entspannt oder sportlich sein, mit so viel Adrenalin, dass sie auch die gr\u00f6\u00dften Sportenthusiasten befriedigen.<\/p><\/div><\/div><div class=\"background-heading\">aktivit\u00e4ten<\/div><\/div><\/div><\/div><\/div><\/div><div id=\"pg-8687-1\"  class=\"panel-grid panel-no-style\" ><div id=\"pgc-8687-1-0\"  class=\"panel-grid-cell\" ><div id=\"panel-8687-1-0-0\" class=\"so-panel widget widget_box panel-first-child panel-last-child\" data-index=\"1\" ><div class=\"two-images-with-background panel-widget-style panel-widget-style-for-8687-1-0-0\" ><div class=\"thim-widget-box thim-widget-box-base template-base\"><div class=\"box_image style_1\">\n\t\t<div class=\"image\">\n\t\t<div class=\"row\">\n\t\t\t<div class=\"image-left col-md-6 col-sm-6\">\n\t\t\t\t<img src =\"https:\/\/www.penzion-berc.si\/wp-content\/uploads\/2018\/11\/blejsko-jezero-003.jpg\" width=\"533\" height=\"800\" alt= \"Aktivit\u00e4ten\" \/>\t\t\t<\/div>\n\t\t\t<div class=\"image-right col-md-6 col-sm-6\">\n\t\t\t\t<img src =\"https:\/\/www.penzion-berc.si\/wp-content\/uploads\/2018\/11\/blejsko-jezero-001.jpg\" width=\"533\" height=\"800\" alt= \"Aktivit\u00e4ten\" \/>\t\t\t<\/div>\n\t\t<\/div>\n\t<\/div>\n\t<div class=\"image_background\">\n\t\t<img src =\"https:\/\/www.penzion-berc.si\/wp-content\/uploads\/2018\/07\/background.png\" width=\"346\" height=\"579\" alt= \"Aktivit\u00e4ten\" \/>\t<\/div>\n\t<\/div>\n\n<\/div><\/div><\/div><\/div><div id=\"pgc-8687-1-1\"  class=\"panel-grid-cell\" ><div class=\"panel-cell-style panel-cell-style-for-8687-1-1\" ><div id=\"panel-8687-1-1-0\" class=\"so-panel widget widget_heading panel-first-child\" data-index=\"2\" ><div class=\"content-section-heading panel-widget-style panel-widget-style-for-8687-1-1-0\" ><div class=\"thim-widget-heading thim-widget-heading-base template-base\"><div class=\"sc-heading article_heading wrapper-line-heading\"><h3 class=\"heading__primary\">Bleder See<\/h3><span class=\"line-heading\"><span><\/span><\/span><\/div><\/div><\/div><\/div><div id=\"panel-8687-1-1-1\" class=\"so-panel widget widget_sow-editor panel-last-child\" data-index=\"3\" ><div\n\t\t\t\n\t\t\tclass=\"so-widget-sow-editor so-widget-sow-editor-base\"\n\t\t\t\n\t\t>\n<div class=\"siteorigin-widget-tinymce textwidget\">\n\t<p>In hei\u00dfen Sommertagen k\u00f6nnen Sie sich im\u00a0<strong>Bleder See<\/strong>\u00a0erfrischen. Wenn Ihnen Schwimmen nicht passt, k\u00f6nnen Sie sich immer am Strand erholen und einfach die sch\u00f6ne Umgebung, welche zahlreiche Touristen anzieht,\u00a0 genie\u00dfen. Sie k\u00f6nnen rund um den See einen angenehmen Spaziergang machen oder auch Radfahren. Das Schloss \u00fcber dem See bietet einen traumhaften Ausblick auf den See mit der kleinen Insel in der Mitte und auf die Karawanken in der Ferne.<\/p>\n<p>Der Bleder See ist auch eine Traumdestination f\u00fcr begeisterte\u00a0<strong>Fischer<\/strong>. Ebenso ist der See f\u00fcr sein langj\u00e4hriges\u00a0<strong>Rudern\u00a0<\/strong>bekannt, zahlreiche nationale und internationale Regatten und Weltmeisterschaften finden n\u00e4mlich hier statt. Nat\u00fcrlich k\u00f6nnen auch Sie die Ruder in Ihre H\u00e4nde nehmen und die sportliche Erholung genie\u00dfen.<\/p>\n<p>Interessiert Sie die Geschichte, fahren Sie mit dem traditionellen\u00a0<strong>Boot Pletna<\/strong>\u00a0auf die Insel in der Mitte des Sees und besuchen Sie die herrliche gotische Kirche.<\/p>\n<p>In Bled befindet sich\u00a0<strong>der gr\u00f6\u00dfte slowenische Golfplatz<\/strong>, der als einer der sch\u00f6nsten in Europa gilt.\u00a0<strong>Minigolf\u00a0<\/strong>macht auch viel Spa\u00df und ist auch eine ausgezeichnete Herausforderung.<\/p>\n<\/div>\n<\/div><\/div><\/div><\/div><\/div><div id=\"pg-8687-2\"  class=\"panel-grid panel-has-style\" ><div class=\"panel-row-style panel-row-style-for-8687-2\" ><div id=\"pgc-8687-2-0\"  class=\"panel-grid-cell\" ><div id=\"panel-8687-2-0-0\" class=\"so-panel widget widget_heading panel-first-child\" data-index=\"4\" ><div class=\"content-section-heading panel-widget-style panel-widget-style-for-8687-2-0-0\" ><div class=\"thim-widget-heading thim-widget-heading-base template-base\"><div class=\"sc-heading article_heading wrapper-line-heading\"><h3 class=\"heading__primary\">Die wundersch\u00f6ne Region von Gorenjska<\/h3><span class=\"line-heading\"><span><\/span><\/span><\/div><\/div><\/div><\/div><div id=\"panel-8687-2-0-1\" class=\"so-panel widget widget_sow-editor panel-last-child\" data-index=\"5\" ><div\n\t\t\t\n\t\t\tclass=\"so-widget-sow-editor so-widget-sow-editor-base\"\n\t\t\t\n\t\t>\n<div class=\"siteorigin-widget-tinymce textwidget\">\n\t<p>Bled und unsere Pension sind ein ausgezeichneter Ausgangpunkt f\u00fcr<strong>\u00a0kurze und lange Ausfl\u00fcge<\/strong>, welche Sie alleine machen k\u00f6nnen, mit uns oder in Begleitung von den lokalen Bergf\u00fchrern. Bohinjska Bela, Ribno, Zasip sowie andere<strong>unverbildete D\u00f6rfchen<\/strong>, so wie auch der\u00a0<strong>Nationalpark Triglav<\/strong>, sind Besonderheiten von Gorenjska, die Sie einfach erleben m\u00fcssen. Gorenjska bietet auch den mehr erfahrenen Bergsteigern viele M\u00f6glichkeiten an, sogar die meist Erfahrenen haben die k\u00fchnen Bergw\u00e4nde von den Julischen Alpen zur Verf\u00fcgung.<\/p>\n<p>Bled und seine Umgebung k\u00f6nnen Sie auch\u00a0<strong>auf dem R\u00fccken eines geschmeidigen Rappens<\/strong>\u00a0erleben.<\/p>\n<p>Rafting oder Kajakfahren auf den klaren Alpenfl\u00fcssen ist eine heitere Herausforderung.<\/p>\n<\/div>\n<\/div><\/div><\/div><div id=\"pgc-8687-2-1\"  class=\"panel-grid-cell\" ><div class=\"panel-cell-style panel-cell-style-for-8687-2-1\" ><div id=\"panel-8687-2-1-0\" class=\"widget_text so-panel widget widget_custom_html panel-first-child panel-last-child\" data-index=\"6\" ><div class=\"textwidget custom-html-widget\"><\/div><\/div><\/div><\/div><\/div><\/div><div id=\"pg-8687-3\"  class=\"panel-grid panel-no-style\" ><div id=\"pgc-8687-3-0\"  class=\"panel-grid-cell\" ><div id=\"panel-8687-3-0-0\" class=\"so-panel widget widget_heading panel-first-child\" data-index=\"7\" ><div class=\"small-padding panel-widget-style panel-widget-style-for-8687-3-0-0\" ><div class=\"thim-widget-heading thim-widget-heading-base template-base\"><div class=\"sc-heading article_heading wrapper-line-heading\"><h3 class=\"heading__primary\">Sonstiges<\/h3><span class=\"line-heading\"><span><\/span><\/span><\/div><\/div><\/div><\/div><div id=\"panel-8687-3-0-1\" class=\"so-panel widget widget_sow-editor panel-last-child\" data-index=\"8\" ><div\n\t\t\t\n\t\t\tclass=\"so-widget-sow-editor so-widget-sow-editor-base\"\n\t\t\t\n\t\t>\n<div class=\"siteorigin-widget-tinymce textwidget\">\n\t<p style=\"text-align: center;\">Gepflegte\u00a0<strong>Tennis - und Squashpl\u00e4tze<\/strong>\u00a0warten auf Sie in Bled und seiner Umgebung.<\/p>\n<p style=\"text-align: center;\">Weitere M\u00f6glichkeiten sind auch:\u00a0<strong>Canyoning<\/strong>,\u00a0<strong>Sommerrodeln<\/strong>,\u00a0<strong>Beachvolleyball<\/strong>,\u00a0<strong>Fallschirmspringen\u00a0<\/strong>und\u00a0<strong>Hei\u00dfluftballons\u00a0<\/strong>und vieles mehr.<\/p>\n<p style=\"text-align: center;\">\nDie Auswahl ist wirklich gro\u00df. Sollten Sie irgendwelche Fragen haben, zus\u00e4tzliche Informationen ben\u00f6tigen oder nur Hilfe bei einer Reservierung, lassen Sie uns es wissen, denn wir stehen Ihnen immer gerne zur Verf\u00fcgung. Als autochthone Einwohner von Bled werden wir bestimmt wissen, was zu tun ist.<\/p>\n<\/div>\n<\/div><\/div><\/div><\/div><\/div>","protected":false},"excerpt":{"rendered":"<p>In hei\u00dfen Sommertagen k\u00f6nnen Sie sich im\u00a0Bleder See\u00a0erfrischen. Wenn Ihnen Schwimmen nicht passt, k\u00f6nnen Sie sich immer am Strand erholen und einfach die sch\u00f6ne Umgebung, welche zahlreiche Touristen anzieht,\u00a0 genie\u00dfen. Sie k\u00f6nnen rund um den See einen angenehmen Spaziergang machen oder auch Radfahren. Das Schloss \u00fcber dem See bietet einen traumhaften Ausblick auf den See [&hellip;]<\/p>\n","protected":false},"author":1,"featured_media":0,"parent":0,"menu_order":0,"comment_status":"closed","ping_status":"closed","template":"","meta":{"footnotes":""},"categories":[],"class_list":["post-8687","page","type-page","status-publish","hentry"],"yoast_head":"<!-- This site is optimized with the Yoast SEO plugin v27.5 - https:\/\/yoast.com\/product\/yoast-seo-wordpress\/ -->\n<title>Aktivit\u00e4ten - Pension Berc, Bled, Slowenien<\/title>\n<meta name=\"description\" content=\"Aktivitaten. Wenn sich Gem\u00fctlichkeit und Top-Qualit\u00e4t die H\u00e4nde reichen. Jeder, der unsere Pension besucht, freut sich, dass er sich vom ersten Moment.\" \/>\n<meta name=\"robots\" content=\"index, follow, max-snippet:-1, max-image-preview:large, max-video-preview:-1\" \/>\n<link rel=\"canonical\" href=\"https:\/\/www.penzion-berc.si\/de\/aktivitaten\/\" \/>\n<meta property=\"og:locale\" content=\"de_DE\" \/>\n<meta property=\"og:type\" content=\"article\" \/>\n<meta property=\"og:title\" content=\"Aktivit\u00e4ten - Pension Berc, Bled, Slowenien\" \/>\n<meta property=\"og:description\" content=\"Aktivitaten. Wenn sich Gem\u00fctlichkeit und Top-Qualit\u00e4t die H\u00e4nde reichen. Jeder, der unsere Pension besucht, freut sich, dass er sich vom ersten Moment.\" \/>\n<meta property=\"og:url\" content=\"https:\/\/www.penzion-berc.si\/de\/aktivitaten\/\" \/>\n<meta property=\"og:site_name\" content=\"Pension Berc, Bled | Offizielle Website - Garantiert niedrigsten Preis\" \/>\n<meta property=\"article:publisher\" content=\"https:\/\/www.facebook.com\/PenzionBerc\/\" \/>\n<meta property=\"article:modified_time\" content=\"2019-02-18T13:11:54+00:00\" \/>\n<meta property=\"og:image\" content=\"https:\/\/www.penzion-berc.si\/wp-content\/uploads\/2019\/03\/bd16-R-berc-229.jpg\" \/>\n\t<meta property=\"og:image:width\" content=\"1620\" \/>\n\t<meta property=\"og:image:height\" content=\"1080\" \/>\n\t<meta property=\"og:image:type\" content=\"image\/jpeg\" \/>\n<meta name=\"twitter:card\" content=\"summary_large_image\" \/>\n<meta name=\"twitter:label1\" content=\"Gesch\u00e4tzte Lesezeit\" \/>\n\t<meta name=\"twitter:data1\" content=\"2\u00a0Minuten\" \/>\n<script type=\"application\/ld+json\" class=\"yoast-schema-graph\">{\"@context\":\"https:\\\/\\\/schema.org\",\"@graph\":[{\"@type\":\"WebPage\",\"@id\":\"https:\\\/\\\/www.penzion-berc.si\\\/de\\\/aktivitaten\\\/\",\"url\":\"https:\\\/\\\/www.penzion-berc.si\\\/de\\\/aktivitaten\\\/\",\"name\":\"Aktivit\u00e4ten - Pension Berc, Bled, Slowenien\",\"isPartOf\":{\"@id\":\"https:\\\/\\\/www.penzion-berc.si\\\/de\\\/#website\"},\"datePublished\":\"2018-11-26T12:46:10+00:00\",\"dateModified\":\"2019-02-18T13:11:54+00:00\",\"description\":\"Aktivitaten. Wenn sich Gem\u00fctlichkeit und Top-Qualit\u00e4t die H\u00e4nde reichen. Jeder, der unsere Pension besucht, freut sich, dass er sich vom ersten Moment.\",\"breadcrumb\":{\"@id\":\"https:\\\/\\\/www.penzion-berc.si\\\/de\\\/aktivitaten\\\/#breadcrumb\"},\"inLanguage\":\"de\",\"potentialAction\":[{\"@type\":\"ReadAction\",\"target\":[\"https:\\\/\\\/www.penzion-berc.si\\\/de\\\/aktivitaten\\\/\"]}]},{\"@type\":\"BreadcrumbList\",\"@id\":\"https:\\\/\\\/www.penzion-berc.si\\\/de\\\/aktivitaten\\\/#breadcrumb\",\"itemListElement\":[{\"@type\":\"ListItem\",\"position\":1,\"name\":\"Domov\",\"item\":\"https:\\\/\\\/www.penzion-berc.si\\\/de\\\/\"},{\"@type\":\"ListItem\",\"position\":2,\"name\":\"Aktivit\u00e4ten\"}]},{\"@type\":\"WebSite\",\"@id\":\"https:\\\/\\\/www.penzion-berc.si\\\/de\\\/#website\",\"url\":\"https:\\\/\\\/www.penzion-berc.si\\\/de\\\/\",\"name\":\"Penzion Berc, Bled | Uradna stran - Garantirano najni\u017eja cena\",\"description\":\"Offizielle Website - Garantiert niedrigsten Preis\",\"publisher\":{\"@id\":\"https:\\\/\\\/www.penzion-berc.si\\\/de\\\/#organization\"},\"potentialAction\":[{\"@type\":\"SearchAction\",\"target\":{\"@type\":\"EntryPoint\",\"urlTemplate\":\"https:\\\/\\\/www.penzion-berc.si\\\/de\\\/?s={search_term_string}\"},\"query-input\":{\"@type\":\"PropertyValueSpecification\",\"valueRequired\":true,\"valueName\":\"search_term_string\"}}],\"inLanguage\":\"de\"},{\"@type\":\"Organization\",\"@id\":\"https:\\\/\\\/www.penzion-berc.si\\\/de\\\/#organization\",\"name\":\"Penzion Berc\",\"url\":\"https:\\\/\\\/www.penzion-berc.si\\\/de\\\/\",\"logo\":{\"@type\":\"ImageObject\",\"inLanguage\":\"de\",\"@id\":\"https:\\\/\\\/www.penzion-berc.si\\\/de\\\/#\\\/schema\\\/logo\\\/image\\\/\",\"url\":\"https:\\\/\\\/www.penzion-berc.si\\\/wp-content\\\/uploads\\\/2018\\\/10\\\/penzion_berc_logo3.png\",\"contentUrl\":\"https:\\\/\\\/www.penzion-berc.si\\\/wp-content\\\/uploads\\\/2018\\\/10\\\/penzion_berc_logo3.png\",\"width\":271,\"height\":97,\"caption\":\"Penzion Berc\"},\"image\":{\"@id\":\"https:\\\/\\\/www.penzion-berc.si\\\/de\\\/#\\\/schema\\\/logo\\\/image\\\/\"},\"sameAs\":[\"https:\\\/\\\/www.facebook.com\\\/PenzionBerc\\\/\",\"https:\\\/\\\/www.instagram.com\\\/penzionberc\\\/\"]}]}<\/script>\n<!-- \/ Yoast SEO plugin. -->","yoast_head_json":{"title":"Aktivit\u00e4ten - Pension Berc, Bled, Slowenien","description":"Aktivitaten. Wenn sich Gem\u00fctlichkeit und Top-Qualit\u00e4t die H\u00e4nde reichen. Jeder, der unsere Pension besucht, freut sich, dass er sich vom ersten Moment.","robots":{"index":"index","follow":"follow","max-snippet":"max-snippet:-1","max-image-preview":"max-image-preview:large","max-video-preview":"max-video-preview:-1"},"canonical":"https:\/\/www.penzion-berc.si\/de\/aktivitaten\/","og_locale":"de_DE","og_type":"article","og_title":"Aktivit\u00e4ten - Pension Berc, Bled, Slowenien","og_description":"Aktivitaten. Wenn sich Gem\u00fctlichkeit und Top-Qualit\u00e4t die H\u00e4nde reichen. Jeder, der unsere Pension besucht, freut sich, dass er sich vom ersten Moment.","og_url":"https:\/\/www.penzion-berc.si\/de\/aktivitaten\/","og_site_name":"Pension Berc, Bled | Offizielle Website - Garantiert niedrigsten Preis","article_publisher":"https:\/\/www.facebook.com\/PenzionBerc\/","article_modified_time":"2019-02-18T13:11:54+00:00","og_image":[{"width":1620,"height":1080,"url":"https:\/\/www.penzion-berc.si\/wp-content\/uploads\/2019\/03\/bd16-R-berc-229.jpg","type":"image\/jpeg"}],"twitter_card":"summary_large_image","twitter_misc":{"Gesch\u00e4tzte Lesezeit":"2\u00a0Minuten"},"schema":{"@context":"https:\/\/schema.org","@graph":[{"@type":"WebPage","@id":"https:\/\/www.penzion-berc.si\/de\/aktivitaten\/","url":"https:\/\/www.penzion-berc.si\/de\/aktivitaten\/","name":"Aktivit\u00e4ten - Pension Berc, Bled, Slowenien","isPartOf":{"@id":"https:\/\/www.penzion-berc.si\/de\/#website"},"datePublished":"2018-11-26T12:46:10+00:00","dateModified":"2019-02-18T13:11:54+00:00","description":"Aktivitaten. Wenn sich Gem\u00fctlichkeit und Top-Qualit\u00e4t die H\u00e4nde reichen. Jeder, der unsere Pension besucht, freut sich, dass er sich vom ersten Moment.","breadcrumb":{"@id":"https:\/\/www.penzion-berc.si\/de\/aktivitaten\/#breadcrumb"},"inLanguage":"de","potentialAction":[{"@type":"ReadAction","target":["https:\/\/www.penzion-berc.si\/de\/aktivitaten\/"]}]},{"@type":"BreadcrumbList","@id":"https:\/\/www.penzion-berc.si\/de\/aktivitaten\/#breadcrumb","itemListElement":[{"@type":"ListItem","position":1,"name":"Domov","item":"https:\/\/www.penzion-berc.si\/de\/"},{"@type":"ListItem","position":2,"name":"Aktivit\u00e4ten"}]},{"@type":"WebSite","@id":"https:\/\/www.penzion-berc.si\/de\/#website","url":"https:\/\/www.penzion-berc.si\/de\/","name":"Penzion Berc, Bled | Uradna stran - Garantirano najni\u017eja cena","description":"Offizielle Website - Garantiert niedrigsten Preis","publisher":{"@id":"https:\/\/www.penzion-berc.si\/de\/#organization"},"potentialAction":[{"@type":"SearchAction","target":{"@type":"EntryPoint","urlTemplate":"https:\/\/www.penzion-berc.si\/de\/?s={search_term_string}"},"query-input":{"@type":"PropertyValueSpecification","valueRequired":true,"valueName":"search_term_string"}}],"inLanguage":"de"},{"@type":"Organization","@id":"https:\/\/www.penzion-berc.si\/de\/#organization","name":"Penzion Berc","url":"https:\/\/www.penzion-berc.si\/de\/","logo":{"@type":"ImageObject","inLanguage":"de","@id":"https:\/\/www.penzion-berc.si\/de\/#\/schema\/logo\/image\/","url":"https:\/\/www.penzion-berc.si\/wp-content\/uploads\/2018\/10\/penzion_berc_logo3.png","contentUrl":"https:\/\/www.penzion-berc.si\/wp-content\/uploads\/2018\/10\/penzion_berc_logo3.png","width":271,"height":97,"caption":"Penzion Berc"},"image":{"@id":"https:\/\/www.penzion-berc.si\/de\/#\/schema\/logo\/image\/"},"sameAs":["https:\/\/www.facebook.com\/PenzionBerc\/","https:\/\/www.instagram.com\/penzionberc\/"]}]}},"_links":{"self":[{"href":"https:\/\/www.penzion-berc.si\/de\/wp-json\/wp\/v2\/pages\/8687","targetHints":{"allow":["GET"]}}],"collection":[{"href":"https:\/\/www.penzion-berc.si\/de\/wp-json\/wp\/v2\/pages"}],"about":[{"href":"https:\/\/www.penzion-berc.si\/de\/wp-json\/wp\/v2\/types\/page"}],"author":[{"embeddable":true,"href":"https:\/\/www.penzion-berc.si\/de\/wp-json\/wp\/v2\/users\/1"}],"replies":[{"embeddable":true,"href":"https:\/\/www.penzion-berc.si\/de\/wp-json\/wp\/v2\/comments?post=8687"}],"version-history":[{"count":0,"href":"https:\/\/www.penzion-berc.si\/de\/wp-json\/wp\/v2\/pages\/8687\/revisions"}],"wp:attachment":[{"href":"https:\/\/www.penzion-berc.si\/de\/wp-json\/wp\/v2\/media?parent=8687"}],"wp:term":[{"taxonomy":"category","embeddable":true,"href":"https:\/\/www.penzion-berc.si\/de\/wp-json\/wp\/v2\/categories?post=8687"}],"curies":[{"name":"wp","href":"https:\/\/api.w.org\/{rel}","templated":true}]}}