{"id":29785,"date":"2024-03-26T15:51:13","date_gmt":"2024-03-26T15:51:13","guid":{"rendered":"https:\/\/www.penzion-berc.si\/?page_id=29785"},"modified":"2024-03-26T15:52:41","modified_gmt":"2024-03-26T15:52:41","slug":"allgemeine-geschaeftsbedingungen","status":"publish","type":"page","link":"https:\/\/www.penzion-berc.si\/de\/allgemeine-geschaeftsbedingungen\/","title":{"rendered":"Allgemeine gesch\u00e4ftsbedingungen"},"content":{"rendered":"<p><strong>Der Preis beinhaltet <\/strong><\/p>\n<p>\u00dcbernachtung mit Fr\u00fchst\u00fcck, Begr\u00fc\u00dfungsgetr\u00e4nk, WLAN, Parkplatz, E-Bike-Verleih<\/p>\n<p><strong>G\u00e4stecheck-in\/-out <\/strong><\/p>\n<p>Check-in: ab 14:00 Uhr,<br \/>\nCheck-out: bis 11:00 Uhr<\/p>\n<p>Die reservierte Unterkunft f\u00fcr G\u00e4ste wird bis 24:00 Uhr am Anreisetag aufrechterhalten. Im Falle einer sp\u00e4teren Ankunft ist der Gast verpflichtet, das G\u00e4stehaus im Voraus zu informieren &#8211; sp\u00e4testens bis 24:00 Uhr am Anreisetag. Falls der Gast das G\u00e4stehaus nicht rechtzeitig informiert, ist das G\u00e4stehaus nicht verpflichtet, das Zimmer f\u00fcr den Gast zu halten, und beh\u00e4lt sich das Recht vor, die Kosten f\u00fcr das Nichterscheinen zu berechnen.<\/p>\n<p><strong>Stornierungsbedingungen <\/strong><\/p>\n<p>Die folgenden Stornierungsbedingungen gelten:<br \/>\nBis 14 Tage vor Anreise: keine Stornogeb\u00fchr<br \/>\n14 &#8211; 7 Tage vor Anreise: 40% des Gesamtpreises<br \/>\n6 &#8211; 0 Tage vor Anreise: 100% des Gesamtpreises Im Falle einer vorzeitigen Abreise m\u00fcssen die verbleibenden \u00dcbernachtungen bezahlt werden.<br \/>\nF\u00fcr Gruppen (mehr als 5 Zimmer oder insgesamt mehr als 15 \u00dcbernachtungen) gelten besondere Stornierungsbedingungen.<\/p>\n<p><strong>Nichterscheinen des Gastes <\/strong><\/p>\n<p>Wenn der Gast am Anreisetag nicht im G\u00e4stehaus eincheckt, fallen Kosten gem\u00e4\u00df den Stornierungsbedingungen der Reservierung an.<\/p>\n<p><strong>Stornierung oder \u00c4nderung der Reservierung <\/strong><\/p>\n<p>F\u00fcr \u00c4nderungen\/Stornierungen der Reservierung senden Sie bitte eine E-Mail an info@penzion-berc.si, rufen Sie +386 40 366 017 an oder stornieren Sie Ihre Reservierung \u00fcber die Website mit dem Code, den Sie in Ihrer E-Mail bei der Reservierung \u00fcber die Website erhalten haben.<br \/>\nR\u00fcckerstattungen von Vorauszahlungen erfolgen gem\u00e4\u00df den Stornierungsbedingungen durch das G\u00e4stehaus auf die gleiche Weise wie die Zahlung erfolgt ist.<\/p>\n<p><strong>Bezahlung <\/strong><\/p>\n<p>Folgende Zahlungsmethoden werden akzeptiert: Visa, Mastercard\/Eurocard, Maestro, Bargeld, Vorauszahlung.<\/p>\n<p><strong>Service <\/strong><\/p>\n<p>Der Grundservice ist \u00dcbernachtung mit Fr\u00fchst\u00fcck. Das G\u00e4stehaus verf\u00fcgt \u00fcber ein \u00c0-la-carte-Restaurant.<\/p>\n<p><strong>G\u00e4stecheck-in<\/strong><\/p>\n<p>Aus Sicherheitsgr\u00fcnden m\u00fcssen G\u00e4ste beim Check-in einen g\u00fcltigen Ausweis (Personalausweis oder Reisepass) vorlegen.<\/p>\n<p><strong>Kurtaxe <\/strong><\/p>\n<p>Die Kurtaxe wird gem\u00e4\u00df den Bestimmungen der Gemeinde Bled f\u00fcr alle Personen erhoben. Erwachsene zahlen eine Kurtaxe von <strong>3,13 \u20ac<\/strong> pro Person pro Nacht.<br \/>\nKinder und Jugendliche von 7 bis 18 Jahren zahlen die H\u00e4lfte der festgelegten Kurtaxe, was <strong>1,56 \u20ac <\/strong>pro Person pro Nacht entspricht.<\/p>\n<p><strong>Zusatzbett f\u00fcr eine dritte Person <\/strong><\/p>\n<p>Ein Zusatzbett ist gegen Aufpreis verf\u00fcgbar.<\/p>\n<p><strong>Haustiere <\/strong><\/p>\n<p>Haustiere sind gegen Aufpreis erlaubt.<\/p>\n<p><strong>Rauchen <\/strong><\/p>\n<p>Das Rauchen ist in Innenr\u00e4umen verboten. G\u00e4sten ist das Rauchen im Freien gestattet.<\/p>\n<p><strong>Parkplatz<\/strong><\/p>\n<p>Kostenlose Parkpl\u00e4tze im Freien stehen den G\u00e4sten zur Verf\u00fcgung. Das G\u00e4stehaus \u00fcbernimmt keine Verantwortung f\u00fcr die Sicherheit von Fahrzeugen, Fahrzeugsch\u00e4den oder f\u00fcr im Fahrzeug aufbewahrte Gegenst\u00e4nde.<\/p>\n<p><strong>Vorzeitige Abreise <\/strong><\/p>\n<p>Das G\u00e4stehaus ist nicht verpflichtet, dem Gast\/der Kundin den Wert der \u00dcbernachtung f\u00fcr eine vorzeitige Abreise zu erstatten. Ausnahmen aufgrund des Grundes f\u00fcr die vorzeitige Abreise erfordern die Zustimmung der Gesch\u00e4ftsleitung.<\/p>\n<p><strong>Geschenkgutscheine <\/strong><\/p>\n<p>Geschenkgutscheine sind bis zum auf jedem einzelnen Gutschein angegebenen Ablaufdatum g\u00fcltig. Falls auf dem Gutschein kein Ablaufdatum angegeben ist, gilt er als ein Jahr ab dem Ausstellungsdatum g\u00fcltig. Geschenkgutscheine m\u00fcssen vor der Nutzung der Dienstleistungen in der Gastronomie und beim Check-in an der Rezeption des G\u00e4stehauses vorgelegt werden. Gutscheine k\u00f6nnen nicht gegen Bargeld eingetauscht werden.<\/p>\n<p><strong>Anwendbares Recht <\/strong><\/p>\n<p>Diese allgemeinen Gesch\u00e4ftsbedingungen unterliegen dem slowenischen Recht. Die Parteien vereinbaren die ausschlie\u00dfliche Zust\u00e4ndigkeit der slowenischen Gerichte.<\/p>\n<p><strong>Datenschutz <\/strong><\/p>\n<p>Das G\u00e4stehaus sch\u00fctzt alle erhaltenen G\u00e4stedaten gem\u00e4\u00df dem Datenschutzgesetz. Durch die Annahme des Angebots stimmt der Gast der Verwendung dieser Daten f\u00fcr statistische Verarbeitung und Informationszwecke zu. Bei der Anmeldung im G\u00e4stehaus muss ein g\u00fcltiger Ausweis vorgelegt werden.<\/p>\n<p><strong>Wertsachen <\/strong><\/p>\n<p>Das G\u00e4stehaus garantiert Wertsachen, die vom Kunden mitgebracht wurden, gem\u00e4\u00df den gesetzlichen Bestimmungen nur dann, wenn der Schaden mit einer Pflichtverletzung seitens des G\u00e4stehauses verbunden ist. Es wird empfohlen, dass der Gast seine Wertsachen im Safe aufbewahrt.<\/p>\n<p><strong>Beschwerden <\/strong><\/p>\n<p>Bei Beschwerden oder Einw\u00e4nden senden Sie diese bitte an info@penzion-berc.si oder rufen Sie +386 40 366 017 an. Die Beschwerde wird innerhalb von 48 Stunden bearbeitet und gel\u00f6st.<\/p>\n<p><strong>W\u00e4hrung <\/strong><\/p>\n<p>Alle Preise sind in Euro (\u20ac \/ EUR) und enthalten die Mehrwertsteuer.<\/p>\n","protected":false},"excerpt":{"rendered":"<p>Der Preis beinhaltet <br \/>\n\u00dcbernachtung mit Fr\u00fchst\u00fcck, Begr\u00fc\u00dfungsgetr\u00e4nk, WLAN, Parkplatz, E-Bike-Verleih<br \/>\nG\u00e4stecheck-in\/-out <br \/>\nCheck-in: ab 14:00 Uhr,<br \/>\nCheck-out: bis 11:00 Uhr<br \/>\nDie reservierte Unterkunft f\u00fcr G\u00e4ste wird bis 24:00 Uhr am Anreisetag aufrechterhalten. Im Falle einer sp\u00e4teren Ankunft ist der Gast verpflichtet, das G\u00e4stehaus im Voraus zu informieren &#8211; sp\u00e4testens bis 24:00 Uhr am Anreisetag. <\/p>\n","protected":false},"author":1,"featured_media":0,"parent":0,"menu_order":0,"comment_status":"closed","ping_status":"closed","template":"","meta":{"footnotes":""},"categories":[],"class_list":["post-29785","page","type-page","status-publish","hentry"],"yoast_head":"<!-- This site is optimized with the Yoast SEO plugin v27.4 - https:\/\/yoast.com\/product\/yoast-seo-wordpress\/ -->\n<title>Allgemeine gesch\u00e4ftsbedingungen - Pension Berc, Bled | Offizielle Website - Garantiert niedrigsten Preis<\/title>\n<meta name=\"description\" content=\"Lesen Sie Penzion Bercs AGB f\u00fcr Buchungen und Aufenthalte in Bled. Klarheit \u00fcber Stornierungen und G\u00e4stepflichten.\" \/>\n<meta name=\"robots\" content=\"index, follow, max-snippet:-1, max-image-preview:large, max-video-preview:-1\" \/>\n<link rel=\"canonical\" href=\"https:\/\/www.penzion-berc.si\/de\/allgemeine-geschaeftsbedingungen\/\" \/>\n<meta property=\"og:locale\" content=\"de_DE\" \/>\n<meta property=\"og:type\" content=\"article\" \/>\n<meta property=\"og:title\" content=\"Allgemeine gesch\u00e4ftsbedingungen - Pension Berc, Bled | Offizielle Website - Garantiert niedrigsten Preis\" \/>\n<meta property=\"og:description\" content=\"Lesen Sie Penzion Bercs AGB f\u00fcr Buchungen und Aufenthalte in Bled. Klarheit \u00fcber Stornierungen und G\u00e4stepflichten.\" \/>\n<meta property=\"og:url\" content=\"https:\/\/www.penzion-berc.si\/de\/allgemeine-geschaeftsbedingungen\/\" \/>\n<meta property=\"og:site_name\" content=\"Pension Berc, Bled | Offizielle Website - Garantiert niedrigsten Preis\" \/>\n<meta property=\"article:publisher\" content=\"https:\/\/www.facebook.com\/PenzionBerc\/\" \/>\n<meta property=\"article:modified_time\" content=\"2024-03-26T15:52:41+00:00\" \/>\n<meta property=\"og:image\" content=\"https:\/\/www.penzion-berc.si\/wp-content\/uploads\/2019\/03\/bd16-R-berc-229.jpg\" \/>\n\t<meta property=\"og:image:width\" content=\"1620\" \/>\n\t<meta property=\"og:image:height\" content=\"1080\" \/>\n\t<meta property=\"og:image:type\" content=\"image\/jpeg\" \/>\n<meta name=\"twitter:card\" content=\"summary_large_image\" \/>\n<meta name=\"twitter:label1\" content=\"Gesch\u00e4tzte Lesezeit\" \/>\n\t<meta name=\"twitter:data1\" content=\"4\u00a0Minuten\" \/>\n<script type=\"application\/ld+json\" class=\"yoast-schema-graph\">{\"@context\":\"https:\\\/\\\/schema.org\",\"@graph\":[{\"@type\":\"WebPage\",\"@id\":\"https:\\\/\\\/www.penzion-berc.si\\\/de\\\/allgemeine-geschaeftsbedingungen\\\/\",\"url\":\"https:\\\/\\\/www.penzion-berc.si\\\/de\\\/allgemeine-geschaeftsbedingungen\\\/\",\"name\":\"Allgemeine gesch\u00e4ftsbedingungen - Pension Berc, Bled | Offizielle Website - Garantiert niedrigsten Preis\",\"isPartOf\":{\"@id\":\"https:\\\/\\\/www.penzion-berc.si\\\/de\\\/#website\"},\"datePublished\":\"2024-03-26T15:51:13+00:00\",\"dateModified\":\"2024-03-26T15:52:41+00:00\",\"description\":\"Lesen Sie Penzion Bercs AGB f\u00fcr Buchungen und Aufenthalte in Bled. Klarheit \u00fcber Stornierungen und G\u00e4stepflichten.\",\"breadcrumb\":{\"@id\":\"https:\\\/\\\/www.penzion-berc.si\\\/de\\\/allgemeine-geschaeftsbedingungen\\\/#breadcrumb\"},\"inLanguage\":\"de\",\"potentialAction\":[{\"@type\":\"ReadAction\",\"target\":[\"https:\\\/\\\/www.penzion-berc.si\\\/de\\\/allgemeine-geschaeftsbedingungen\\\/\"]}]},{\"@type\":\"BreadcrumbList\",\"@id\":\"https:\\\/\\\/www.penzion-berc.si\\\/de\\\/allgemeine-geschaeftsbedingungen\\\/#breadcrumb\",\"itemListElement\":[{\"@type\":\"ListItem\",\"position\":1,\"name\":\"Domov\",\"item\":\"https:\\\/\\\/www.penzion-berc.si\\\/de\\\/\"},{\"@type\":\"ListItem\",\"position\":2,\"name\":\"Allgemeine gesch\u00e4ftsbedingungen\"}]},{\"@type\":\"WebSite\",\"@id\":\"https:\\\/\\\/www.penzion-berc.si\\\/de\\\/#website\",\"url\":\"https:\\\/\\\/www.penzion-berc.si\\\/de\\\/\",\"name\":\"Penzion Berc, Bled | Uradna stran - Garantirano najni\u017eja cena\",\"description\":\"Offizielle Website - Garantiert niedrigsten Preis\",\"publisher\":{\"@id\":\"https:\\\/\\\/www.penzion-berc.si\\\/de\\\/#organization\"},\"potentialAction\":[{\"@type\":\"SearchAction\",\"target\":{\"@type\":\"EntryPoint\",\"urlTemplate\":\"https:\\\/\\\/www.penzion-berc.si\\\/de\\\/?s={search_term_string}\"},\"query-input\":{\"@type\":\"PropertyValueSpecification\",\"valueRequired\":true,\"valueName\":\"search_term_string\"}}],\"inLanguage\":\"de\"},{\"@type\":\"Organization\",\"@id\":\"https:\\\/\\\/www.penzion-berc.si\\\/de\\\/#organization\",\"name\":\"Penzion Berc\",\"url\":\"https:\\\/\\\/www.penzion-berc.si\\\/de\\\/\",\"logo\":{\"@type\":\"ImageObject\",\"inLanguage\":\"de\",\"@id\":\"https:\\\/\\\/www.penzion-berc.si\\\/de\\\/#\\\/schema\\\/logo\\\/image\\\/\",\"url\":\"https:\\\/\\\/www.penzion-berc.si\\\/wp-content\\\/uploads\\\/2018\\\/10\\\/penzion_berc_logo3.png\",\"contentUrl\":\"https:\\\/\\\/www.penzion-berc.si\\\/wp-content\\\/uploads\\\/2018\\\/10\\\/penzion_berc_logo3.png\",\"width\":271,\"height\":97,\"caption\":\"Penzion Berc\"},\"image\":{\"@id\":\"https:\\\/\\\/www.penzion-berc.si\\\/de\\\/#\\\/schema\\\/logo\\\/image\\\/\"},\"sameAs\":[\"https:\\\/\\\/www.facebook.com\\\/PenzionBerc\\\/\",\"https:\\\/\\\/www.instagram.com\\\/penzionberc\\\/\"]}]}<\/script>\n<!-- \/ Yoast SEO plugin. -->","yoast_head_json":{"title":"Allgemeine gesch\u00e4ftsbedingungen - Pension Berc, Bled | Offizielle Website - Garantiert niedrigsten Preis","description":"Lesen Sie Penzion Bercs AGB f\u00fcr Buchungen und Aufenthalte in Bled. Klarheit \u00fcber Stornierungen und G\u00e4stepflichten.","robots":{"index":"index","follow":"follow","max-snippet":"max-snippet:-1","max-image-preview":"max-image-preview:large","max-video-preview":"max-video-preview:-1"},"canonical":"https:\/\/www.penzion-berc.si\/de\/allgemeine-geschaeftsbedingungen\/","og_locale":"de_DE","og_type":"article","og_title":"Allgemeine gesch\u00e4ftsbedingungen - Pension Berc, Bled | Offizielle Website - Garantiert niedrigsten Preis","og_description":"Lesen Sie Penzion Bercs AGB f\u00fcr Buchungen und Aufenthalte in Bled. Klarheit \u00fcber Stornierungen und G\u00e4stepflichten.","og_url":"https:\/\/www.penzion-berc.si\/de\/allgemeine-geschaeftsbedingungen\/","og_site_name":"Pension Berc, Bled | Offizielle Website - Garantiert niedrigsten Preis","article_publisher":"https:\/\/www.facebook.com\/PenzionBerc\/","article_modified_time":"2024-03-26T15:52:41+00:00","og_image":[{"width":1620,"height":1080,"url":"https:\/\/www.penzion-berc.si\/wp-content\/uploads\/2019\/03\/bd16-R-berc-229.jpg","type":"image\/jpeg"}],"twitter_card":"summary_large_image","twitter_misc":{"Gesch\u00e4tzte Lesezeit":"4\u00a0Minuten"},"schema":{"@context":"https:\/\/schema.org","@graph":[{"@type":"WebPage","@id":"https:\/\/www.penzion-berc.si\/de\/allgemeine-geschaeftsbedingungen\/","url":"https:\/\/www.penzion-berc.si\/de\/allgemeine-geschaeftsbedingungen\/","name":"Allgemeine gesch\u00e4ftsbedingungen - Pension Berc, Bled | Offizielle Website - Garantiert niedrigsten Preis","isPartOf":{"@id":"https:\/\/www.penzion-berc.si\/de\/#website"},"datePublished":"2024-03-26T15:51:13+00:00","dateModified":"2024-03-26T15:52:41+00:00","description":"Lesen Sie Penzion Bercs AGB f\u00fcr Buchungen und Aufenthalte in Bled. Klarheit \u00fcber Stornierungen und G\u00e4stepflichten.","breadcrumb":{"@id":"https:\/\/www.penzion-berc.si\/de\/allgemeine-geschaeftsbedingungen\/#breadcrumb"},"inLanguage":"de","potentialAction":[{"@type":"ReadAction","target":["https:\/\/www.penzion-berc.si\/de\/allgemeine-geschaeftsbedingungen\/"]}]},{"@type":"BreadcrumbList","@id":"https:\/\/www.penzion-berc.si\/de\/allgemeine-geschaeftsbedingungen\/#breadcrumb","itemListElement":[{"@type":"ListItem","position":1,"name":"Domov","item":"https:\/\/www.penzion-berc.si\/de\/"},{"@type":"ListItem","position":2,"name":"Allgemeine gesch\u00e4ftsbedingungen"}]},{"@type":"WebSite","@id":"https:\/\/www.penzion-berc.si\/de\/#website","url":"https:\/\/www.penzion-berc.si\/de\/","name":"Penzion Berc, Bled | Uradna stran - Garantirano najni\u017eja cena","description":"Offizielle Website - Garantiert niedrigsten Preis","publisher":{"@id":"https:\/\/www.penzion-berc.si\/de\/#organization"},"potentialAction":[{"@type":"SearchAction","target":{"@type":"EntryPoint","urlTemplate":"https:\/\/www.penzion-berc.si\/de\/?s={search_term_string}"},"query-input":{"@type":"PropertyValueSpecification","valueRequired":true,"valueName":"search_term_string"}}],"inLanguage":"de"},{"@type":"Organization","@id":"https:\/\/www.penzion-berc.si\/de\/#organization","name":"Penzion Berc","url":"https:\/\/www.penzion-berc.si\/de\/","logo":{"@type":"ImageObject","inLanguage":"de","@id":"https:\/\/www.penzion-berc.si\/de\/#\/schema\/logo\/image\/","url":"https:\/\/www.penzion-berc.si\/wp-content\/uploads\/2018\/10\/penzion_berc_logo3.png","contentUrl":"https:\/\/www.penzion-berc.si\/wp-content\/uploads\/2018\/10\/penzion_berc_logo3.png","width":271,"height":97,"caption":"Penzion Berc"},"image":{"@id":"https:\/\/www.penzion-berc.si\/de\/#\/schema\/logo\/image\/"},"sameAs":["https:\/\/www.facebook.com\/PenzionBerc\/","https:\/\/www.instagram.com\/penzionberc\/"]}]}},"_links":{"self":[{"href":"https:\/\/www.penzion-berc.si\/de\/wp-json\/wp\/v2\/pages\/29785","targetHints":{"allow":["GET"]}}],"collection":[{"href":"https:\/\/www.penzion-berc.si\/de\/wp-json\/wp\/v2\/pages"}],"about":[{"href":"https:\/\/www.penzion-berc.si\/de\/wp-json\/wp\/v2\/types\/page"}],"author":[{"embeddable":true,"href":"https:\/\/www.penzion-berc.si\/de\/wp-json\/wp\/v2\/users\/1"}],"replies":[{"embeddable":true,"href":"https:\/\/www.penzion-berc.si\/de\/wp-json\/wp\/v2\/comments?post=29785"}],"version-history":[{"count":2,"href":"https:\/\/www.penzion-berc.si\/de\/wp-json\/wp\/v2\/pages\/29785\/revisions"}],"predecessor-version":[{"id":29787,"href":"https:\/\/www.penzion-berc.si\/de\/wp-json\/wp\/v2\/pages\/29785\/revisions\/29787"}],"wp:attachment":[{"href":"https:\/\/www.penzion-berc.si\/de\/wp-json\/wp\/v2\/media?parent=29785"}],"wp:term":[{"taxonomy":"category","embeddable":true,"href":"https:\/\/www.penzion-berc.si\/de\/wp-json\/wp\/v2\/categories?post=29785"}],"curies":[{"name":"wp","href":"https:\/\/api.w.org\/{rel}","templated":true}]}}