{"id":29345,"date":"2024-01-12T14:42:00","date_gmt":"2024-01-12T14:42:00","guid":{"rendered":"https:\/\/www.penzion-berc.si\/?page_id=29345"},"modified":"2024-11-21T08:46:32","modified_gmt":"2024-11-21T08:46:32","slug":"unvergessliches-aktives-und-bildendes-familien-erlebnis","status":"publish","type":"page","link":"https:\/\/www.penzion-berc.si\/de\/pakete\/unvergessliches-aktives-und-bildendes-familien-erlebnis\/","title":{"rendered":"Familien-Paket"},"content":{"rendered":"<div id=\"pl-29345\"  class=\"panel-layout\" ><div id=\"pg-29345-0\"  class=\"panel-grid panel-no-style\" ><div id=\"pgc-29345-0-0\"  class=\"panel-grid-cell\" ><div id=\"panel-29345-0-0-0\" class=\"so-panel widget widget_heading panel-first-child panel-last-child\" data-index=\"0\" ><div class=\"thim-widget-heading thim-widget-heading-base template-style_new\"><div class=\"style_new sc-heading article_heading \"><div class=\"content-heading\"><div class=\"small-heading\">Penzion Berc Bled<\/div><h2 class=\"heading__primary\">Familien-Paket<\/h2><div class=\"description-heading\"><p>La famiglia \u00e8 al primo posto per tutti e merita il meglio. Approfitta dell'offerta speciale presso il Penzion Berc, un posto dove vi sentirete ancora meglio che a casa. Godetevi due notti in una confortevole camera familiare, completa di colazioni fatte in casa di alta qualit\u00e0 e una cena che \u00e8 un vero delizio culinario. All'arrivo, ci assicuriamo che siete rinfrescati con spuntini e, per una passeggiata rilassante lungo il lago di Bled, prepareremo un cesto di prelibatezze per un picnic.<\/p><\/div><\/div><div class=\"background-heading\">pacchetti<\/div><\/div><\/div><\/div><\/div><\/div><div id=\"pg-29345-1\"  class=\"panel-grid panel-no-style\" ><div id=\"pgc-29345-1-0\"  class=\"panel-grid-cell\" ><div id=\"panel-29345-1-0-0\" class=\"so-panel widget widget_box panel-first-child panel-last-child\" data-index=\"1\" ><div class=\"two-images-with-background panel-widget-style panel-widget-style-for-29345-1-0-0\" ><div class=\"thim-widget-box thim-widget-box-base template-base\"><div class=\"box_image style_1\">\n\t\t<div class=\"image\">\n\t\t<div class=\"row\">\n\t\t\t<div class=\"image-left col-md-6 col-sm-6\">\n\t\t\t\t<img src =\"https:\/\/www.penzion-berc.si\/wp-content\/uploads\/2024\/02\/IRP_2858-2-775x1024.webp\" width=\"775\" height=\"1024\" alt= \"Familien-Paket\" \/>\t\t\t<\/div>\n\t\t\t<div class=\"image-right col-md-6 col-sm-6\">\n\t\t\t\t<img src =\"https:\/\/www.penzion-berc.si\/wp-content\/uploads\/2018\/11\/Berc_Medja_Avg_2018_12_vertical-683x1024.jpg\" width=\"683\" height=\"1024\" alt= \"Familien-Paket\" \/>\t\t\t<\/div>\n\t\t<\/div>\n\t<\/div>\n\t<div class=\"image_background\">\n\t\t<img src =\"https:\/\/www.penzion-berc.si\/wp-content\/uploads\/2018\/07\/background.png\" width=\"346\" height=\"579\" alt= \"Familien-Paket\" \/>\t<\/div>\n\t<\/div>\n\n<\/div><\/div><\/div><\/div><div id=\"pgc-29345-1-1\"  class=\"panel-grid-cell\" ><div class=\"panel-cell-style panel-cell-style-for-29345-1-1\" ><div id=\"panel-29345-1-1-0\" class=\"so-panel widget widget_heading panel-first-child\" data-index=\"2\" ><div class=\"content-section-heading panel-widget-style panel-widget-style-for-29345-1-1-0\" ><div class=\"thim-widget-heading thim-widget-heading-base template-base\"><div class=\"sc-heading article_heading wrapper-line-heading\"><h3 class=\"heading__primary\">Das Paket beinhaltet:<\/h3><span class=\"line-heading\"><span><\/span><\/span><\/div><\/div><\/div><\/div><div id=\"panel-29345-1-1-1\" class=\"so-panel widget widget_sow-editor panel-last-child\" data-index=\"3\" ><div\n\t\t\t\n\t\t\tclass=\"so-widget-sow-editor so-widget-sow-editor-base\"\n\t\t\t\n\t\t>\n<div class=\"siteorigin-widget-tinymce textwidget\">\n\t<div class=\"page\" title=\"Page 2\">\n<div class=\"layoutArea\">\n<div class=\"column\"><strong>2 \u00dcbernachtungen in einem luxuri\u00f6sen Familienzimmer<\/strong> f\u00fcr zwei Erwachsene und zwei Kinder bis zu 12 Jahren<br \/>\n<strong>2 hausgemachte Fr\u00fchst\u00fccksbuffets<\/strong><br \/>\n<strong>2 Familienessen <\/strong>mit einem 3-G\u00e4nge-Men\u00fc<br \/>\n<strong>Snacks und Nutzung der Minibar<\/strong><br \/>\n<strong>Picknickkorb<\/strong> mit hausgemachten Leckereien<br \/>\n<strong>Rabatt auf Verl\u00e4ngerungsnacht<\/strong><\/div>\n<\/div>\n<\/div>\n<\/div>\n<\/div><\/div><\/div><\/div><\/div><div id=\"pg-29345-2\"  class=\"panel-grid panel-no-style\" ><div id=\"pgc-29345-2-0\"  class=\"panel-grid-cell panel-grid-cell-empty\" ><\/div><\/div><div id=\"pg-29345-3\"  class=\"panel-grid panel-no-style\" ><div id=\"pgc-29345-3-0\"  class=\"panel-grid-cell panel-grid-cell-empty\" ><\/div><div id=\"pgc-29345-3-1\"  class=\"panel-grid-cell panel-grid-cell-empty panel-grid-cell-mobile-last\" ><\/div><div id=\"pgc-29345-3-2\"  class=\"panel-grid-cell panel-grid-cell-empty\" ><\/div><\/div><div id=\"pg-29345-4\"  class=\"panel-grid panel-no-style\" ><div id=\"pgc-29345-4-0\"  class=\"panel-grid-cell\" ><div id=\"panel-29345-4-0-0\" class=\"so-panel widget widget_sow-button panel-first-child panel-last-child\" data-index=\"4\" ><div\n\t\t\t\n\t\t\tclass=\"so-widget-sow-button so-widget-sow-button-flat-d2962734580d-29345\"\n\t\t\t\n\t\t><div class=\"ow-button-base ow-button-align-center\"\n>\n\t\t\t<a\n\t\t\t\t\thref=\"https:\/\/reservations.cubilis.eu\/penzion-berc-bled?Language=de-DE&#038;Package=14269\"\n\t\t\t\t\tclass=\"sowb-button ow-icon-placement-right ow-button-hover\" target=\"_blank\" rel=\"noopener noreferrer nofollow\" title=\"rezerviraj paket\" \t>\n\t\t<span>\n\t\t\t<span class=\"sow-icon-fontawesome sow-fas\" data-sow-icon=\"&#xf073;\"\n\t\tstyle=\"color: #ffffff\" \n\t\taria-hidden=\"true\"><\/span>\n\t\t\tBUCHEN SIE IHR PAKET\t\t<\/span>\n\t\t\t<\/a>\n\t<\/div>\n<\/div><\/div><\/div><\/div><div id=\"pg-29345-5\"  class=\"panel-grid panel-has-style\" ><div class=\"siteorigin-panels-stretch panel-row-style panel-row-style-for-29345-5\" data-stretch-type=\"full-width-stretch\" ><div id=\"pgc-29345-5-0\"  class=\"panel-grid-cell\" ><div id=\"panel-29345-5-0-0\" class=\"widget_text so-panel widget widget_custom_html panel-first-child panel-last-child\" data-index=\"5\" ><div class=\"textwidget custom-html-widget\"><\/div><\/div><\/div><\/div><\/div><\/div>","protected":false},"excerpt":{"rendered":"<p>2 \u00dcbernachtungen in einem luxuri\u00f6sen Familienzimmer f\u00fcr zwei Erwachsene und zwei Kinder bis zu 12 Jahren 2 hausgemachte Fr\u00fchst\u00fccksbuffets 2 Familienessen mit einem 3-G\u00e4nge-Men\u00fc Snacks und Nutzung der Minibar Picknickkorb mit hausgemachten Leckereien Rabatt auf Verl\u00e4ngerungsnacht<\/p>\n","protected":false},"author":5,"featured_media":0,"parent":8308,"menu_order":0,"comment_status":"closed","ping_status":"closed","template":"","meta":{"footnotes":""},"categories":[],"class_list":["post-29345","page","type-page","status-publish","hentry"],"yoast_head":"<!-- This site is optimized with the Yoast SEO plugin v27.4 - https:\/\/yoast.com\/product\/yoast-seo-wordpress\/ -->\n<title>Familien-Paket - Penzion Berc, Bled<\/title>\n<meta name=\"description\" content=\"Genie\u00dfen Sie zwei N\u00e4chte in einem komfortablen Familienzimmer, komplett mit erstklassigem hausgemachten Fr\u00fchst\u00fcck und einem Dinner, das wahre kulinarische Freude verspricht.\" \/>\n<meta name=\"robots\" content=\"index, follow, max-snippet:-1, max-image-preview:large, max-video-preview:-1\" \/>\n<link rel=\"canonical\" href=\"https:\/\/www.penzion-berc.si\/de\/pakete\/unvergessliches-aktives-und-bildendes-familien-erlebnis\/\" \/>\n<meta property=\"og:locale\" content=\"de_DE\" \/>\n<meta property=\"og:type\" content=\"article\" \/>\n<meta property=\"og:title\" content=\"Familien-Paket - Penzion Berc, Bled\" \/>\n<meta property=\"og:description\" content=\"Genie\u00dfen Sie zwei N\u00e4chte in einem komfortablen Familienzimmer, komplett mit erstklassigem hausgemachten Fr\u00fchst\u00fcck und einem Dinner, das wahre kulinarische Freude verspricht.\" \/>\n<meta property=\"og:url\" content=\"https:\/\/www.penzion-berc.si\/de\/pakete\/unvergessliches-aktives-und-bildendes-familien-erlebnis\/\" \/>\n<meta property=\"og:site_name\" content=\"Pension Berc, Bled | Offizielle Website - Garantiert niedrigsten Preis\" \/>\n<meta property=\"article:publisher\" content=\"https:\/\/www.facebook.com\/PenzionBerc\/\" \/>\n<meta property=\"article:modified_time\" content=\"2024-11-21T08:46:32+00:00\" \/>\n<meta property=\"og:image\" content=\"https:\/\/www.penzion-berc.si\/wp-content\/uploads\/2019\/03\/bd16-R-berc-229.jpg\" \/>\n\t<meta property=\"og:image:width\" content=\"1620\" \/>\n\t<meta property=\"og:image:height\" content=\"1080\" \/>\n\t<meta property=\"og:image:type\" content=\"image\/jpeg\" \/>\n<meta name=\"twitter:card\" content=\"summary_large_image\" \/>\n<meta name=\"twitter:label1\" content=\"Gesch\u00e4tzte Lesezeit\" \/>\n\t<meta name=\"twitter:data1\" content=\"1\u00a0Minute\" \/>\n<script type=\"application\/ld+json\" class=\"yoast-schema-graph\">{\"@context\":\"https:\\\/\\\/schema.org\",\"@graph\":[{\"@type\":\"WebPage\",\"@id\":\"https:\\\/\\\/www.penzion-berc.si\\\/de\\\/pakete\\\/unvergessliches-aktives-und-bildendes-familien-erlebnis\\\/\",\"url\":\"https:\\\/\\\/www.penzion-berc.si\\\/de\\\/pakete\\\/unvergessliches-aktives-und-bildendes-familien-erlebnis\\\/\",\"name\":\"Familien-Paket - Penzion Berc, Bled\",\"isPartOf\":{\"@id\":\"https:\\\/\\\/www.penzion-berc.si\\\/de\\\/#website\"},\"datePublished\":\"2024-01-12T14:42:00+00:00\",\"dateModified\":\"2024-11-21T08:46:32+00:00\",\"description\":\"Genie\u00dfen Sie zwei N\u00e4chte in einem komfortablen Familienzimmer, komplett mit erstklassigem hausgemachten Fr\u00fchst\u00fcck und einem Dinner, das wahre kulinarische Freude verspricht.\",\"breadcrumb\":{\"@id\":\"https:\\\/\\\/www.penzion-berc.si\\\/de\\\/pakete\\\/unvergessliches-aktives-und-bildendes-familien-erlebnis\\\/#breadcrumb\"},\"inLanguage\":\"de\",\"potentialAction\":[{\"@type\":\"ReadAction\",\"target\":[\"https:\\\/\\\/www.penzion-berc.si\\\/de\\\/pakete\\\/unvergessliches-aktives-und-bildendes-familien-erlebnis\\\/\"]}]},{\"@type\":\"BreadcrumbList\",\"@id\":\"https:\\\/\\\/www.penzion-berc.si\\\/de\\\/pakete\\\/unvergessliches-aktives-und-bildendes-familien-erlebnis\\\/#breadcrumb\",\"itemListElement\":[{\"@type\":\"ListItem\",\"position\":1,\"name\":\"Domov\",\"item\":\"https:\\\/\\\/www.penzion-berc.si\\\/de\\\/\"},{\"@type\":\"ListItem\",\"position\":2,\"name\":\"Pakete\",\"item\":\"https:\\\/\\\/www.penzion-berc.si\\\/de\\\/?page_id=8308\"},{\"@type\":\"ListItem\",\"position\":3,\"name\":\"Familien-Paket\"}]},{\"@type\":\"WebSite\",\"@id\":\"https:\\\/\\\/www.penzion-berc.si\\\/de\\\/#website\",\"url\":\"https:\\\/\\\/www.penzion-berc.si\\\/de\\\/\",\"name\":\"Penzion Berc, Bled | Uradna stran - Garantirano najni\u017eja cena\",\"description\":\"Offizielle Website - Garantiert niedrigsten Preis\",\"publisher\":{\"@id\":\"https:\\\/\\\/www.penzion-berc.si\\\/de\\\/#organization\"},\"potentialAction\":[{\"@type\":\"SearchAction\",\"target\":{\"@type\":\"EntryPoint\",\"urlTemplate\":\"https:\\\/\\\/www.penzion-berc.si\\\/de\\\/?s={search_term_string}\"},\"query-input\":{\"@type\":\"PropertyValueSpecification\",\"valueRequired\":true,\"valueName\":\"search_term_string\"}}],\"inLanguage\":\"de\"},{\"@type\":\"Organization\",\"@id\":\"https:\\\/\\\/www.penzion-berc.si\\\/de\\\/#organization\",\"name\":\"Penzion Berc\",\"url\":\"https:\\\/\\\/www.penzion-berc.si\\\/de\\\/\",\"logo\":{\"@type\":\"ImageObject\",\"inLanguage\":\"de\",\"@id\":\"https:\\\/\\\/www.penzion-berc.si\\\/de\\\/#\\\/schema\\\/logo\\\/image\\\/\",\"url\":\"https:\\\/\\\/www.penzion-berc.si\\\/wp-content\\\/uploads\\\/2018\\\/10\\\/penzion_berc_logo3.png\",\"contentUrl\":\"https:\\\/\\\/www.penzion-berc.si\\\/wp-content\\\/uploads\\\/2018\\\/10\\\/penzion_berc_logo3.png\",\"width\":271,\"height\":97,\"caption\":\"Penzion Berc\"},\"image\":{\"@id\":\"https:\\\/\\\/www.penzion-berc.si\\\/de\\\/#\\\/schema\\\/logo\\\/image\\\/\"},\"sameAs\":[\"https:\\\/\\\/www.facebook.com\\\/PenzionBerc\\\/\",\"https:\\\/\\\/www.instagram.com\\\/penzionberc\\\/\"]}]}<\/script>\n<!-- \/ Yoast SEO plugin. -->","yoast_head_json":{"title":"Familien-Paket - Penzion Berc, Bled","description":"Genie\u00dfen Sie zwei N\u00e4chte in einem komfortablen Familienzimmer, komplett mit erstklassigem hausgemachten Fr\u00fchst\u00fcck und einem Dinner, das wahre kulinarische Freude verspricht.","robots":{"index":"index","follow":"follow","max-snippet":"max-snippet:-1","max-image-preview":"max-image-preview:large","max-video-preview":"max-video-preview:-1"},"canonical":"https:\/\/www.penzion-berc.si\/de\/pakete\/unvergessliches-aktives-und-bildendes-familien-erlebnis\/","og_locale":"de_DE","og_type":"article","og_title":"Familien-Paket - Penzion Berc, Bled","og_description":"Genie\u00dfen Sie zwei N\u00e4chte in einem komfortablen Familienzimmer, komplett mit erstklassigem hausgemachten Fr\u00fchst\u00fcck und einem Dinner, das wahre kulinarische Freude verspricht.","og_url":"https:\/\/www.penzion-berc.si\/de\/pakete\/unvergessliches-aktives-und-bildendes-familien-erlebnis\/","og_site_name":"Pension Berc, Bled | Offizielle Website - Garantiert niedrigsten Preis","article_publisher":"https:\/\/www.facebook.com\/PenzionBerc\/","article_modified_time":"2024-11-21T08:46:32+00:00","og_image":[{"width":1620,"height":1080,"url":"https:\/\/www.penzion-berc.si\/wp-content\/uploads\/2019\/03\/bd16-R-berc-229.jpg","type":"image\/jpeg"}],"twitter_card":"summary_large_image","twitter_misc":{"Gesch\u00e4tzte Lesezeit":"1\u00a0Minute"},"schema":{"@context":"https:\/\/schema.org","@graph":[{"@type":"WebPage","@id":"https:\/\/www.penzion-berc.si\/de\/pakete\/unvergessliches-aktives-und-bildendes-familien-erlebnis\/","url":"https:\/\/www.penzion-berc.si\/de\/pakete\/unvergessliches-aktives-und-bildendes-familien-erlebnis\/","name":"Familien-Paket - Penzion Berc, Bled","isPartOf":{"@id":"https:\/\/www.penzion-berc.si\/de\/#website"},"datePublished":"2024-01-12T14:42:00+00:00","dateModified":"2024-11-21T08:46:32+00:00","description":"Genie\u00dfen Sie zwei N\u00e4chte in einem komfortablen Familienzimmer, komplett mit erstklassigem hausgemachten Fr\u00fchst\u00fcck und einem Dinner, das wahre kulinarische Freude verspricht.","breadcrumb":{"@id":"https:\/\/www.penzion-berc.si\/de\/pakete\/unvergessliches-aktives-und-bildendes-familien-erlebnis\/#breadcrumb"},"inLanguage":"de","potentialAction":[{"@type":"ReadAction","target":["https:\/\/www.penzion-berc.si\/de\/pakete\/unvergessliches-aktives-und-bildendes-familien-erlebnis\/"]}]},{"@type":"BreadcrumbList","@id":"https:\/\/www.penzion-berc.si\/de\/pakete\/unvergessliches-aktives-und-bildendes-familien-erlebnis\/#breadcrumb","itemListElement":[{"@type":"ListItem","position":1,"name":"Domov","item":"https:\/\/www.penzion-berc.si\/de\/"},{"@type":"ListItem","position":2,"name":"Pakete","item":"https:\/\/www.penzion-berc.si\/de\/?page_id=8308"},{"@type":"ListItem","position":3,"name":"Familien-Paket"}]},{"@type":"WebSite","@id":"https:\/\/www.penzion-berc.si\/de\/#website","url":"https:\/\/www.penzion-berc.si\/de\/","name":"Penzion Berc, Bled | Uradna stran - Garantirano najni\u017eja cena","description":"Offizielle Website - Garantiert niedrigsten Preis","publisher":{"@id":"https:\/\/www.penzion-berc.si\/de\/#organization"},"potentialAction":[{"@type":"SearchAction","target":{"@type":"EntryPoint","urlTemplate":"https:\/\/www.penzion-berc.si\/de\/?s={search_term_string}"},"query-input":{"@type":"PropertyValueSpecification","valueRequired":true,"valueName":"search_term_string"}}],"inLanguage":"de"},{"@type":"Organization","@id":"https:\/\/www.penzion-berc.si\/de\/#organization","name":"Penzion Berc","url":"https:\/\/www.penzion-berc.si\/de\/","logo":{"@type":"ImageObject","inLanguage":"de","@id":"https:\/\/www.penzion-berc.si\/de\/#\/schema\/logo\/image\/","url":"https:\/\/www.penzion-berc.si\/wp-content\/uploads\/2018\/10\/penzion_berc_logo3.png","contentUrl":"https:\/\/www.penzion-berc.si\/wp-content\/uploads\/2018\/10\/penzion_berc_logo3.png","width":271,"height":97,"caption":"Penzion Berc"},"image":{"@id":"https:\/\/www.penzion-berc.si\/de\/#\/schema\/logo\/image\/"},"sameAs":["https:\/\/www.facebook.com\/PenzionBerc\/","https:\/\/www.instagram.com\/penzionberc\/"]}]}},"_links":{"self":[{"href":"https:\/\/www.penzion-berc.si\/de\/wp-json\/wp\/v2\/pages\/29345","targetHints":{"allow":["GET"]}}],"collection":[{"href":"https:\/\/www.penzion-berc.si\/de\/wp-json\/wp\/v2\/pages"}],"about":[{"href":"https:\/\/www.penzion-berc.si\/de\/wp-json\/wp\/v2\/types\/page"}],"author":[{"embeddable":true,"href":"https:\/\/www.penzion-berc.si\/de\/wp-json\/wp\/v2\/users\/5"}],"replies":[{"embeddable":true,"href":"https:\/\/www.penzion-berc.si\/de\/wp-json\/wp\/v2\/comments?post=29345"}],"version-history":[{"count":15,"href":"https:\/\/www.penzion-berc.si\/de\/wp-json\/wp\/v2\/pages\/29345\/revisions"}],"predecessor-version":[{"id":30191,"href":"https:\/\/www.penzion-berc.si\/de\/wp-json\/wp\/v2\/pages\/29345\/revisions\/30191"}],"up":[{"embeddable":true,"href":"https:\/\/www.penzion-berc.si\/de\/wp-json\/wp\/v2\/pages\/8308"}],"wp:attachment":[{"href":"https:\/\/www.penzion-berc.si\/de\/wp-json\/wp\/v2\/media?parent=29345"}],"wp:term":[{"taxonomy":"category","embeddable":true,"href":"https:\/\/www.penzion-berc.si\/de\/wp-json\/wp\/v2\/categories?post=29345"}],"curies":[{"name":"wp","href":"https:\/\/api.w.org\/{rel}","templated":true}]}}