{"id":28972,"date":"2022-11-11T12:09:15","date_gmt":"2022-11-11T12:09:15","guid":{"rendered":"https:\/\/www.penzion-berc.si\/?page_id=28972"},"modified":"2022-11-11T12:14:29","modified_gmt":"2022-11-11T12:14:29","slug":"erleben-sie-bled","status":"publish","type":"page","link":"https:\/\/www.penzion-berc.si\/de\/pakete\/erleben-sie-bled\/","title":{"rendered":"Erleben Sie Bled"},"content":{"rendered":"<div id=\"pl-28972\"  class=\"panel-layout\" ><div id=\"pg-28972-0\"  class=\"panel-grid panel-no-style\" ><div id=\"pgc-28972-0-0\"  class=\"panel-grid-cell\" ><div id=\"panel-28972-0-0-0\" class=\"so-panel widget widget_heading panel-first-child panel-last-child\" data-index=\"0\" ><div class=\"thim-widget-heading thim-widget-heading-base template-style_new\"><div class=\"style_new sc-heading article_heading \"><div class=\"content-heading\"><div class=\"small-heading\">Pension Berc Bled<\/div><h2 class=\"heading__primary\">Erleben Sie Bled<\/h2><div class=\"description-heading\"><p>Zeit f\u00fcr sich selbst steht bei allen an erster Stelle, deshalb verdienen Sie immer nur das Beste.\nNutzen Sie das Sonderangebot f\u00fcr einen Aufenthalt in den k\u00fcrzlich renovierten Zimmern der Boutique-Penzion Berc, die nur 5 Gehminuten vom See entfernt ist.\nDas Haus wird in der 3. Generation von derselben Familie gef\u00fchrt, die es vor mehr als 100 Jahren erbaut hat. Die genannte Familie hei\u00dft Sie in ihrem Haus willkommen und zeigt Ihnen die traditionelle, restaurierte Innenausstattung, deren W\u00e4nde noch die Geschichten der alten Zeiten erz\u00e4hlen.\nEin idealer Ort zum Entspannen in geselliger Runde, f\u00fcr eine Auszeit von der Hektik des Alltags.<\/br>\n<\/br>\nDas Paket ist g\u00fcltig bis zum 23.12.2022 und dann ab 06.01.2023.<\/p><\/div><\/div><div class=\"background-heading\">pakete<\/div><\/div><\/div><\/div><\/div><\/div><div id=\"pg-28972-1\"  class=\"panel-grid panel-no-style\" ><div id=\"pgc-28972-1-0\"  class=\"panel-grid-cell\" ><div id=\"panel-28972-1-0-0\" class=\"so-panel widget widget_box panel-first-child panel-last-child\" data-index=\"1\" ><div class=\"two-images-with-background panel-widget-style panel-widget-style-for-28972-1-0-0\" ><div class=\"thim-widget-box thim-widget-box-base template-base\"><div class=\"box_image style_1\">\n\t\t<div class=\"image\">\n\t\t<div class=\"row\">\n\t\t\t<div class=\"image-left col-md-6 col-sm-6\">\n\t\t\t\t<img src =\"https:\/\/www.penzion-berc.si\/wp-content\/uploads\/2022\/11\/zajtrk-buffet-638x1024-1.jpg\" width=\"683\" height=\"1024\" alt= \"Erleben Sie Bled\" \/>\t\t\t<\/div>\n\t\t\t<div class=\"image-right col-md-6 col-sm-6\">\n\t\t\t\t<img src =\"https:\/\/www.penzion-berc.si\/wp-content\/uploads\/2022\/11\/penzion-berc-bled-soba-z-balkonom.jpg\" width=\"683\" height=\"1024\" alt= \"Erleben Sie Bled\" \/>\t\t\t<\/div>\n\t\t<\/div>\n\t<\/div>\n\t<div class=\"image_background\">\n\t\t<img src =\"https:\/\/www.penzion-berc.si\/wp-content\/uploads\/2018\/07\/background.png\" width=\"346\" height=\"579\" alt= \"Erleben Sie Bled\" \/>\t<\/div>\n\t<\/div>\n\n<\/div><\/div><\/div><\/div><div id=\"pgc-28972-1-1\"  class=\"panel-grid-cell\" ><div class=\"panel-cell-style panel-cell-style-for-28972-1-1\" ><div id=\"panel-28972-1-1-0\" class=\"so-panel widget widget_heading panel-first-child\" data-index=\"2\" ><div class=\"content-section-heading panel-widget-style panel-widget-style-for-28972-1-1-0\" ><div class=\"thim-widget-heading thim-widget-heading-base template-base\"><div class=\"sc-heading article_heading wrapper-line-heading\"><h3 class=\"heading__primary\">Das Paket beinhaltet:<\/h3><span class=\"line-heading\"><span><\/span><\/span><\/div><\/div><\/div><\/div><div id=\"panel-28972-1-1-1\" class=\"so-panel widget widget_sow-editor panel-last-child\" data-index=\"3\" ><div\n\t\t\t\n\t\t\tclass=\"so-widget-sow-editor so-widget-sow-editor-base\"\n\t\t\t\n\t\t>\n<div class=\"siteorigin-widget-tinymce textwidget\">\n\t<div class=\"page\" title=\"Page 1\">\n<div class=\"layoutArea\">\n<div class=\"column\">\n<p><span style=\"font-weight: 400;\"><strong>2x \u00dcbernachtung<\/strong> in einem Luxuszimmer f\u00fcr zwei Erwachsene<\/span><\/p>\n<p><strong>2x Fr\u00fchst\u00fccksbuffet<\/strong><\/p>\n<p><span style=\"font-weight: 400;\"><strong>2x Abendessen<\/strong> mit einem 3-Gang-Men\u00fc f\u00fcr ein Gourmet-Erlebnis<\/span><\/p>\n<p>&nbsp;<\/p>\n<\/div>\n<\/div>\n<\/div>\n<\/div>\n<\/div><\/div><\/div><\/div><\/div><div id=\"pg-28972-2\"  class=\"panel-grid panel-no-style\" ><div id=\"pgc-28972-2-0\"  class=\"panel-grid-cell panel-grid-cell-empty\" ><\/div><\/div><div id=\"pg-28972-3\"  class=\"panel-grid panel-no-style\" ><div id=\"pgc-28972-3-0\"  class=\"panel-grid-cell panel-grid-cell-empty\" ><\/div><div id=\"pgc-28972-3-1\"  class=\"panel-grid-cell panel-grid-cell-empty panel-grid-cell-mobile-last\" ><\/div><div id=\"pgc-28972-3-2\"  class=\"panel-grid-cell panel-grid-cell-empty\" ><\/div><\/div><div id=\"pg-28972-4\"  class=\"panel-grid panel-no-style\" ><div id=\"pgc-28972-4-0\"  class=\"panel-grid-cell\" ><div id=\"panel-28972-4-0-0\" class=\"so-panel widget widget_sow-button panel-first-child panel-last-child\" data-index=\"4\" ><div\n\t\t\t\n\t\t\tclass=\"so-widget-sow-button so-widget-sow-button-flat-d2962734580d-28972\"\n\t\t\t\n\t\t><div class=\"ow-button-base ow-button-align-center\"\n>\n\t\t\t<a\n\t\t\t\t\thref=\"https:\/\/reservations.cubilis.eu\/penzion-berc-bled?Language=de-DE\"\n\t\t\t\t\tclass=\"sowb-button ow-icon-placement-right ow-button-hover\" target=\"_blank\" rel=\"noopener noreferrer nofollow\" title=\"rezerviraj paket\" \t>\n\t\t<span>\n\t\t\t<span class=\"sow-icon-fontawesome sow-fas\" data-sow-icon=\"&#xf073;\"\n\t\tstyle=\"color: #ffffff\" \n\t\taria-hidden=\"true\"><\/span>\n\t\t\tPAKET BUCHEN\t\t<\/span>\n\t\t\t<\/a>\n\t<\/div>\n<\/div><\/div><\/div><\/div><div id=\"pg-28972-5\"  class=\"panel-grid panel-has-style\" ><div class=\"siteorigin-panels-stretch thim-fix-stretched panel-row-style panel-row-style-for-28972-5\" data-stretch-type=\"full-stretched\" ><div id=\"pgc-28972-5-0\"  class=\"panel-grid-cell\" ><div id=\"panel-28972-5-0-0\" class=\"widget_text so-panel widget widget_custom_html panel-first-child panel-last-child\" data-index=\"5\" ><div class=\"textwidget custom-html-widget\"><\/div><\/div><\/div><\/div><\/div><\/div>","protected":false},"excerpt":{"rendered":"<p>2x \u00dcbernachtung in einem Luxuszimmer f\u00fcr zwei Erwachsene 2x Fr\u00fchst\u00fccksbuffet 2x Abendessen mit einem 3-Gang-Men\u00fc f\u00fcr ein Gourmet-Erlebnis &nbsp;<\/p>\n","protected":false},"author":3,"featured_media":29042,"parent":8308,"menu_order":0,"comment_status":"closed","ping_status":"closed","template":"","meta":{"footnotes":""},"categories":[],"class_list":["post-28972","page","type-page","status-publish","has-post-thumbnail","hentry"],"yoast_head":"<!-- This site is optimized with the Yoast SEO plugin v27.6 - https:\/\/yoast.com\/product\/yoast-seo-wordpress\/ -->\n<title>Erleben Sie Bled - Pension Berc, Bled | Offizielle Website - Garantiert niedrigsten Preis<\/title>\n<meta name=\"description\" content=\"Das Bled Exploration Package in der Boutique Berc Pension mit inbegriffenem Fr\u00fchst\u00fccksbuffet und 3-G\u00e4nge-Men\u00fc zum Entspannen.\" \/>\n<meta name=\"robots\" content=\"index, follow, max-snippet:-1, max-image-preview:large, max-video-preview:-1\" \/>\n<link rel=\"canonical\" href=\"https:\/\/www.penzion-berc.si\/de\/pakete\/erleben-sie-bled\/\" \/>\n<meta property=\"og:locale\" content=\"de_DE\" \/>\n<meta property=\"og:type\" content=\"article\" \/>\n<meta property=\"og:title\" content=\"Erleben Sie Bled - Pension Berc, Bled | Offizielle Website - Garantiert niedrigsten Preis\" \/>\n<meta property=\"og:description\" content=\"Das Bled Exploration Package in der Boutique Berc Pension mit inbegriffenem Fr\u00fchst\u00fccksbuffet und 3-G\u00e4nge-Men\u00fc zum Entspannen.\" \/>\n<meta property=\"og:url\" content=\"https:\/\/www.penzion-berc.si\/de\/pakete\/erleben-sie-bled\/\" \/>\n<meta property=\"og:site_name\" content=\"Pension Berc, Bled | Offizielle Website - Garantiert niedrigsten Preis\" \/>\n<meta property=\"article:publisher\" content=\"https:\/\/www.facebook.com\/PenzionBerc\/\" \/>\n<meta property=\"article:modified_time\" content=\"2022-11-11T12:14:29+00:00\" \/>\n<meta property=\"og:image\" content=\"https:\/\/www.penzion-berc.si\/wp-content\/uploads\/2022\/11\/raziskovanje-bleda-featured-image.jpg\" \/>\n\t<meta property=\"og:image:width\" content=\"1024\" \/>\n\t<meta property=\"og:image:height\" content=\"683\" \/>\n\t<meta property=\"og:image:type\" content=\"image\/jpeg\" \/>\n<meta name=\"twitter:card\" content=\"summary_large_image\" \/>\n<meta name=\"twitter:label1\" content=\"Gesch\u00e4tzte Lesezeit\" \/>\n\t<meta name=\"twitter:data1\" content=\"1\u00a0Minute\" \/>\n<script type=\"application\/ld+json\" class=\"yoast-schema-graph\">{\"@context\":\"https:\\\/\\\/schema.org\",\"@graph\":[{\"@type\":\"WebPage\",\"@id\":\"https:\\\/\\\/www.penzion-berc.si\\\/de\\\/pakete\\\/erleben-sie-bled\\\/\",\"url\":\"https:\\\/\\\/www.penzion-berc.si\\\/de\\\/pakete\\\/erleben-sie-bled\\\/\",\"name\":\"Erleben Sie Bled - Pension Berc, Bled | Offizielle Website - Garantiert niedrigsten Preis\",\"isPartOf\":{\"@id\":\"https:\\\/\\\/www.penzion-berc.si\\\/de\\\/#website\"},\"primaryImageOfPage\":{\"@id\":\"https:\\\/\\\/www.penzion-berc.si\\\/de\\\/pakete\\\/erleben-sie-bled\\\/#primaryimage\"},\"image\":{\"@id\":\"https:\\\/\\\/www.penzion-berc.si\\\/de\\\/pakete\\\/erleben-sie-bled\\\/#primaryimage\"},\"thumbnailUrl\":\"https:\\\/\\\/www.penzion-berc.si\\\/wp-content\\\/uploads\\\/2022\\\/11\\\/raziskovanje-bleda-featured-image.jpg\",\"datePublished\":\"2022-11-11T12:09:15+00:00\",\"dateModified\":\"2022-11-11T12:14:29+00:00\",\"description\":\"Das Bled Exploration Package in der Boutique Berc Pension mit inbegriffenem Fr\u00fchst\u00fccksbuffet und 3-G\u00e4nge-Men\u00fc zum Entspannen.\",\"breadcrumb\":{\"@id\":\"https:\\\/\\\/www.penzion-berc.si\\\/de\\\/pakete\\\/erleben-sie-bled\\\/#breadcrumb\"},\"inLanguage\":\"de\",\"potentialAction\":[{\"@type\":\"ReadAction\",\"target\":[\"https:\\\/\\\/www.penzion-berc.si\\\/de\\\/pakete\\\/erleben-sie-bled\\\/\"]}]},{\"@type\":\"ImageObject\",\"inLanguage\":\"de\",\"@id\":\"https:\\\/\\\/www.penzion-berc.si\\\/de\\\/pakete\\\/erleben-sie-bled\\\/#primaryimage\",\"url\":\"https:\\\/\\\/www.penzion-berc.si\\\/wp-content\\\/uploads\\\/2022\\\/11\\\/raziskovanje-bleda-featured-image.jpg\",\"contentUrl\":\"https:\\\/\\\/www.penzion-berc.si\\\/wp-content\\\/uploads\\\/2022\\\/11\\\/raziskovanje-bleda-featured-image.jpg\",\"width\":1024,\"height\":683},{\"@type\":\"BreadcrumbList\",\"@id\":\"https:\\\/\\\/www.penzion-berc.si\\\/de\\\/pakete\\\/erleben-sie-bled\\\/#breadcrumb\",\"itemListElement\":[{\"@type\":\"ListItem\",\"position\":1,\"name\":\"Domov\",\"item\":\"https:\\\/\\\/www.penzion-berc.si\\\/de\\\/\"},{\"@type\":\"ListItem\",\"position\":2,\"name\":\"Pakete\",\"item\":\"https:\\\/\\\/www.penzion-berc.si\\\/de\\\/?page_id=8308\"},{\"@type\":\"ListItem\",\"position\":3,\"name\":\"Erleben Sie Bled\"}]},{\"@type\":\"WebSite\",\"@id\":\"https:\\\/\\\/www.penzion-berc.si\\\/de\\\/#website\",\"url\":\"https:\\\/\\\/www.penzion-berc.si\\\/de\\\/\",\"name\":\"Penzion Berc, Bled | Uradna stran - Garantirano najni\u017eja cena\",\"description\":\"Offizielle Website - Garantiert niedrigsten Preis\",\"publisher\":{\"@id\":\"https:\\\/\\\/www.penzion-berc.si\\\/de\\\/#organization\"},\"potentialAction\":[{\"@type\":\"SearchAction\",\"target\":{\"@type\":\"EntryPoint\",\"urlTemplate\":\"https:\\\/\\\/www.penzion-berc.si\\\/de\\\/?s={search_term_string}\"},\"query-input\":{\"@type\":\"PropertyValueSpecification\",\"valueRequired\":true,\"valueName\":\"search_term_string\"}}],\"inLanguage\":\"de\"},{\"@type\":\"Organization\",\"@id\":\"https:\\\/\\\/www.penzion-berc.si\\\/de\\\/#organization\",\"name\":\"Penzion Berc\",\"url\":\"https:\\\/\\\/www.penzion-berc.si\\\/de\\\/\",\"logo\":{\"@type\":\"ImageObject\",\"inLanguage\":\"de\",\"@id\":\"https:\\\/\\\/www.penzion-berc.si\\\/de\\\/#\\\/schema\\\/logo\\\/image\\\/\",\"url\":\"https:\\\/\\\/www.penzion-berc.si\\\/wp-content\\\/uploads\\\/2018\\\/10\\\/penzion_berc_logo3.png\",\"contentUrl\":\"https:\\\/\\\/www.penzion-berc.si\\\/wp-content\\\/uploads\\\/2018\\\/10\\\/penzion_berc_logo3.png\",\"width\":271,\"height\":97,\"caption\":\"Penzion Berc\"},\"image\":{\"@id\":\"https:\\\/\\\/www.penzion-berc.si\\\/de\\\/#\\\/schema\\\/logo\\\/image\\\/\"},\"sameAs\":[\"https:\\\/\\\/www.facebook.com\\\/PenzionBerc\\\/\",\"https:\\\/\\\/www.instagram.com\\\/penzionberc\\\/\"]}]}<\/script>\n<!-- \/ Yoast SEO plugin. -->","yoast_head_json":{"title":"Erleben Sie Bled - Pension Berc, Bled | Offizielle Website - Garantiert niedrigsten Preis","description":"Das Bled Exploration Package in der Boutique Berc Pension mit inbegriffenem Fr\u00fchst\u00fccksbuffet und 3-G\u00e4nge-Men\u00fc zum Entspannen.","robots":{"index":"index","follow":"follow","max-snippet":"max-snippet:-1","max-image-preview":"max-image-preview:large","max-video-preview":"max-video-preview:-1"},"canonical":"https:\/\/www.penzion-berc.si\/de\/pakete\/erleben-sie-bled\/","og_locale":"de_DE","og_type":"article","og_title":"Erleben Sie Bled - Pension Berc, Bled | Offizielle Website - Garantiert niedrigsten Preis","og_description":"Das Bled Exploration Package in der Boutique Berc Pension mit inbegriffenem Fr\u00fchst\u00fccksbuffet und 3-G\u00e4nge-Men\u00fc zum Entspannen.","og_url":"https:\/\/www.penzion-berc.si\/de\/pakete\/erleben-sie-bled\/","og_site_name":"Pension Berc, Bled | Offizielle Website - Garantiert niedrigsten Preis","article_publisher":"https:\/\/www.facebook.com\/PenzionBerc\/","article_modified_time":"2022-11-11T12:14:29+00:00","og_image":[{"width":1024,"height":683,"url":"https:\/\/www.penzion-berc.si\/wp-content\/uploads\/2022\/11\/raziskovanje-bleda-featured-image.jpg","type":"image\/jpeg"}],"twitter_card":"summary_large_image","twitter_misc":{"Gesch\u00e4tzte Lesezeit":"1\u00a0Minute"},"schema":{"@context":"https:\/\/schema.org","@graph":[{"@type":"WebPage","@id":"https:\/\/www.penzion-berc.si\/de\/pakete\/erleben-sie-bled\/","url":"https:\/\/www.penzion-berc.si\/de\/pakete\/erleben-sie-bled\/","name":"Erleben Sie Bled - Pension Berc, Bled | Offizielle Website - Garantiert niedrigsten Preis","isPartOf":{"@id":"https:\/\/www.penzion-berc.si\/de\/#website"},"primaryImageOfPage":{"@id":"https:\/\/www.penzion-berc.si\/de\/pakete\/erleben-sie-bled\/#primaryimage"},"image":{"@id":"https:\/\/www.penzion-berc.si\/de\/pakete\/erleben-sie-bled\/#primaryimage"},"thumbnailUrl":"https:\/\/www.penzion-berc.si\/wp-content\/uploads\/2022\/11\/raziskovanje-bleda-featured-image.jpg","datePublished":"2022-11-11T12:09:15+00:00","dateModified":"2022-11-11T12:14:29+00:00","description":"Das Bled Exploration Package in der Boutique Berc Pension mit inbegriffenem Fr\u00fchst\u00fccksbuffet und 3-G\u00e4nge-Men\u00fc zum Entspannen.","breadcrumb":{"@id":"https:\/\/www.penzion-berc.si\/de\/pakete\/erleben-sie-bled\/#breadcrumb"},"inLanguage":"de","potentialAction":[{"@type":"ReadAction","target":["https:\/\/www.penzion-berc.si\/de\/pakete\/erleben-sie-bled\/"]}]},{"@type":"ImageObject","inLanguage":"de","@id":"https:\/\/www.penzion-berc.si\/de\/pakete\/erleben-sie-bled\/#primaryimage","url":"https:\/\/www.penzion-berc.si\/wp-content\/uploads\/2022\/11\/raziskovanje-bleda-featured-image.jpg","contentUrl":"https:\/\/www.penzion-berc.si\/wp-content\/uploads\/2022\/11\/raziskovanje-bleda-featured-image.jpg","width":1024,"height":683},{"@type":"BreadcrumbList","@id":"https:\/\/www.penzion-berc.si\/de\/pakete\/erleben-sie-bled\/#breadcrumb","itemListElement":[{"@type":"ListItem","position":1,"name":"Domov","item":"https:\/\/www.penzion-berc.si\/de\/"},{"@type":"ListItem","position":2,"name":"Pakete","item":"https:\/\/www.penzion-berc.si\/de\/?page_id=8308"},{"@type":"ListItem","position":3,"name":"Erleben Sie Bled"}]},{"@type":"WebSite","@id":"https:\/\/www.penzion-berc.si\/de\/#website","url":"https:\/\/www.penzion-berc.si\/de\/","name":"Penzion Berc, Bled | Uradna stran - Garantirano najni\u017eja cena","description":"Offizielle Website - Garantiert niedrigsten Preis","publisher":{"@id":"https:\/\/www.penzion-berc.si\/de\/#organization"},"potentialAction":[{"@type":"SearchAction","target":{"@type":"EntryPoint","urlTemplate":"https:\/\/www.penzion-berc.si\/de\/?s={search_term_string}"},"query-input":{"@type":"PropertyValueSpecification","valueRequired":true,"valueName":"search_term_string"}}],"inLanguage":"de"},{"@type":"Organization","@id":"https:\/\/www.penzion-berc.si\/de\/#organization","name":"Penzion Berc","url":"https:\/\/www.penzion-berc.si\/de\/","logo":{"@type":"ImageObject","inLanguage":"de","@id":"https:\/\/www.penzion-berc.si\/de\/#\/schema\/logo\/image\/","url":"https:\/\/www.penzion-berc.si\/wp-content\/uploads\/2018\/10\/penzion_berc_logo3.png","contentUrl":"https:\/\/www.penzion-berc.si\/wp-content\/uploads\/2018\/10\/penzion_berc_logo3.png","width":271,"height":97,"caption":"Penzion Berc"},"image":{"@id":"https:\/\/www.penzion-berc.si\/de\/#\/schema\/logo\/image\/"},"sameAs":["https:\/\/www.facebook.com\/PenzionBerc\/","https:\/\/www.instagram.com\/penzionberc\/"]}]}},"_links":{"self":[{"href":"https:\/\/www.penzion-berc.si\/de\/wp-json\/wp\/v2\/pages\/28972","targetHints":{"allow":["GET"]}}],"collection":[{"href":"https:\/\/www.penzion-berc.si\/de\/wp-json\/wp\/v2\/pages"}],"about":[{"href":"https:\/\/www.penzion-berc.si\/de\/wp-json\/wp\/v2\/types\/page"}],"author":[{"embeddable":true,"href":"https:\/\/www.penzion-berc.si\/de\/wp-json\/wp\/v2\/users\/3"}],"replies":[{"embeddable":true,"href":"https:\/\/www.penzion-berc.si\/de\/wp-json\/wp\/v2\/comments?post=28972"}],"version-history":[{"count":6,"href":"https:\/\/www.penzion-berc.si\/de\/wp-json\/wp\/v2\/pages\/28972\/revisions"}],"predecessor-version":[{"id":29065,"href":"https:\/\/www.penzion-berc.si\/de\/wp-json\/wp\/v2\/pages\/28972\/revisions\/29065"}],"up":[{"embeddable":true,"href":"https:\/\/www.penzion-berc.si\/de\/wp-json\/wp\/v2\/pages\/8308"}],"wp:featuredmedia":[{"embeddable":true,"href":"https:\/\/www.penzion-berc.si\/de\/wp-json\/wp\/v2\/media\/29042"}],"wp:attachment":[{"href":"https:\/\/www.penzion-berc.si\/de\/wp-json\/wp\/v2\/media?parent=28972"}],"wp:term":[{"taxonomy":"category","embeddable":true,"href":"https:\/\/www.penzion-berc.si\/de\/wp-json\/wp\/v2\/categories?post=28972"}],"curies":[{"name":"wp","href":"https:\/\/api.w.org\/{rel}","templated":true}]}}